{"id":10983,"date":"2025-09-17T06:58:51","date_gmt":"2025-09-17T06:58:51","guid":{"rendered":"https:\/\/auspacekitchenware.com\/?post_type=product&#038;p=10983"},"modified":"2025-09-17T07:35:17","modified_gmt":"2025-09-17T07:35:17","slug":"proveedor-de-botellas-de-agua-deportivas-plegables-de-silicona","status":"publish","type":"product","link":"https:\/\/www.auspacekitchenware.com\/es\/foldable-sports-silicone-water-bottle-supplier\/","title":{"rendered":"Proveedor de botellas de agua deportivas plegables de silicona"},"content":{"rendered":"<h3><span class=\"a-list-item\">Norma de seguridad alimentaria<\/span><\/h3>\n<p><span class=\"a-list-item\"> La botella de agua deportiva plegable de silicona est\u00e1 fabricada con silicona de grado alimentario (cuerpo de la botella) y PP (tap\u00f3n de la botella). Nuestros materiales han superado la certificaci\u00f3n de seguridad alimentaria de EE. UU. (FDA) y no contienen BPA ni otras sustancias nocivas. Seguridad para un amplio rango de temperaturas: de -104 \u00b0F a 392 \u00b0F. Para evitar quemaduras, recomendamos no utilizar la botella con l\u00edquidos a temperaturas superiores a 140 \u00b0F.<\/span><\/p>\n<h3><span class=\"a-list-item\">Portabilidad que ahorra espacio<\/span><\/h3>\n<p><span class=\"a-list-item\"> Esta botella de agua plegable de silicona para deportes es muy liviana y f\u00e1cil de transportar. Las botellas de agua livianas para viajar tienen una capacidad de 470 ml de l\u00edquido. Una vez plegadas, solo ocupan 12 cm (altura) sin ocupar espacio. Esta botella de agua para viajar est\u00e1 equipada con una hebilla de monta\u00f1a, que se puede colgar f\u00e1cilmente en la mochila. Es una buena ayuda para viajar, practicar monta\u00f1ismo al aire libre y correr para mantenerse en forma.<\/span><\/p>\n<h3><span class=\"a-list-item\">Dise\u00f1o a prueba de fugas de 360\u00b0<\/span><\/h3>\n<p><span class=\"a-list-item\"> El proveedor de botellas de agua deportivas plegables de silicona cuenta con un anillo de sellado de silicona integrado para un cierre herm\u00e9tico, lo que evita derrames. Su elegante dise\u00f1o incluye un anillo de silicona suave y flexible que se adapta perfectamente a la tapa, creando un sellado seguro. Puede colocarla de forma segura en su mochila sin preocuparse por las fugas, manteniendo sus art\u00edculos secos.<\/span><\/p>\n<h3><span class=\"a-list-item\">F\u00e1cil de limpiar<\/span><\/h3>\n<p><span class=\"a-list-item\">Esta botella de agua deportiva plegable de silicona viene con una tapa extra\u00edble y un cuerpo extensible, dise\u00f1ada para simplificar la limpieza y mantener la higiene. Al eliminar la necesidad de limpiezas frecuentes y minuciosas, garantiza que su hijo siempre beba de un vaso limpio, lo que promueve una mejor salud y tranquilidad para usted.<\/span><\/p>\n<h3><span class=\"a-list-item\">Integridad duradera bajo presi\u00f3n<\/span><\/h3>\n<p><span class=\"a-list-item\"> Esta botella de agua plegable de silicona para deportes es perfecta para el uso diario. Est\u00e1 dise\u00f1ada para resistir ca\u00eddas y golpes, por lo que no tienes que preocuparte de que se rompa o se raye. Adem\u00e1s, sus caracter\u00edsticas a prueba de golpes y explosiones hacen que mantenga tus bebidas a la temperatura adecuada, incluso despu\u00e9s de una ca\u00edda. \u00a1Es un regalo fant\u00e1stico para los ni\u00f1os durante las vacaciones o en ocasiones especiales!<\/span><\/p>","protected":false},"excerpt":{"rendered":"<table style=\"height: 304px\" width=\"672\">\n<tbody>\n<tr>\n<td>Modelo (n\u00famero de producto):<\/td>\n<td>AU-BT0165<\/td>\n<\/tr>\n<tr>\n<td>Tama\u00f1o del producto:<\/td>\n<td>8 x 22 cm, 355 ml<\/td>\n<\/tr>\n<tr>\n<td>Material del producto:<\/td>\n<td>Silicona<\/td>\n<\/tr>\n<tr>\n<td>Color del producto:<\/td>\n<td>Personalizado<\/td>\n<\/tr>\n<tr>\n<td>Informaci\u00f3n sobre el empaque:<\/td>\n<td>24 piezas por caja<\/td>\n<\/tr>\n<tr>\n<td>Cantidad m\u00ednima de pedido:<\/td>\n<td>3000 unidades<\/td>\n<\/tr>\n<tr>\n<td>Origen:<\/td>\n<td>China<\/td>\n<\/tr>\n<tr>\n<td>Precio:<\/td>\n<td>Negociaci\u00f3n<\/td>\n<\/tr>\n<\/tbody>\n<\/table>","protected":false},"featured_media":10984,"comment_status":"open","ping_status":"closed","template":"","meta":{"_acf_changed":false},"product_brand":[135],"product_cat":[101,20],"product_tag":[],"class_list":{"0":"post-10983","1":"product","2":"type-product","3":"status-publish","4":"has-post-thumbnail","6":"product_brand-auspace","7":"product_cat-silicon-water-bottle","8":"product_cat-water-bottles","9":"pif-has-gallery","11":"first","12":"instock","13":"shipping-taxable","14":"purchasable","15":"product-type-simple"},"acf":[],"_links":{"self":[{"href":"https:\/\/www.auspacekitchenware.com\/es\/wp-json\/wp\/v2\/product\/10983","targetHints":{"allow":["GET"]}}],"collection":[{"href":"https:\/\/www.auspacekitchenware.com\/es\/wp-json\/wp\/v2\/product"}],"about":[{"href":"https:\/\/www.auspacekitchenware.com\/es\/wp-json\/wp\/v2\/types\/product"}],"replies":[{"embeddable":true,"href":"https:\/\/www.auspacekitchenware.com\/es\/wp-json\/wp\/v2\/comments?post=10983"}],"wp:featuredmedia":[{"embeddable":true,"href":"https:\/\/www.auspacekitchenware.com\/es\/wp-json\/wp\/v2\/media\/10984"}],"wp:attachment":[{"href":"https:\/\/www.auspacekitchenware.com\/es\/wp-json\/wp\/v2\/media?parent=10983"}],"wp:term":[{"taxonomy":"product_brand","embeddable":true,"href":"https:\/\/www.auspacekitchenware.com\/es\/wp-json\/wp\/v2\/product_brand?post=10983"},{"taxonomy":"product_cat","embeddable":true,"href":"https:\/\/www.auspacekitchenware.com\/es\/wp-json\/wp\/v2\/product_cat?post=10983"},{"taxonomy":"product_tag","embeddable":true,"href":"https:\/\/www.auspacekitchenware.com\/es\/wp-json\/wp\/v2\/product_tag?post=10983"}],"curies":[{"name":"wp","href":"https:\/\/api.w.org\/{rel}","templated":true}]}}