{"id":11048,"date":"2025-09-17T09:56:08","date_gmt":"2025-09-17T09:56:08","guid":{"rendered":"https:\/\/auspacekitchenware.com\/?post_type=product&#038;p=11048"},"modified":"2025-09-19T07:38:54","modified_gmt":"2025-09-19T07:38:54","slug":"botella-de-agua-con-forma-de-conejito-al-por-mayor","status":"publish","type":"product","link":"https:\/\/www.auspacekitchenware.com\/es\/bunny-shaped-cute-water-bottle-wholesale\/","title":{"rendered":"Botella de agua con forma de conejito al por mayor"},"content":{"rendered":"<h3 class=\"header-vfC6AV auto-hide-last-sibling-br\">Dise\u00f1o divertido para mejorar la imagen de marca<\/h3>\n<div class=\"auto-hide-last-sibling-br paragraph-JOTKXA paragraph-element br-paragraph-space\">La linda botella de agua con forma de conejito al por mayor presenta una adorable silueta de conejito, con lindas orejas y un cuerpo redondeado, para aportar un toque de fantas\u00eda a las iniciativas de marca al por mayor. Este llamativo dise\u00f1o ayuda a las empresas a destacar en los pedidos al por mayor para regalos a clientes, incentivos para empleados o campa\u00f1as promocionales, convirtiendo un art\u00edculo de hidrataci\u00f3n en un activo de marca memorable.<\/div>\n<h3 class=\"header-vfC6AV auto-hide-last-sibling-br\">Personalizaci\u00f3n para branding masivo<\/h3>\n<div class=\"auto-hide-last-sibling-br paragraph-JOTKXA paragraph-element br-paragraph-space\">Esta linda botella de agua con forma de conejito al por mayor permite una gran personalizaci\u00f3n. Las empresas pueden a\u00f1adir logotipos, esl\u00f3ganes o colores de marca a la botella o a su correa ajustable, transformando cada unidad en un anuncio m\u00f3vil. Esta personalizaci\u00f3n aumenta el recuerdo de la marca en eventos corporativos, ferias comerciales o programas de bienestar a gran escala.<\/div>\n<h3 class=\"header-vfC6AV auto-hide-last-sibling-br\">Port\u00e1til y pr\u00e1ctico para usar sobre la marcha<\/h3>\n<div class=\"auto-hide-last-sibling-br paragraph-JOTKXA paragraph-element br-paragraph-space\">Dise\u00f1ada para ofrecer comodidad, esta botella de agua con forma de conejito viene con una correa resistente y ajustable para llevarla sin necesidad de usarla con las manos, lo que la hace ideal para los usuarios finales que est\u00e1n siempre en movimiento. Su tapa abatible a prueba de fugas con pajita garantiza una hidrataci\u00f3n sin derrames en la oficina, durante los viajes o en las salidas, combinando el encanto con la utilidad para los art\u00edculos distribuidos a granel.<\/div>\n<h3 class=\"header-vfC6AV auto-hide-last-sibling-br\">Seguro y duradero para los est\u00e1ndares mayoristas<\/h3>\n<div class=\"auto-hide-last-sibling-br paragraph-JOTKXA paragraph-element br-paragraph-space\">Fabricada con materiales aptos para uso alimentario y sin BPA, la botella de agua con forma de conejito al por mayor cumple con estrictos requisitos de seguridad y durabilidad. Resiste el uso diario, lo que la convierte en una opci\u00f3n confiable para pedidos al por mayor a largo plazo, ya sea para regalos corporativos, reventa al por menor o programas de bienestar para empleados.<\/div>","protected":false},"excerpt":{"rendered":"<table style=\"height: 304px\" width=\"672\">\n<tbody>\n<tr>\n<td>Modelo (n\u00famero de producto):<\/td>\n<td>AU-BT0191<\/td>\n<\/tr>\n<tr>\n<td>Tama\u00f1o del producto:<\/td>\n<td>\u00a015,2 x 9,2 x 19,2 cm, 830 ml<\/td>\n<\/tr>\n<tr>\n<td>Material del producto:<\/td>\n<td>PC + PP + silicona<\/td>\n<\/tr>\n<tr>\n<td>Color del producto:<\/td>\n<td>Personalizado<\/td>\n<\/tr>\n<tr>\n<td>Informaci\u00f3n sobre el empaque:<\/td>\n<td>60 piezas por caja<\/td>\n<\/tr>\n<tr>\n<td>Cantidad m\u00ednima de pedido:<\/td>\n<td>3000 unidades<\/td>\n<\/tr>\n<tr>\n<td>Origen:<\/td>\n<td>China<\/td>\n<\/tr>\n<tr>\n<td>Precio:<\/td>\n<td>Negociaci\u00f3n<\/td>\n<\/tr>\n<\/tbody>\n<\/table>","protected":false},"featured_media":11049,"comment_status":"open","ping_status":"closed","template":"","meta":{"_acf_changed":false},"product_brand":[135],"product_cat":[20,98],"product_tag":[138],"class_list":{"0":"post-11048","1":"product","2":"type-product","3":"status-publish","4":"has-post-thumbnail","6":"product_brand-auspace","7":"product_cat-water-bottles","8":"product_cat-kids-water-bottle","9":"product_tag-popular","10":"pif-has-gallery","12":"first","13":"instock","14":"shipping-taxable","15":"purchasable","16":"product-type-simple"},"acf":[],"_links":{"self":[{"href":"https:\/\/www.auspacekitchenware.com\/es\/wp-json\/wp\/v2\/product\/11048","targetHints":{"allow":["GET"]}}],"collection":[{"href":"https:\/\/www.auspacekitchenware.com\/es\/wp-json\/wp\/v2\/product"}],"about":[{"href":"https:\/\/www.auspacekitchenware.com\/es\/wp-json\/wp\/v2\/types\/product"}],"replies":[{"embeddable":true,"href":"https:\/\/www.auspacekitchenware.com\/es\/wp-json\/wp\/v2\/comments?post=11048"}],"wp:featuredmedia":[{"embeddable":true,"href":"https:\/\/www.auspacekitchenware.com\/es\/wp-json\/wp\/v2\/media\/11049"}],"wp:attachment":[{"href":"https:\/\/www.auspacekitchenware.com\/es\/wp-json\/wp\/v2\/media?parent=11048"}],"wp:term":[{"taxonomy":"product_brand","embeddable":true,"href":"https:\/\/www.auspacekitchenware.com\/es\/wp-json\/wp\/v2\/product_brand?post=11048"},{"taxonomy":"product_cat","embeddable":true,"href":"https:\/\/www.auspacekitchenware.com\/es\/wp-json\/wp\/v2\/product_cat?post=11048"},{"taxonomy":"product_tag","embeddable":true,"href":"https:\/\/www.auspacekitchenware.com\/es\/wp-json\/wp\/v2\/product_tag?post=11048"}],"curies":[{"name":"wp","href":"https:\/\/api.w.org\/{rel}","templated":true}]}}