{"id":11146,"date":"2025-09-19T11:36:33","date_gmt":"2025-09-19T11:36:33","guid":{"rendered":"https:\/\/auspacekitchenware.com\/?post_type=product&#038;p=11146"},"modified":"2025-09-19T11:48:27","modified_gmt":"2025-09-19T11:48:27","slug":"botella-de-agua-portatil-con-forma-de-telefono-retro-y-correa-decorativa","status":"publish","type":"product","link":"https:\/\/www.auspacekitchenware.com\/es\/retro-telephone-shaped-portable-water-bottle-with-decorative-strap\/","title":{"rendered":"Botella de agua port\u00e1til con forma de tel\u00e9fono retro y correa decorativa al por mayor"},"content":{"rendered":"<h3><strong>Dise\u00f1o \u00fanico de tel\u00e9fono retro<\/strong>:<\/h3>\n<p>La botella de agua port\u00e1til con forma de tel\u00e9fono retro cuenta con un dise\u00f1o \u00fanico inspirado en los tel\u00e9fonos antiguos. Su forma y detalles, como el elemento similar al disco giratorio, le aportan un encanto nost\u00e1lgico, lo que la convierte en un accesorio llamativo y divertido.<\/p>\n<h3><strong>C\u00f3moda correa de transporte<\/strong>:<\/h3>\n<p>Equipada con una c\u00f3moda correa de transporte, la botella de agua port\u00e1til con forma de tel\u00e9fono retro es f\u00e1cil de llevar. La correa, con su dise\u00f1o colorido y estampado, le da un toque elegante y permite transportarla sin necesidad de usar las manos.<\/p>\n<h3><strong>Estructura desmontable pr\u00e1ctica<\/strong>:<\/h3>\n<p>Con una pr\u00e1ctica estructura desmontable, la botella de agua port\u00e1til con forma de tel\u00e9fono retro se puede desmontar f\u00e1cilmente para limpiarla. Esto garantiza que todas las piezas se puedan limpiar a fondo, manteniendo la higiene.<\/p>\n<h3><strong>Tapa a prueba de fugas<\/strong>:<\/h3>\n<p>Viene con un tap\u00f3n a prueba de fugas. Este dise\u00f1o evita derrames o fugas, manteniendo tus pertenencias secas cuando la botella de agua port\u00e1til con forma de tel\u00e9fono retro se coloca en una bolsa o se lleva consigo.<\/p>","protected":false},"excerpt":{"rendered":"<table style=\"height: 304px\" width=\"672\">\n<tbody>\n<tr>\n<td>Modelo (n\u00famero de producto):<\/td>\n<td>AU-BT0176<\/td>\n<\/tr>\n<tr>\n<td>Tama\u00f1o del producto:<\/td>\n<td>14,9 x 5 x 16 cm, 400 ml<\/td>\n<\/tr>\n<tr>\n<td>Material del producto:<\/td>\n<td>PC\/ABS\/AS\/silicona\/PP<\/td>\n<\/tr>\n<tr>\n<td>Color del producto:<\/td>\n<td>Personalizado<\/td>\n<\/tr>\n<tr>\n<td>Informaci\u00f3n sobre el empaque:<\/td>\n<td>\u00a060 piezas por caja<\/td>\n<\/tr>\n<tr>\n<td>Cantidad m\u00ednima de pedido:<\/td>\n<td>3000 unidades<\/td>\n<\/tr>\n<tr>\n<td>Origen:<\/td>\n<td>China<\/td>\n<\/tr>\n<tr>\n<td>Precio:<\/td>\n<td>Negociaci\u00f3n<\/td>\n<\/tr>\n<\/tbody>\n<\/table>","protected":false},"featured_media":11148,"comment_status":"open","ping_status":"closed","template":"","meta":{"_acf_changed":false},"product_brand":[145],"product_cat":[98,20],"product_tag":[138],"class_list":{"0":"post-11146","1":"product","2":"type-product","3":"status-publish","4":"has-post-thumbnail","6":"product_brand-ningbo-auspace-international-trade-co","7":"product_cat-kids-water-bottle","8":"product_cat-water-bottles","9":"product_tag-popular","10":"pif-has-gallery","12":"first","13":"instock","14":"shipping-taxable","15":"purchasable","16":"product-type-simple"},"acf":[],"_links":{"self":[{"href":"https:\/\/www.auspacekitchenware.com\/es\/wp-json\/wp\/v2\/product\/11146","targetHints":{"allow":["GET"]}}],"collection":[{"href":"https:\/\/www.auspacekitchenware.com\/es\/wp-json\/wp\/v2\/product"}],"about":[{"href":"https:\/\/www.auspacekitchenware.com\/es\/wp-json\/wp\/v2\/types\/product"}],"replies":[{"embeddable":true,"href":"https:\/\/www.auspacekitchenware.com\/es\/wp-json\/wp\/v2\/comments?post=11146"}],"wp:featuredmedia":[{"embeddable":true,"href":"https:\/\/www.auspacekitchenware.com\/es\/wp-json\/wp\/v2\/media\/11148"}],"wp:attachment":[{"href":"https:\/\/www.auspacekitchenware.com\/es\/wp-json\/wp\/v2\/media?parent=11146"}],"wp:term":[{"taxonomy":"product_brand","embeddable":true,"href":"https:\/\/www.auspacekitchenware.com\/es\/wp-json\/wp\/v2\/product_brand?post=11146"},{"taxonomy":"product_cat","embeddable":true,"href":"https:\/\/www.auspacekitchenware.com\/es\/wp-json\/wp\/v2\/product_cat?post=11146"},{"taxonomy":"product_tag","embeddable":true,"href":"https:\/\/www.auspacekitchenware.com\/es\/wp-json\/wp\/v2\/product_tag?post=11146"}],"curies":[{"name":"wp","href":"https:\/\/api.w.org\/{rel}","templated":true}]}}