{"id":11407,"date":"2025-09-26T05:22:25","date_gmt":"2025-09-26T05:22:25","guid":{"rendered":"https:\/\/auspacekitchenware.com\/?post_type=product&#038;p=11407"},"modified":"2025-09-26T05:35:33","modified_gmt":"2025-09-26T05:35:33","slug":"wok-eficiente-con-tapa-de-vidrio-al-por-mayor","status":"publish","type":"product","link":"https:\/\/www.auspacekitchenware.com\/es\/efficient-wok-with-glass-lid-wholesale\/","title":{"rendered":"Wok eficiente con tapa de vidrio al por mayor"},"content":{"rendered":"<h3 class=\"header-iWP5WJ auto-hide-last-sibling-br\">Superficie antiadherente para cocinar<\/h3>\n<div class=\"auto-hide-last-sibling-br paragraph-pP9ZLC paragraph-element br-paragraph-space\">El wok eficiente con tapa de vidrio al por mayor cuenta con un recubrimiento antiadherente de alta calidad. Esto permite que los alimentos se deslicen f\u00e1cilmente, lo que facilita el salteado, el sofre\u00eddo y la limpieza, ideal para compradores al por mayor que abastecen a cocineros dom\u00e9sticos o restaurantes que desean cocinar sin complicaciones.<\/div>\n<h3 class=\"header-iWP5WJ auto-hide-last-sibling-br\">Distribuci\u00f3n uniforme del calor<\/h3>\n<div class=\"auto-hide-last-sibling-br paragraph-pP9ZLC paragraph-element br-paragraph-space\">Dise\u00f1ado para ofrecer un rendimiento \u00f3ptimo, el wok eficiente con tapa de vidrio al por mayor tiene una base conductora que distribuye el calor de manera uniforme por toda la superficie de cocci\u00f3n. Ya sea que se utilice en estufas de gas, el\u00e9ctricas o de inducci\u00f3n, garantiza resultados de cocci\u00f3n uniformes sin puntos calientes, lo que lo hace adecuado para diversas necesidades culinarias.<\/div>\n<h3 class=\"header-iWP5WJ auto-hide-last-sibling-br\">Tapa de vidrio para monitoreo<\/h3>\n<div class=\"auto-hide-last-sibling-br paragraph-pP9ZLC paragraph-element br-paragraph-space\">Equipado con una tapa de vidrio transparente, el wok eficiente con tapa de vidrio al por mayor le permite vigilar los alimentos mientras se cocinan sin levantar la tapa (lo que ayuda a retener el calor y la humedad). El mango de madera de la tapa se mantiene fr\u00edo, lo que contribuye a un uso seguro y c\u00f3modo.<\/div>\n<h3 class=\"header-iWP5WJ auto-hide-last-sibling-br\">Mango ergon\u00f3mico de madera<\/h3>\n<div class=\"auto-hide-last-sibling-br paragraph-pP9ZLC paragraph-element br-paragraph-space\">El wok eficiente con tapa de vidrio al por mayor viene con un mango de madera ergon\u00f3mico. Proporciona un agarre c\u00f3modo y seguro incluso cuando el wok est\u00e1 lleno, y se mantiene fr\u00edo al tacto durante la cocci\u00f3n, lo que mejora la seguridad y la facilidad de uso para los compradores al por mayor.<\/div>","protected":false},"excerpt":{"rendered":"<table style=\"height: 304px\" width=\"672\">\n<tbody>\n<tr>\n<td>Modelo (n\u00famero de producto):<\/td>\n<td>AU-CW0157<\/td>\n<\/tr>\n<tr>\n<td>Tama\u00f1o del producto:<\/td>\n<td>30 \u00d7 8,5 cm<\/td>\n<\/tr>\n<tr>\n<td>Material del producto:<\/td>\n<td>Aluminio forjado<\/td>\n<\/tr>\n<tr>\n<td>Color del producto:<\/td>\n<td>Personalizado<\/td>\n<\/tr>\n<tr>\n<td>Informaci\u00f3n sobre el empaque:<\/td>\n<td>6 piezas por caja<\/td>\n<\/tr>\n<tr>\n<td>Cantidad m\u00ednima de pedido:<\/td>\n<td>1000 unidades<\/td>\n<\/tr>\n<tr>\n<td>Origen:<\/td>\n<td>China<\/td>\n<\/tr>\n<tr>\n<td>Precio:<\/td>\n<td>Negociaci\u00f3n<\/td>\n<\/tr>\n<\/tbody>\n<\/table>\n<p>&nbsp;<\/p>","protected":false},"featured_media":11410,"comment_status":"open","ping_status":"closed","template":"","meta":{"_acf_changed":false},"product_brand":[],"product_cat":[120,112],"product_tag":[],"class_list":{"0":"post-11407","1":"product","2":"type-product","3":"status-publish","4":"has-post-thumbnail","6":"product_cat-wok","7":"product_cat-cookware","8":"pif-has-gallery","10":"first","11":"instock","12":"shipping-taxable","13":"purchasable","14":"product-type-simple"},"acf":[],"_links":{"self":[{"href":"https:\/\/www.auspacekitchenware.com\/es\/wp-json\/wp\/v2\/product\/11407","targetHints":{"allow":["GET"]}}],"collection":[{"href":"https:\/\/www.auspacekitchenware.com\/es\/wp-json\/wp\/v2\/product"}],"about":[{"href":"https:\/\/www.auspacekitchenware.com\/es\/wp-json\/wp\/v2\/types\/product"}],"replies":[{"embeddable":true,"href":"https:\/\/www.auspacekitchenware.com\/es\/wp-json\/wp\/v2\/comments?post=11407"}],"wp:featuredmedia":[{"embeddable":true,"href":"https:\/\/www.auspacekitchenware.com\/es\/wp-json\/wp\/v2\/media\/11410"}],"wp:attachment":[{"href":"https:\/\/www.auspacekitchenware.com\/es\/wp-json\/wp\/v2\/media?parent=11407"}],"wp:term":[{"taxonomy":"product_brand","embeddable":true,"href":"https:\/\/www.auspacekitchenware.com\/es\/wp-json\/wp\/v2\/product_brand?post=11407"},{"taxonomy":"product_cat","embeddable":true,"href":"https:\/\/www.auspacekitchenware.com\/es\/wp-json\/wp\/v2\/product_cat?post=11407"},{"taxonomy":"product_tag","embeddable":true,"href":"https:\/\/www.auspacekitchenware.com\/es\/wp-json\/wp\/v2\/product_tag?post=11407"}],"curies":[{"name":"wp","href":"https:\/\/api.w.org\/{rel}","templated":true}]}}