{"id":11422,"date":"2025-09-26T05:47:40","date_gmt":"2025-09-26T05:47:40","guid":{"rendered":"https:\/\/auspacekitchenware.com\/?post_type=product&#038;p=11422"},"modified":"2025-09-26T05:54:52","modified_gmt":"2025-09-26T05:54:52","slug":"juego-de-utensilios-de-cocina-desmontables-de-aluminio-prensado-al-por-mayor","status":"publish","type":"product","link":"https:\/\/www.auspacekitchenware.com\/es\/pressed-aluminum-detachable-cookware-set-wholesale\/","title":{"rendered":"Juego de utensilios de cocina desmontables de aluminio prensado al por mayor"},"content":{"rendered":"<p><span class=\"a-list-item\">Experiencia saludable y sin que se pegue: <\/span><\/p>\n<p><span class=\"a-list-item\">Nuestro juego de utensilios de cocina desmontables de aluminio prensado al por mayor est\u00e1 fabricado con aluminio reciclable y respetuoso con el medio ambiente, sin tefl\u00f3n y con garant\u00eda de estar libre de PFAS, PTFE, PFOA, plomo o cadmio. Resistente a las manchas, duradero y con una experiencia de cocci\u00f3n antiadherente superior.<\/span><\/p>\n<p><span class=\"a-list-item\">Dise\u00f1o de mango desmontable: <\/span><\/p>\n<p><span class=\"a-list-item\">La sart\u00e9n se puede convertir en un molde para hornear o un plato con un solo clic, lo que aumenta su versatilidad. El exclusivo mango extra\u00edble ha sido probado profesionalmente para adaptarse a ollas y sartenes con mangos extra\u00edbles sin tener que preocuparse por que se muevan.<\/span><\/p>\n<p><span class=\"a-list-item\">Mejor almacenamiento:<\/span><\/p>\n<p><span class=\"a-list-item\">Juego de utensilios de cocina desmontables de aluminio prensado al por mayor: ahorra hasta 70% de espacio y se puede guardar en un armario o en una autocaravana. Mant\u00e9n las ollas y sartenes perfectamente apiladas en armarios o cajones; adecuado para espacios reducidos, autocaravanas y campistas.<\/span><\/p>\n<p><span class=\"a-list-item\">F\u00e1cil de limpiar:<\/span><\/p>\n<p><span class=\"a-list-item\"> La limpieza es muy f\u00e1cil, nuestros utensilios de cocina se pueden lavar en el lavavajillas, un simple enjuague o un r\u00e1pido frotado elimina sin esfuerzo cualquier residuo, lo que garantiza que tus utensilios de cocina permanezcan impecables y se mantengan en su estado original con facilidad.<\/span><\/p>\n<p><span class=\"a-list-item\">Rendimiento y compatibilidad:<\/span><\/p>\n<p><span class=\"a-list-item\"> Las sartenes antiadherentes est\u00e1n fabricadas con aluminio reciclado, son ligeras pero resistentes, tienen una base plana y gruesa apta para todo tipo de cocinas, se calientan de forma r\u00e1pida y uniforme, y su base de alta permeabilidad permite que los juegos de utensilios de cocina funcionen en todo tipo de cocinas, incluidas las de inducci\u00f3n.<\/span><\/p>","protected":false},"excerpt":{"rendered":"<table style=\"height: 304px\" width=\"672\">\n<tbody>\n<tr>\n<td>Modelo (n\u00famero de producto):<\/td>\n<td>AU-CW0161<\/td>\n<\/tr>\n<tr>\n<td>Tama\u00f1o del producto:<\/td>\n<td>Cacerola de 1 pieza: 18 x 8,5 cm<br \/>\nCazuela de 1 pieza: 20 x 10 cm<br \/>\nSart\u00e9n de 1 pieza: 22 x 5 cm<br \/>\nSart\u00e9n de 1 pieza: 26 x 6 cm<br \/>\nSart\u00e9n de 1 pieza: 26 x 8 cm<br \/>\n1 tapa de vidrio de silicona de 20 cm<br \/>\n1 tapa de vidrio de silicona de 26 cm<br \/>\n1 pieza de mango desmontable<br \/>\nEspesor del material: 2,3 cm<\/td>\n<\/tr>\n<tr>\n<td>Material del producto:<\/td>\n<td>Aluminio forjado<\/td>\n<\/tr>\n<tr>\n<td>Color del producto:<\/td>\n<td>Personalizado<\/td>\n<\/tr>\n<tr>\n<td>Informaci\u00f3n sobre el empaque:<\/td>\n<td>6 piezas por caja<\/td>\n<\/tr>\n<tr>\n<td>Cantidad m\u00ednima de pedido:<\/td>\n<td>1000 unidades<\/td>\n<\/tr>\n<tr>\n<td>Origen:<\/td>\n<td>China<\/td>\n<\/tr>\n<tr>\n<td>Precio:<\/td>\n<td>Negociaci\u00f3n<\/td>\n<\/tr>\n<\/tbody>\n<\/table>\n<p>&nbsp;<\/p>","protected":false},"featured_media":11426,"comment_status":"open","ping_status":"closed","template":"","meta":{"_acf_changed":false},"product_brand":[135],"product_cat":[112,113],"product_tag":[138],"class_list":{"0":"post-11422","1":"product","2":"type-product","3":"status-publish","4":"has-post-thumbnail","6":"product_brand-auspace","7":"product_cat-cookware","8":"product_cat-cookware-set","9":"product_tag-popular","10":"pif-has-gallery","12":"first","13":"instock","14":"shipping-taxable","15":"purchasable","16":"product-type-simple"},"acf":[],"_links":{"self":[{"href":"https:\/\/www.auspacekitchenware.com\/es\/wp-json\/wp\/v2\/product\/11422","targetHints":{"allow":["GET"]}}],"collection":[{"href":"https:\/\/www.auspacekitchenware.com\/es\/wp-json\/wp\/v2\/product"}],"about":[{"href":"https:\/\/www.auspacekitchenware.com\/es\/wp-json\/wp\/v2\/types\/product"}],"replies":[{"embeddable":true,"href":"https:\/\/www.auspacekitchenware.com\/es\/wp-json\/wp\/v2\/comments?post=11422"}],"wp:featuredmedia":[{"embeddable":true,"href":"https:\/\/www.auspacekitchenware.com\/es\/wp-json\/wp\/v2\/media\/11426"}],"wp:attachment":[{"href":"https:\/\/www.auspacekitchenware.com\/es\/wp-json\/wp\/v2\/media?parent=11422"}],"wp:term":[{"taxonomy":"product_brand","embeddable":true,"href":"https:\/\/www.auspacekitchenware.com\/es\/wp-json\/wp\/v2\/product_brand?post=11422"},{"taxonomy":"product_cat","embeddable":true,"href":"https:\/\/www.auspacekitchenware.com\/es\/wp-json\/wp\/v2\/product_cat?post=11422"},{"taxonomy":"product_tag","embeddable":true,"href":"https:\/\/www.auspacekitchenware.com\/es\/wp-json\/wp\/v2\/product_tag?post=11422"}],"curies":[{"name":"wp","href":"https:\/\/api.w.org\/{rel}","templated":true}]}}