{"id":11867,"date":"2025-10-14T07:28:58","date_gmt":"2025-10-14T07:28:58","guid":{"rendered":"https:\/\/auspacekitchenware.com\/?post_type=product&#038;p=11867"},"modified":"2025-10-14T07:40:38","modified_gmt":"2025-10-14T07:40:38","slug":"proveedor-de-loncheras-de-alta-calidad","status":"publish","type":"product","link":"https:\/\/www.auspacekitchenware.com\/es\/premium-compartment-lunch-box-supplier\/","title":{"rendered":"Proveedor de loncheras con compartimentos premium"},"content":{"rendered":"<h3 class=\"header-iWP5WJ auto-hide-last-sibling-br\">Separaci\u00f3n precisa de alimentos<\/h3>\n<div class=\"auto-hide-last-sibling-br paragraph-pP9ZLC paragraph-element br-paragraph-space\">La lonchera con compartimentos Premium cuenta con tres secciones diferenciadas. Esto le permite organizar de forma ordenada los platos principales, las guarniciones y los aperitivos sin que se mezclen los sabores. Su dise\u00f1o favorece una planificaci\u00f3n equilibrada de las comidas, ya que facilita la preparaci\u00f3n de una gran variedad de alimentos, desde cereales y prote\u00ednas hasta frutas y verduras, para disfrutar de una experiencia gastron\u00f3mica nutritiva y agradable.<\/div>\n<h3 class=\"header-iWP5WJ auto-hide-last-sibling-br\">Sistema de sellado a prueba de fugas<\/h3>\n<div class=\"auto-hide-last-sibling-br paragraph-pP9ZLC paragraph-element br-paragraph-space\">La lonchera con compartimentos Premium viene con una tapa transparente y herm\u00e9tica que se cierra con clips rosas. Este dise\u00f1o evita fugas y derrames, incluso cuando se transportan l\u00edquidos como sopas o salsas. Puede llevarla con confianza en su bolso, sabiendo que su comida y sus pertenencias permanecer\u00e1n intactas durante todo el d\u00eda.<\/div>\n<h3 class=\"header-iWP5WJ auto-hide-last-sibling-br\">Dise\u00f1o elegante y port\u00e1til<\/h3>\n<div class=\"auto-hide-last-sibling-br paragraph-pP9ZLC paragraph-element br-paragraph-space\">La lonchera Premium Compartment Lunch Box Supplier cuenta con un elegante exterior rosa que a\u00f1ade un toque de estilo a tu rutina alimentaria. Su forma compacta y cuadrada cabe f\u00e1cilmente en mochilas, bolsas de comida o bolsos, lo que la hace ideal para quienes se desplazan diariamente al trabajo, estudiantes o cualquier persona que necesite una soluci\u00f3n pr\u00e1ctica para comer fuera de casa.<\/div>\n<h3 class=\"header-iWP5WJ auto-hide-last-sibling-br\">Construcci\u00f3n duradera y f\u00e1cil de limpiar<\/h3>\n<div class=\"auto-hide-last-sibling-br paragraph-pP9ZLC paragraph-element br-paragraph-space\">La lonchera con compartimentos Premium est\u00e1 fabricada con materiales de alta calidad aptos para uso alimentario. Resiste el desgaste diario, incluidos los golpes accidentales y la limpieza regular, sin sufrir da\u00f1os. Sus superficies lisas son f\u00e1ciles de limpiar: basta con lavarlas con agua y jab\u00f3n o meter los componentes en el lavavajillas para una limpieza a fondo.<\/div>","protected":false},"excerpt":{"rendered":"<table style=\"height: 304px\" width=\"672\">\n<tbody>\n<tr>\n<td>Modelo (n\u00famero de producto):<\/td>\n<td>AU-LB0089<\/td>\n<\/tr>\n<tr>\n<td>Tama\u00f1o del producto<\/td>\n<td>20,1*5,3*25,3 cm 1 l<\/td>\n<\/tr>\n<tr>\n<td>Material del producto:<\/td>\n<td>AS+PP+SS304<\/td>\n<\/tr>\n<tr>\n<td>Color del producto:<\/td>\n<td>Personalizado<\/td>\n<\/tr>\n<tr>\n<td>Informaci\u00f3n sobre el empaque:<\/td>\n<td>\u00a024 piezas por caja<\/td>\n<\/tr>\n<tr>\n<td>Cantidad m\u00ednima de pedido:<\/td>\n<td>3000 unidades<\/td>\n<\/tr>\n<tr>\n<td>Origen:<\/td>\n<td>China<\/td>\n<\/tr>\n<tr>\n<td>Precio:<\/td>\n<td>Negociaci\u00f3n<\/td>\n<\/tr>\n<\/tbody>\n<\/table>","protected":false},"featured_media":11868,"comment_status":"open","ping_status":"closed","template":"","meta":{"_acf_changed":false},"product_brand":[135],"product_cat":[102,90],"product_tag":[],"class_list":{"0":"post-11867","1":"product","2":"type-product","3":"status-publish","4":"has-post-thumbnail","6":"product_brand-auspace","7":"product_cat-lunch-box","8":"product_cat-stainless-steel-lunch-box","9":"pif-has-gallery","11":"first","12":"instock","13":"shipping-taxable","14":"purchasable","15":"product-type-simple"},"acf":[],"_links":{"self":[{"href":"https:\/\/www.auspacekitchenware.com\/es\/wp-json\/wp\/v2\/product\/11867","targetHints":{"allow":["GET"]}}],"collection":[{"href":"https:\/\/www.auspacekitchenware.com\/es\/wp-json\/wp\/v2\/product"}],"about":[{"href":"https:\/\/www.auspacekitchenware.com\/es\/wp-json\/wp\/v2\/types\/product"}],"replies":[{"embeddable":true,"href":"https:\/\/www.auspacekitchenware.com\/es\/wp-json\/wp\/v2\/comments?post=11867"}],"wp:featuredmedia":[{"embeddable":true,"href":"https:\/\/www.auspacekitchenware.com\/es\/wp-json\/wp\/v2\/media\/11868"}],"wp:attachment":[{"href":"https:\/\/www.auspacekitchenware.com\/es\/wp-json\/wp\/v2\/media?parent=11867"}],"wp:term":[{"taxonomy":"product_brand","embeddable":true,"href":"https:\/\/www.auspacekitchenware.com\/es\/wp-json\/wp\/v2\/product_brand?post=11867"},{"taxonomy":"product_cat","embeddable":true,"href":"https:\/\/www.auspacekitchenware.com\/es\/wp-json\/wp\/v2\/product_cat?post=11867"},{"taxonomy":"product_tag","embeddable":true,"href":"https:\/\/www.auspacekitchenware.com\/es\/wp-json\/wp\/v2\/product_tag?post=11867"}],"curies":[{"name":"wp","href":"https:\/\/api.w.org\/{rel}","templated":true}]}}