{"id":11909,"date":"2025-10-14T08:23:09","date_gmt":"2025-10-14T08:23:09","guid":{"rendered":"https:\/\/auspacekitchenware.com\/?post_type=product&#038;p=11909"},"modified":"2025-10-14T08:37:11","modified_gmt":"2025-10-14T08:37:11","slug":"envases-para-alimentos-japoneses-sin-bpa-al-por-mayor","status":"publish","type":"product","link":"https:\/\/www.auspacekitchenware.com\/es\/bpa-free-japanese-food-containers-wholesale\/","title":{"rendered":"Venta al por mayor de envases para alimentos japoneses sin BPA"},"content":{"rendered":"<h3><span class=\"a-list-item\">\u00a1Tus comidas se merecen una caja bento premium! <\/span><\/h3>\n<p><span class=\"a-list-item\">Los envases para alimentos japoneses sin BPA al por mayor tienen una capacidad de 590 ml, 2 tapas de silicona herm\u00e9ticas, un separador, un recipiente para salsas, palillos, tenedor, cuchara, cuchillo y una cinta de cierre herm\u00e9tico.<\/span><\/p>\n<h3><span class=\"a-list-item\">AQU\u00cd NO SE PERMITEN LAS GUERRAS DE COMIDA<\/span><\/h3>\n<p><span class=\"a-list-item\">Estos envases para alimentos japoneses sin BPA al por mayor le ayudan a controlar f\u00e1cilmente las porciones mientras planifica una dieta equilibrada. Estas cajas bento para adultos cuentan con un dise\u00f1o de volumen razonable que permite guardar suficiente comida para todos.<\/span><\/p>\n<h3><span class=\"a-list-item\">SIN DERRAMES, SOLO EMOCIONES<\/span><\/h3>\n<p><span class=\"a-list-item\">Tus envases para comida japonesa sin BPA al por mayor tienen un anillo de silicona alrededor de la tapa que garantiza un cierre herm\u00e9tico y a prueba de fugas, mientras que las cuatro hebillas aptas para ni\u00f1os aseguran un cierre seguro y una apertura sin esfuerzo. As\u00ed podr\u00e1s llevar tus comidas sin preocuparte por los derrames.<\/span><\/p>\n<h3><span class=\"a-list-item\">INCLUSO TU PEZ DE AQUARIO LO APROBAR\u00cdA<\/span><\/h3>\n<p><span class=\"a-list-item\">Estos envases para alimentos japoneses sin BPA al por mayor son perfectos para profesionales ocupados, entusiastas del fitness y cualquier persona que disfrute de una comida saludable sobre la marcha. Ya sea para el trabajo, los viajes, la guarder\u00eda, los picnics, el campamento, el gimnasio, las salidas familiares, los d\u00edas de playa, los viajes por carretera o para guardar las sobras, se adapta a todas las edades y estilos de vida.<\/span><\/p>\n<p>&nbsp;<\/p>","protected":false},"excerpt":{"rendered":"<table style=\"height: 304px\" width=\"672\">\n<tbody>\n<tr>\n<td>Modelo (n\u00famero de producto):<\/td>\n<td>AU-LB00103<\/td>\n<\/tr>\n<tr>\n<td>Tama\u00f1o del producto:<\/td>\n<td>19,5 x 12 x 6,5 cm<\/td>\n<\/tr>\n<tr>\n<td>Material del producto:<\/td>\n<td>PP<\/td>\n<\/tr>\n<tr>\n<td>Color del producto:<\/td>\n<td>Personalizado<\/td>\n<\/tr>\n<tr>\n<td>Informaci\u00f3n sobre el empaque:<\/td>\n<td>24 piezas por caja<\/td>\n<\/tr>\n<tr>\n<td>Cantidad m\u00ednima de pedido:<\/td>\n<td>3000 unidades<\/td>\n<\/tr>\n<tr>\n<td>Origen:<\/td>\n<td>China<\/td>\n<\/tr>\n<tr>\n<td>Precio:<\/td>\n<td>Negociaci\u00f3n<\/td>\n<\/tr>\n<\/tbody>\n<\/table>","protected":false},"featured_media":11913,"comment_status":"open","ping_status":"closed","template":"","meta":{"_acf_changed":false},"product_brand":[135],"product_cat":[89,102],"product_tag":[],"class_list":{"0":"post-11909","1":"product","2":"type-product","3":"status-publish","4":"has-post-thumbnail","6":"product_brand-auspace","7":"product_cat-plastic-lunch-box","8":"product_cat-lunch-box","9":"pif-has-gallery","11":"first","12":"instock","13":"shipping-taxable","14":"purchasable","15":"product-type-simple"},"acf":[],"_links":{"self":[{"href":"https:\/\/www.auspacekitchenware.com\/es\/wp-json\/wp\/v2\/product\/11909","targetHints":{"allow":["GET"]}}],"collection":[{"href":"https:\/\/www.auspacekitchenware.com\/es\/wp-json\/wp\/v2\/product"}],"about":[{"href":"https:\/\/www.auspacekitchenware.com\/es\/wp-json\/wp\/v2\/types\/product"}],"replies":[{"embeddable":true,"href":"https:\/\/www.auspacekitchenware.com\/es\/wp-json\/wp\/v2\/comments?post=11909"}],"wp:featuredmedia":[{"embeddable":true,"href":"https:\/\/www.auspacekitchenware.com\/es\/wp-json\/wp\/v2\/media\/11913"}],"wp:attachment":[{"href":"https:\/\/www.auspacekitchenware.com\/es\/wp-json\/wp\/v2\/media?parent=11909"}],"wp:term":[{"taxonomy":"product_brand","embeddable":true,"href":"https:\/\/www.auspacekitchenware.com\/es\/wp-json\/wp\/v2\/product_brand?post=11909"},{"taxonomy":"product_cat","embeddable":true,"href":"https:\/\/www.auspacekitchenware.com\/es\/wp-json\/wp\/v2\/product_cat?post=11909"},{"taxonomy":"product_tag","embeddable":true,"href":"https:\/\/www.auspacekitchenware.com\/es\/wp-json\/wp\/v2\/product_tag?post=11909"}],"curies":[{"name":"wp","href":"https:\/\/api.w.org\/{rel}","templated":true}]}}