{"id":11916,"date":"2025-10-15T01:22:30","date_gmt":"2025-10-15T01:22:30","guid":{"rendered":"https:\/\/auspacekitchenware.com\/?post_type=product&#038;p=11916"},"modified":"2025-10-15T05:39:19","modified_gmt":"2025-10-15T05:39:19","slug":"venta-al-por-mayor-de-recipientes-para-alimentos-de-acero-inoxidable","status":"publish","type":"product","link":"https:\/\/www.auspacekitchenware.com\/es\/stainless-steel-food-containers-wholesale\/","title":{"rendered":"Venta al por mayor de loncheras de acero inoxidable"},"content":{"rendered":"<h3>Materiales seguros para alimentos y duraderos<\/h3>\n<p>Fabricadas con pl\u00e1stico apto para uso alimentario y sin BPA, nuestras loncheras garantizan seguridad y un uso prolongado. Como distribuidor confiable de loncheras de acero inoxidable al por mayor, ofrecemos personalizaci\u00f3n OEM: puede imprimir el logotipo de su marca, personalizar los colores o ajustar los dise\u00f1os para que se adapten a su posicionamiento en el mercado.<\/p>\n<h3><strong>Dise\u00f1o innovador, a prueba de fugas y organizado<\/strong><\/h3>\n<p>El cierre herm\u00e9tico evita derrames, mientras que las capas compartimentadas mantienen las comidas frescas y separadas. Para los compradores mayoristas de loncheras de acero inoxidable, ofrecemos precios competitivos por volumen, optimizando su rentabilidad y m\u00e1rgenes de ganancia.<\/p>\n<h3><strong>Soluciones de personalizaci\u00f3n flexibles<\/strong><\/h3>\n<p>M\u00e1s all\u00e1 de los modelos est\u00e1ndar, ofrecemos formas, tama\u00f1os y empaques personalizados. Ya sea que necesite lotes de prueba peque\u00f1os o producci\u00f3n a gran escala, nuestro equipo se adapta r\u00e1pidamente a sus requisitos \u00fanicos.<\/p>\n<h3><strong>S\u00f3lido apoyo a la producci\u00f3n y las pruebas<\/strong><\/h3>\n<p>Con una capacidad mensual de 50,000 unidades, garantizamos la entrega puntual de pedidos de gran volumen. Tambi\u00e9n ofrecemos muestras gratuitas para ayudarle a evaluar la calidad sin riesgos, una ventaja esencial para los socios B2B que prueban nuevos productos.<\/p>\n<p>&nbsp;<\/p>","protected":false},"excerpt":{"rendered":"<table style=\"height: 304px\" width=\"672\">\n<tbody>\n<tr>\n<td>Modelo (n\u00famero de producto):<\/td>\n<td>AU-LB0092<\/td>\n<\/tr>\n<tr>\n<td>Tama\u00f1o del producto:<\/td>\n<td>21,5 x 11,5 x 10,5 cm<\/td>\n<\/tr>\n<tr>\n<td>Material del producto:<\/td>\n<td>PP + ABS + SILICONA + SS304<\/td>\n<\/tr>\n<tr>\n<td>Color del producto:<\/td>\n<td>Personalizado<\/td>\n<\/tr>\n<tr>\n<td>Informaci\u00f3n sobre el empaque:<\/td>\n<td>24 piezas por caja<\/td>\n<\/tr>\n<tr>\n<td>Cantidad m\u00ednima de pedido:<\/td>\n<td>3000 unidades<\/td>\n<\/tr>\n<tr>\n<td>Origen:<\/td>\n<td>China<\/td>\n<\/tr>\n<tr>\n<td>Precio:<\/td>\n<td>Negociaci\u00f3n<\/td>\n<\/tr>\n<\/tbody>\n<\/table>","protected":false},"featured_media":11917,"comment_status":"open","ping_status":"closed","template":"","meta":{"_acf_changed":false},"product_brand":[135],"product_cat":[90,102],"product_tag":[],"class_list":{"0":"post-11916","1":"product","2":"type-product","3":"status-publish","4":"has-post-thumbnail","6":"product_brand-auspace","7":"product_cat-stainless-steel-lunch-box","8":"product_cat-lunch-box","9":"pif-has-gallery","11":"first","12":"instock","13":"shipping-taxable","14":"purchasable","15":"product-type-simple"},"acf":[],"_links":{"self":[{"href":"https:\/\/www.auspacekitchenware.com\/es\/wp-json\/wp\/v2\/product\/11916","targetHints":{"allow":["GET"]}}],"collection":[{"href":"https:\/\/www.auspacekitchenware.com\/es\/wp-json\/wp\/v2\/product"}],"about":[{"href":"https:\/\/www.auspacekitchenware.com\/es\/wp-json\/wp\/v2\/types\/product"}],"replies":[{"embeddable":true,"href":"https:\/\/www.auspacekitchenware.com\/es\/wp-json\/wp\/v2\/comments?post=11916"}],"wp:featuredmedia":[{"embeddable":true,"href":"https:\/\/www.auspacekitchenware.com\/es\/wp-json\/wp\/v2\/media\/11917"}],"wp:attachment":[{"href":"https:\/\/www.auspacekitchenware.com\/es\/wp-json\/wp\/v2\/media?parent=11916"}],"wp:term":[{"taxonomy":"product_brand","embeddable":true,"href":"https:\/\/www.auspacekitchenware.com\/es\/wp-json\/wp\/v2\/product_brand?post=11916"},{"taxonomy":"product_cat","embeddable":true,"href":"https:\/\/www.auspacekitchenware.com\/es\/wp-json\/wp\/v2\/product_cat?post=11916"},{"taxonomy":"product_tag","embeddable":true,"href":"https:\/\/www.auspacekitchenware.com\/es\/wp-json\/wp\/v2\/product_tag?post=11916"}],"curies":[{"name":"wp","href":"https:\/\/api.w.org\/{rel}","templated":true}]}}