{"id":11942,"date":"2025-10-15T06:50:47","date_gmt":"2025-10-15T06:50:47","guid":{"rendered":"https:\/\/auspacekitchenware.com\/?post_type=product&#038;p=11942"},"modified":"2025-10-15T06:53:18","modified_gmt":"2025-10-15T06:53:18","slug":"fabricacion-de-cajas-rectangulares-para-bento-tongle","status":"publish","type":"product","link":"https:\/\/www.auspacekitchenware.com\/es\/tongle-rectangular-bento-box-manufacture\/","title":{"rendered":"CAJA BENTO RECTANGULAR TONGLE Fabricaci\u00f3n"},"content":{"rendered":"<h3>Un compa\u00f1ero elegante y pr\u00e1ctico<\/h3>\n<p>\u00a1Te presentamos tu nuevo imprescindible para la hora de comer, la CAJA BENTO RECTANGULAR TONGLE! Con su dise\u00f1o moderno y su estructura ligera, esta lonchera cabe f\u00e1cilmente en tu mochila, lo que te garantiza poder llevar contigo comidas saludables y deliciosas all\u00e1 donde vayas, ya sea al trabajo, a la escuela o a disfrutar de un d\u00eda al aire libre.<\/p>\n<h3>Soluciones inteligentes de almacenamiento<\/h3>\n<p>\u00a1Mejora la preparaci\u00f3n de tus comidas con la CAJA BENTO RECTANGULAR TONGLE! Dise\u00f1ada para tu comodidad, esta lonchera cuenta con m\u00faltiples compartimentos para mantener tus alimentos separados y frescos. Desde cereales y prote\u00ednas hasta frutas y bocadillos, disfruta de comidas equilibradas sin preocuparte de que los sabores se mezclen.<\/p>\n<h3>Caracter\u00edsticas preparadas para la aventura<\/h3>\n<p>\u00bfTe preocupan los derrames y los desastres? \u00a1La CAJA BENTO RECTANGULAR TONGLE est\u00e1 aqu\u00ed para rescatarte! Su tapa segura y a prueba de fugas garantiza que tus comidas se mantengan intactas, lo que la hace perfecta para los desplazamientos al trabajo o las excursiones al aire libre. \u00a1Desp\u00eddete de los percances a la hora del almuerzo y dale la bienvenida a una comida sin estr\u00e9s!<\/p>\n<h3>Ideal para cualquier estilo de vida<\/h3>\n<p>Tanto si est\u00e1s preparando la comida para una semana ajetreada como si est\u00e1s preparando un delicioso picnic, la CAJA BENTO RECTANGULAR TONGLE se adapta a cualquier situaci\u00f3n. Es apta para alimentos fr\u00edos o calientes, lo que la convierte en una opci\u00f3n ideal para todo, desde sopas sustanciosas hasta ensaladas frescas, permiti\u00e9ndote disfrutar de comidas nutritivas sobre la marcha.<\/p>\n<h3>Una elecci\u00f3n de regalo bien pensada<\/h3>\n<p>\u00bfBuscas un regalo pr\u00e1ctico y elegante? La CAJA BENTO RECTANGULAR TONGLE es una excelente opci\u00f3n para amigos, familiares o compa\u00f1eros de trabajo que aprecian un estilo de vida saludable. Su dise\u00f1o \u00fanico, su funcionalidad y sus materiales ecol\u00f3gicos la convierten en un regalo muy considerado que demuestra tu preocupaci\u00f3n por su bienestar.<\/p>","protected":false},"excerpt":{"rendered":"<table style=\"height: 304px\" width=\"672\">\n<tbody>\n<tr>\n<td>Modelo (n\u00famero de producto):<\/td>\n<td>AU-LB0107<\/td>\n<\/tr>\n<tr>\n<td>Tama\u00f1o del producto:<\/td>\n<td>19,7 x 14,5 x 7,2 cm<\/td>\n<\/tr>\n<tr>\n<td>Material del producto:<\/td>\n<td>PP + silicona<\/td>\n<\/tr>\n<tr>\n<td>Color del producto:<\/td>\n<td>Personalizado<\/td>\n<\/tr>\n<tr>\n<td>Informaci\u00f3n sobre el empaque:<\/td>\n<td>24 piezas por caja<\/td>\n<\/tr>\n<tr>\n<td>Cantidad m\u00ednima de pedido:<\/td>\n<td>500 unidades<\/td>\n<\/tr>\n<tr>\n<td>Origen:<\/td>\n<td>China<\/td>\n<\/tr>\n<tr>\n<td>Precio:<\/td>\n<td>Negociaci\u00f3n<\/td>\n<\/tr>\n<\/tbody>\n<\/table>","protected":false},"featured_media":11944,"comment_status":"open","ping_status":"closed","template":"","meta":{"_acf_changed":false},"product_brand":[135],"product_cat":[89,102],"product_tag":[165],"class_list":{"0":"post-11942","1":"product","2":"type-product","3":"status-publish","4":"has-post-thumbnail","6":"product_brand-auspace","7":"product_cat-plastic-lunch-box","8":"product_cat-lunch-box","9":"product_tag-rectangular-box","10":"pif-has-gallery","12":"first","13":"instock","14":"shipping-taxable","15":"purchasable","16":"product-type-simple"},"acf":[],"_links":{"self":[{"href":"https:\/\/www.auspacekitchenware.com\/es\/wp-json\/wp\/v2\/product\/11942","targetHints":{"allow":["GET"]}}],"collection":[{"href":"https:\/\/www.auspacekitchenware.com\/es\/wp-json\/wp\/v2\/product"}],"about":[{"href":"https:\/\/www.auspacekitchenware.com\/es\/wp-json\/wp\/v2\/types\/product"}],"replies":[{"embeddable":true,"href":"https:\/\/www.auspacekitchenware.com\/es\/wp-json\/wp\/v2\/comments?post=11942"}],"wp:featuredmedia":[{"embeddable":true,"href":"https:\/\/www.auspacekitchenware.com\/es\/wp-json\/wp\/v2\/media\/11944"}],"wp:attachment":[{"href":"https:\/\/www.auspacekitchenware.com\/es\/wp-json\/wp\/v2\/media?parent=11942"}],"wp:term":[{"taxonomy":"product_brand","embeddable":true,"href":"https:\/\/www.auspacekitchenware.com\/es\/wp-json\/wp\/v2\/product_brand?post=11942"},{"taxonomy":"product_cat","embeddable":true,"href":"https:\/\/www.auspacekitchenware.com\/es\/wp-json\/wp\/v2\/product_cat?post=11942"},{"taxonomy":"product_tag","embeddable":true,"href":"https:\/\/www.auspacekitchenware.com\/es\/wp-json\/wp\/v2\/product_tag?post=11942"}],"curies":[{"name":"wp","href":"https:\/\/api.w.org\/{rel}","templated":true}]}}