{"id":11980,"date":"2025-10-15T07:49:19","date_gmt":"2025-10-15T07:49:19","guid":{"rendered":"https:\/\/auspacekitchenware.com\/?post_type=product&#038;p=11980"},"modified":"2025-10-15T08:02:58","modified_gmt":"2025-10-15T08:02:58","slug":"proveedor-de-recipientes-para-almacenar-alimentos","status":"publish","type":"product","link":"https:\/\/www.auspacekitchenware.com\/es\/food-storage-container-supplier\/","title":{"rendered":"Proveedor de recipientes para almacenar alimentos"},"content":{"rendered":"<h3 class=\"header-vfC6AV auto-hide-last-sibling-br\">\u00a0Cumplimiento de las normas alimentarias y garant\u00eda de seguridad<\/h3>\n<div class=\"auto-hide-last-sibling-br paragraph-JOTKXA paragraph-element br-paragraph-space\">Como fabricante directo de f\u00e1brica, nuestros contenedores de almacenamiento est\u00e1n fabricados con pl\u00e1stico sin BPA aprobado por la FDA y certificados por LFGB, SGS y otras normas internacionales. Para los distribuidores mayoristas y proveedores de restaurantes, esto elimina los riesgos de incumplimiento normativo, lo que garantiza que los usuarios finales conf\u00eden en sus productos.<\/div>\n<h3 class=\"header-vfC6AV auto-hide-last-sibling-br\">Dise\u00f1o innovador con m\u00faltiples compartimentos<\/h3>\n<div class=\"auto-hide-last-sibling-br paragraph-JOTKXA paragraph-element br-paragraph-space\">Nuestros envases cuentan con una pr\u00e1ctica estructura dividida en compartimentos que mantiene los alimentos frescos y organizados, al tiempo que maximiza el espacio. Este dise\u00f1o resulta atractivo tanto para los consumidores dom\u00e9sticos como para las empresas de preparaci\u00f3n de comidas y los vendedores de comercio electr\u00f3nico. Como proveedores, le ayudamos a satisfacer las diversas necesidades del mercado con un producto vers\u00e1til y f\u00e1cil de usar, ideal para marcas privadas o colaboraciones OEM.<\/div>\n<h3 class=\"header-vfC6AV auto-hide-last-sibling-br\">Soluciones OEM personalizadas para la diferenciaci\u00f3n de marca<\/h3>\n<div class=\"auto-hide-last-sibling-br paragraph-JOTKXA paragraph-element br-paragraph-space\">Destaque con contenedores totalmente personalizables. Ofrecemos servicios OEM, desde el grabado de logotipos y la combinaci\u00f3n de colores hasta ajustes de tama\u00f1o. Tanto si es una empresa emergente como un exportador consolidado, nuestra personalizaci\u00f3n flexible le permite crear una l\u00ednea de productos \u00fanica. Comparta su visi\u00f3n de dise\u00f1o y la convertiremos en realidad con precisi\u00f3n.<\/div>\n<h3 class=\"header-vfC6AV auto-hide-last-sibling-br\">Eficiencia en pedidos masivos y precios directos de f\u00e1brica<\/h3>\n<div class=\"auto-hide-last-sibling-br paragraph-JOTKXA paragraph-element br-paragraph-space\">Disfrute de precios competitivos al por mayor sin intermediarios: somos un proveedor directo de f\u00e1brica. Los pedidos al por mayor se benefician de descuentos por niveles, lo que reduce sus costos de adquisici\u00f3n. Nuestras eficientes l\u00edneas de producci\u00f3n garantizan una r\u00e1pida entrega (normalmente entre 15 y 30 d\u00edas para pedidos al por mayor), lo que le ayuda a planificar su inventario y a hacer crecer su negocio.<\/div>","protected":false},"excerpt":{"rendered":"<table style=\"height: 304px\" width=\"672\">\n<tbody>\n<tr>\n<td>Modelo (n\u00famero de producto):<\/td>\n<td>AU-LB0095<\/td>\n<\/tr>\n<tr>\n<td>Tama\u00f1o del producto:<\/td>\n<td>20,3 x 15,3 x 6,6 cm 2,36 l<\/td>\n<\/tr>\n<tr>\n<td>Material del producto:<\/td>\n<td>PP+TPR<\/td>\n<\/tr>\n<tr>\n<td>Color del producto:<\/td>\n<td>Personalizado<\/td>\n<\/tr>\n<tr>\n<td>Informaci\u00f3n sobre el empaque:<\/td>\n<td>24 piezas por caja<\/td>\n<\/tr>\n<tr>\n<td>Cantidad m\u00ednima de pedido:<\/td>\n<td>3000 unidades<\/td>\n<\/tr>\n<tr>\n<td>Origen:<\/td>\n<td>China<\/td>\n<\/tr>\n<tr>\n<td>Precio:<\/td>\n<td>Negociaci\u00f3n<\/td>\n<\/tr>\n<\/tbody>\n<\/table>","protected":false},"featured_media":11985,"comment_status":"open","ping_status":"closed","template":"","meta":{"_acf_changed":false},"product_brand":[135],"product_cat":[89,102],"product_tag":[158],"class_list":{"0":"post-11980","1":"product","2":"type-product","3":"status-publish","4":"has-post-thumbnail","6":"product_brand-auspace","7":"product_cat-plastic-lunch-box","8":"product_cat-lunch-box","9":"product_tag-plastic","10":"pif-has-gallery","12":"first","13":"instock","14":"shipping-taxable","15":"purchasable","16":"product-type-simple"},"acf":[],"_links":{"self":[{"href":"https:\/\/www.auspacekitchenware.com\/es\/wp-json\/wp\/v2\/product\/11980","targetHints":{"allow":["GET"]}}],"collection":[{"href":"https:\/\/www.auspacekitchenware.com\/es\/wp-json\/wp\/v2\/product"}],"about":[{"href":"https:\/\/www.auspacekitchenware.com\/es\/wp-json\/wp\/v2\/types\/product"}],"replies":[{"embeddable":true,"href":"https:\/\/www.auspacekitchenware.com\/es\/wp-json\/wp\/v2\/comments?post=11980"}],"wp:featuredmedia":[{"embeddable":true,"href":"https:\/\/www.auspacekitchenware.com\/es\/wp-json\/wp\/v2\/media\/11985"}],"wp:attachment":[{"href":"https:\/\/www.auspacekitchenware.com\/es\/wp-json\/wp\/v2\/media?parent=11980"}],"wp:term":[{"taxonomy":"product_brand","embeddable":true,"href":"https:\/\/www.auspacekitchenware.com\/es\/wp-json\/wp\/v2\/product_brand?post=11980"},{"taxonomy":"product_cat","embeddable":true,"href":"https:\/\/www.auspacekitchenware.com\/es\/wp-json\/wp\/v2\/product_cat?post=11980"},{"taxonomy":"product_tag","embeddable":true,"href":"https:\/\/www.auspacekitchenware.com\/es\/wp-json\/wp\/v2\/product_tag?post=11980"}],"curies":[{"name":"wp","href":"https:\/\/api.w.org\/{rel}","templated":true}]}}