{"id":12106,"date":"2025-10-21T08:09:42","date_gmt":"2025-10-21T08:09:42","guid":{"rendered":"https:\/\/auspacekitchenware.com\/?post_type=product&#038;p=12106"},"modified":"2025-10-21T08:27:18","modified_gmt":"2025-10-21T08:27:18","slug":"accesorios-para-loncheras-transparentes-con-multiples-compartimentos-al-por-mayor","status":"publish","type":"product","link":"https:\/\/www.auspacekitchenware.com\/es\/transparent-multi-compartment-lunch-box-accessories-wholesale\/","title":{"rendered":"Lunch box transparente con varios compartimentos y accesorios para venta al por mayor"},"content":{"rendered":"<h3 class=\"header-vfC6AV auto-hide-last-sibling-br\">Est\u00e9tica limpia y transparente<\/h3>\n<div class=\"auto-hide-last-sibling-br paragraph-JOTKXA paragraph-element br-paragraph-space\">Esta lonchera transparente con m\u00faltiples compartimentos presenta una est\u00e9tica limpia y transparente con detalles en color verde azulado. El cuerpo transparente permite ver f\u00e1cilmente el contenido, mientras que los detalles en verde azulado a\u00f1aden un toque fresco y moderno. Es una opci\u00f3n elegante para quienes valoran tanto la funcionalidad como un aspecto elegante.<\/div>\n<h3 class=\"header-vfC6AV auto-hide-last-sibling-br\">Dise\u00f1o vers\u00e1til con m\u00faltiples compartimentos<\/h3>\n<div class=\"auto-hide-last-sibling-br paragraph-JOTKXA paragraph-element br-paragraph-space\">Con un dise\u00f1o vers\u00e1til de m\u00faltiples compartimentos, esta lonchera transparente permite organizar de manera eficiente diferentes alimentos. Incluye secciones separadas y un peque\u00f1o recipiente para accesorios, perfecto para guardar platos principales, acompa\u00f1amientos, bocadillos y condimentos. Esto ayuda a mantener los alimentos frescos y evita que los sabores se mezclen, lo que garantiza una experiencia gastron\u00f3mica agradable.<\/div>\n<h3 class=\"header-vfC6AV auto-hide-last-sibling-br\">Recipiente para salsa incluido<\/h3>\n<div class=\"auto-hide-last-sibling-br paragraph-JOTKXA paragraph-element br-paragraph-space\">La lonchera transparente con m\u00faltiples compartimentos incluye un pr\u00e1ctico recipiente para salsas. Esto evita que los usuarios tengan que llevar recipientes adicionales para aderezos o salsas, lo que resulta muy conveniente para las comidas sobre la marcha. El recipiente encaja perfectamente en la lonchera, lo que lo mantiene limpio y f\u00e1cil de acceder.<\/div>\n<h3 class=\"header-vfC6AV auto-hide-last-sibling-br\">Asa segura y dise\u00f1o a prueba de fugas<\/h3>\n<div class=\"auto-hide-last-sibling-br paragraph-JOTKXA paragraph-element br-paragraph-space\">La lonchera transparente con varios compartimentos cuenta con un asa segura y un dise\u00f1o a prueba de fugas. El asa facilita el transporte de la lonchera, mientras que la tapa herm\u00e9tica garantiza que no se derrame ni se salga nada, incluso cuando se transportan l\u00edquidos o alimentos semil\u00edquidos.<\/div>","protected":false},"excerpt":{"rendered":"<table style=\"height: 304px\" width=\"672\">\n<tbody>\n<tr>\n<td>Modelo (n\u00famero de producto):<\/td>\n<td>AU-LB0115<\/td>\n<\/tr>\n<tr>\n<td>Tama\u00f1o del producto:<\/td>\n<td>19 x 19 x 6,5 cm, 850 ml<\/td>\n<\/tr>\n<tr>\n<td>Material del producto:<\/td>\n<td>PP<\/td>\n<\/tr>\n<tr>\n<td>Color del producto:<\/td>\n<td>Personalizado<\/td>\n<\/tr>\n<tr>\n<td>Informaci\u00f3n sobre el empaque:<\/td>\n<td>60 piezas por caja<\/td>\n<\/tr>\n<tr>\n<td>Cantidad m\u00ednima de pedido:<\/td>\n<td>3000 unidades<\/td>\n<\/tr>\n<tr>\n<td>Origen:<\/td>\n<td>China<\/td>\n<\/tr>\n<tr>\n<td>Precio:<\/td>\n<td>Negociaci\u00f3n<\/td>\n<\/tr>\n<\/tbody>\n<\/table>","protected":false},"featured_media":12107,"comment_status":"open","ping_status":"closed","template":"","meta":{"_acf_changed":false},"product_brand":[135],"product_cat":[89,102],"product_tag":[],"class_list":{"0":"post-12106","1":"product","2":"type-product","3":"status-publish","4":"has-post-thumbnail","6":"product_brand-auspace","7":"product_cat-plastic-lunch-box","8":"product_cat-lunch-box","9":"pif-has-gallery","11":"first","12":"instock","13":"shipping-taxable","14":"purchasable","15":"product-type-simple"},"acf":[],"_links":{"self":[{"href":"https:\/\/www.auspacekitchenware.com\/es\/wp-json\/wp\/v2\/product\/12106","targetHints":{"allow":["GET"]}}],"collection":[{"href":"https:\/\/www.auspacekitchenware.com\/es\/wp-json\/wp\/v2\/product"}],"about":[{"href":"https:\/\/www.auspacekitchenware.com\/es\/wp-json\/wp\/v2\/types\/product"}],"replies":[{"embeddable":true,"href":"https:\/\/www.auspacekitchenware.com\/es\/wp-json\/wp\/v2\/comments?post=12106"}],"wp:featuredmedia":[{"embeddable":true,"href":"https:\/\/www.auspacekitchenware.com\/es\/wp-json\/wp\/v2\/media\/12107"}],"wp:attachment":[{"href":"https:\/\/www.auspacekitchenware.com\/es\/wp-json\/wp\/v2\/media?parent=12106"}],"wp:term":[{"taxonomy":"product_brand","embeddable":true,"href":"https:\/\/www.auspacekitchenware.com\/es\/wp-json\/wp\/v2\/product_brand?post=12106"},{"taxonomy":"product_cat","embeddable":true,"href":"https:\/\/www.auspacekitchenware.com\/es\/wp-json\/wp\/v2\/product_cat?post=12106"},{"taxonomy":"product_tag","embeddable":true,"href":"https:\/\/www.auspacekitchenware.com\/es\/wp-json\/wp\/v2\/product_tag?post=12106"}],"curies":[{"name":"wp","href":"https:\/\/api.w.org\/{rel}","templated":true}]}}