{"id":12181,"date":"2025-10-23T03:42:23","date_gmt":"2025-10-23T03:42:23","guid":{"rendered":"https:\/\/auspacekitchenware.com\/?post_type=product&#038;p=12181"},"modified":"2025-10-23T03:55:49","modified_gmt":"2025-10-23T03:55:49","slug":"proveedor-de-cajas-bento-apilables-comidas-innovadoras","status":"publish","type":"product","link":"https:\/\/www.auspacekitchenware.com\/es\/stackable-bento-box-supplier-innovative-meals\/","title":{"rendered":"Proveedor de cajas bento apilables: organizaci\u00f3n innovadora de las comidas"},"content":{"rendered":"<div class=\"paragraph\">Proveedor de cajas bento apilables: organizaci\u00f3n innovadora de las comidas<\/div>\n<div><\/div>\n<h3 class=\"paragraph\"><strong>Dise\u00f1o modular<\/strong>:<\/h3>\n<div class=\"paragraph\">Nuestra caja bento apilable presenta un dise\u00f1o modular que permite apilarla f\u00e1cilmente y aprovechar el espacio de manera eficiente, ideal para quienes buscan soluciones innovadoras para organizar sus comidas.<\/div>\n<div><\/div>\n<h3 class=\"paragraph\"><strong>A prueba de fugas y duradero<\/strong>:<\/h3>\n<div class=\"paragraph\">Fabricada con tecnolog\u00eda a prueba de fugas y materiales duraderos, esta lonchera garantiza que tus comidas se mantengan seguras y frescas durante todo el d\u00eda.<\/div>\n<div><\/div>\n<h3 class=\"paragraph\"><strong>Pr\u00e1ctico compartimento para utensilios<\/strong>:<\/h3>\n<div class=\"paragraph\">El compartimento para utensilios incluido proporciona mayor comodidad, lo que convierte a esta caja bento en la opci\u00f3n ideal para comer sobre la marcha.<\/div>\n<div><\/div>\n<h3 class=\"paragraph\"><strong>Servicios de personalizaci\u00f3n<\/strong>:<\/h3>\n<div class=\"paragraph\">Como proveedor de cajas bento apilables, ofrecemos una amplia gama de opciones de personalizaci\u00f3n para adaptarnos a la est\u00e9tica de su marca, incluyendo combinaciones de colores y la colocaci\u00f3n del logotipo.<\/div>\n<div><\/div>","protected":false},"excerpt":{"rendered":"<table style=\"height: 304px\" width=\"672\">\n<tbody>\n<tr>\n<td>Modelo (n\u00famero de producto):<\/td>\n<td>AU-LB0119<\/td>\n<\/tr>\n<tr>\n<td>Tama\u00f1o del producto:<\/td>\n<td>18 x 10 x 10,1 cm<\/td>\n<\/tr>\n<tr>\n<td>Material del producto:<\/td>\n<td>PP+PS<\/td>\n<\/tr>\n<tr>\n<td>Color del producto:<\/td>\n<td>Personalizado<\/td>\n<\/tr>\n<tr>\n<td>Informaci\u00f3n sobre el empaque:<\/td>\n<td>48 piezas por caja<\/td>\n<\/tr>\n<tr>\n<td>Cantidad m\u00ednima de pedido:<\/td>\n<td>3000 unidades<\/td>\n<\/tr>\n<tr>\n<td>Origen:<\/td>\n<td>China<\/td>\n<\/tr>\n<tr>\n<td>Precio:<\/td>\n<td>Negociaci\u00f3n<\/td>\n<\/tr>\n<\/tbody>\n<\/table>","protected":false},"featured_media":12182,"comment_status":"open","ping_status":"closed","template":"","meta":{"_acf_changed":false},"product_brand":[135],"product_cat":[89,102],"product_tag":[],"class_list":{"0":"post-12181","1":"product","2":"type-product","3":"status-publish","4":"has-post-thumbnail","6":"product_brand-auspace","7":"product_cat-plastic-lunch-box","8":"product_cat-lunch-box","9":"pif-has-gallery","11":"first","12":"instock","13":"shipping-taxable","14":"purchasable","15":"product-type-simple"},"acf":[],"_links":{"self":[{"href":"https:\/\/www.auspacekitchenware.com\/es\/wp-json\/wp\/v2\/product\/12181","targetHints":{"allow":["GET"]}}],"collection":[{"href":"https:\/\/www.auspacekitchenware.com\/es\/wp-json\/wp\/v2\/product"}],"about":[{"href":"https:\/\/www.auspacekitchenware.com\/es\/wp-json\/wp\/v2\/types\/product"}],"replies":[{"embeddable":true,"href":"https:\/\/www.auspacekitchenware.com\/es\/wp-json\/wp\/v2\/comments?post=12181"}],"wp:featuredmedia":[{"embeddable":true,"href":"https:\/\/www.auspacekitchenware.com\/es\/wp-json\/wp\/v2\/media\/12182"}],"wp:attachment":[{"href":"https:\/\/www.auspacekitchenware.com\/es\/wp-json\/wp\/v2\/media?parent=12181"}],"wp:term":[{"taxonomy":"product_brand","embeddable":true,"href":"https:\/\/www.auspacekitchenware.com\/es\/wp-json\/wp\/v2\/product_brand?post=12181"},{"taxonomy":"product_cat","embeddable":true,"href":"https:\/\/www.auspacekitchenware.com\/es\/wp-json\/wp\/v2\/product_cat?post=12181"},{"taxonomy":"product_tag","embeddable":true,"href":"https:\/\/www.auspacekitchenware.com\/es\/wp-json\/wp\/v2\/product_tag?post=12181"}],"curies":[{"name":"wp","href":"https:\/\/api.w.org\/{rel}","templated":true}]}}