{"id":12332,"date":"2025-10-31T05:17:45","date_gmt":"2025-10-31T05:17:45","guid":{"rendered":"https:\/\/auspacekitchenware.com\/?post_type=product&#038;p=12332"},"modified":"2025-10-31T05:28:31","modified_gmt":"2025-10-31T05:28:31","slug":"lunch-box-freshlock-premium-al-por-mayor","status":"publish","type":"product","link":"https:\/\/www.auspacekitchenware.com\/es\/premium-freshlock-lunch-box-wholesale\/","title":{"rendered":"Lunch box FreshLock Premium al por mayor"},"content":{"rendered":"<h3 data-start=\"200\" data-end=\"234\">Dise\u00f1o espacioso y pulcro<\/h3>\n<p data-start=\"235\" data-end=\"684\">La lonchera Premium FreshLock al por mayor est\u00e1 dise\u00f1ada para personas que valoran el equilibrio y la frescura en cada comida. Con m\u00faltiples compartimentos y un dise\u00f1o claro, mantiene tus alimentos organizados visualmente y separados con buen gusto. Ya sea que empaques arroz, frutas, ensalada o bocadillos, cada porci\u00f3n permanece en su lugar sin mezclarse. La estructura compacta pero espaciosa cabe perfectamente en bolsas de trabajo o mochilas escolares, lo que te da la libertad de disfrutar de comidas frescas dondequiera que vayas.<\/p>\n<h3 data-start=\"686\" data-end=\"722\">Construcci\u00f3n segura y a prueba de fugas<\/h3>\n<p data-start=\"723\" data-end=\"1135\">Se acabaron los derrames durante los viajes o las pausas para comer. La lonchera Premium FreshLock Lunch Box Wholesale utiliza un sello herm\u00e9tico de silicona combinado con resistentes clips laterales para mantener la frescura. Su fiable dise\u00f1o a prueba de fugas la hace segura para transportar sopas, salsas y alimentos h\u00famedos. El mini recipiente para salsas incluido a\u00f1ade comodidad para las salsas y aderezos, lo que garantiza una experiencia gastron\u00f3mica limpia y sin ensuciar, ya sea en la oficina, el gimnasio o al aire libre.<\/p>\n<h3 data-start=\"1137\" data-end=\"1176\">Calidad duradera y apta para uso alimentario<\/h3>\n<p data-start=\"1177\" data-end=\"1579\">Fabricada con pl\u00e1stico apto para uso alimentario y libre de BPA, esta lonchera garantiza seguridad y un uso duradero. Su estructura resistente evita grietas y deformaciones, incluso con el uso diario. Su sutil tono rosado le da un toque moderno y suave que gusta tanto a adultos como a ni\u00f1os. Apta para lavavajillas y congelador, la lonchera Premium FreshLock al por mayor facilita la preparaci\u00f3n de comidas y mantiene un aspecto impecable d\u00eda tras d\u00eda.<\/p>\n<h3 data-start=\"1581\" data-end=\"1621\">F\u00e1cil de limpiar y ecol\u00f3gico<\/h3>\n<p data-start=\"1622\" data-end=\"1962\">Todas las piezas de la lonchera Premium FreshLock Lunch Box Wholesale son desmontables para facilitar su limpieza. Sus superficies lisas evitan que se acumulen restos de comida y todos los componentes se pueden lavar sin problema en el lavavajillas. Reutilizable y respetuosa con el medio ambiente, es una alternativa pr\u00e1ctica a los envases desechables, ya que te ayuda a reducir los residuos y a mantener tus comidas organizadas y frescas.<\/p>","protected":false},"excerpt":{"rendered":"<table style=\"height: 304px\" width=\"672\">\n<tbody>\n<tr>\n<td>Modelo (n\u00famero de producto):<\/td>\n<td>AU-LB0152<\/td>\n<\/tr>\n<tr>\n<td>Tama\u00f1o del producto:<\/td>\n<td>7,6 x 9,8 cm<\/td>\n<\/tr>\n<tr>\n<td>Material del producto:<\/td>\n<td>PP<\/td>\n<\/tr>\n<tr>\n<td>Color del producto:<\/td>\n<td>Personalizado<\/td>\n<\/tr>\n<tr>\n<td>Informaci\u00f3n sobre el empaque:<\/td>\n<td>24 piezas por caja<\/td>\n<\/tr>\n<tr>\n<td>Cantidad m\u00ednima de pedido:<\/td>\n<td>3000 unidades<\/td>\n<\/tr>\n<tr>\n<td>Origen:<\/td>\n<td>China<\/td>\n<\/tr>\n<tr>\n<td>Precio:<\/td>\n<td>Negociaci\u00f3n<\/td>\n<\/tr>\n<\/tbody>\n<\/table>","protected":false},"featured_media":12333,"comment_status":"open","ping_status":"closed","template":"","meta":{"_acf_changed":false},"product_brand":[135],"product_cat":[89,102],"product_tag":[138],"class_list":{"0":"post-12332","1":"product","2":"type-product","3":"status-publish","4":"has-post-thumbnail","6":"product_brand-auspace","7":"product_cat-plastic-lunch-box","8":"product_cat-lunch-box","9":"product_tag-popular","10":"pif-has-gallery","12":"first","13":"instock","14":"shipping-taxable","15":"purchasable","16":"product-type-simple"},"acf":[],"_links":{"self":[{"href":"https:\/\/www.auspacekitchenware.com\/es\/wp-json\/wp\/v2\/product\/12332","targetHints":{"allow":["GET"]}}],"collection":[{"href":"https:\/\/www.auspacekitchenware.com\/es\/wp-json\/wp\/v2\/product"}],"about":[{"href":"https:\/\/www.auspacekitchenware.com\/es\/wp-json\/wp\/v2\/types\/product"}],"replies":[{"embeddable":true,"href":"https:\/\/www.auspacekitchenware.com\/es\/wp-json\/wp\/v2\/comments?post=12332"}],"wp:featuredmedia":[{"embeddable":true,"href":"https:\/\/www.auspacekitchenware.com\/es\/wp-json\/wp\/v2\/media\/12333"}],"wp:attachment":[{"href":"https:\/\/www.auspacekitchenware.com\/es\/wp-json\/wp\/v2\/media?parent=12332"}],"wp:term":[{"taxonomy":"product_brand","embeddable":true,"href":"https:\/\/www.auspacekitchenware.com\/es\/wp-json\/wp\/v2\/product_brand?post=12332"},{"taxonomy":"product_cat","embeddable":true,"href":"https:\/\/www.auspacekitchenware.com\/es\/wp-json\/wp\/v2\/product_cat?post=12332"},{"taxonomy":"product_tag","embeddable":true,"href":"https:\/\/www.auspacekitchenware.com\/es\/wp-json\/wp\/v2\/product_tag?post=12332"}],"curies":[{"name":"wp","href":"https:\/\/api.w.org\/{rel}","templated":true}]}}