{"id":12338,"date":"2025-10-31T05:29:57","date_gmt":"2025-10-31T05:29:57","guid":{"rendered":"https:\/\/auspacekitchenware.com\/?post_type=product&#038;p=12338"},"modified":"2025-10-31T05:36:56","modified_gmt":"2025-10-31T05:36:56","slug":"fiambrera-playbrick-vibrante-al-por-mayor","status":"publish","type":"product","link":"https:\/\/www.auspacekitchenware.com\/es\/vibrant-playbrick-lunch-box-wholesale\/","title":{"rendered":"Lunch Box PlayBrick vibrante al por mayor"},"content":{"rendered":"<h3 data-start=\"175\" data-end=\"219\">Divertido, funcional y dise\u00f1ado para durar<\/h3>\n<p data-start=\"220\" data-end=\"664\">La colecci\u00f3n Vibrant PlayBrick Lunch Box Wholesale aporta un toque de creatividad a las comidas diarias. Inspirado en los coloridos bloques de construcci\u00f3n, este divertido dise\u00f1o gusta tanto a ni\u00f1os como a adultos. Con sus vivos tonos rojos y azules, convierte la hora del almuerzo en algo emocionante, ideal para los minoristas que buscan a\u00f1adir un art\u00edculo destacado a su cat\u00e1logo. Su estructura resistente y sus bordes lisos lo hacen duradero, seguro y c\u00f3modo de llevar a cualquier parte.<\/p>\n<h3 data-start=\"666\" data-end=\"715\">Dise\u00f1o inteligente con sistema de cierre seguro<\/h3>\n<p data-start=\"716\" data-end=\"1131\">Todas las loncheras Vibrant PlayBrick al por mayor cuentan con clips laterales ajustados que evitan derrames y fugas. El cierre herm\u00e9tico mantiene los alimentos frescos durante el transporte, lo que las hace ideales para la escuela, la oficina o los viajes. Su estructura ligera pero resistente garantiza un uso duradero, mientras que su dise\u00f1o compacto permite guardarlas f\u00e1cilmente en bolsas y mochilas. Esta lonchera pr\u00e1ctica y divertida es la opci\u00f3n favorita tanto de distribuidores como de familias.<\/p>\n<h3 data-start=\"1133\" data-end=\"1169\">Materiales seguros y de primera calidad<\/h3>\n<p data-start=\"1170\" data-end=\"1516\">Fabricada con pl\u00e1stico apto para uso alimentario y libre de BPA, la lonchera Vibrant PlayBrick garantiza seguridad, higiene y durabilidad. El material de alta calidad resiste las grietas y la decoloraci\u00f3n, incluso despu\u00e9s de lavados frecuentes. Su superficie lisa es f\u00e1cil de limpiar a mano o en el lavavajillas, lo que garantiza un brillo duradero y comodidad para el uso diario.<\/p>\n<h3 data-start=\"1518\" data-end=\"1557\">Perfecto para ni\u00f1os y familias<\/h3>\n<p data-start=\"1558\" data-end=\"1914\">Dise\u00f1ada pensando en la creatividad, la lonchera Vibrant PlayBrick Lunch Box Wholesale convierte la hora de comer en un momento de diversi\u00f3n. Es liviana, f\u00e1cil de abrir y tiene el tama\u00f1o perfecto para las porciones de los ni\u00f1os. A los pap\u00e1s les encanta su seguridad y confiabilidad, mientras que a los ni\u00f1os les gusta su alegre dise\u00f1o. Ya sea para el almuerzo en la escuela, un picnic al aire libre o un viaje familiar, le da color y alegr\u00eda a cada comida.<\/p>","protected":false},"excerpt":{"rendered":"<table style=\"height: 304px\" width=\"672\">\n<tbody>\n<tr>\n<td>Modelo (n\u00famero de producto):<\/td>\n<td>AU-LB0153<\/td>\n<\/tr>\n<tr>\n<td>Tama\u00f1o del producto:<\/td>\n<td>12 x 19,6 x 9,2 cm 1300 ml<\/td>\n<\/tr>\n<tr>\n<td>Material del producto:<\/td>\n<td>PP + silicona<\/td>\n<\/tr>\n<tr>\n<td>Color del producto:<\/td>\n<td>Personalizado<\/td>\n<\/tr>\n<tr>\n<td>Informaci\u00f3n sobre el empaque:<\/td>\n<td>60 piezas por caja<\/td>\n<\/tr>\n<tr>\n<td>Cantidad m\u00ednima de pedido:<\/td>\n<td>3000 unidades<\/td>\n<\/tr>\n<tr>\n<td>Origen:<\/td>\n<td>China<\/td>\n<\/tr>\n<tr>\n<td>Precio:<\/td>\n<td>Negociaci\u00f3n<\/td>\n<\/tr>\n<\/tbody>\n<\/table>","protected":false},"featured_media":12339,"comment_status":"open","ping_status":"closed","template":"","meta":{"_acf_changed":false},"product_brand":[135],"product_cat":[89,102],"product_tag":[],"class_list":{"0":"post-12338","1":"product","2":"type-product","3":"status-publish","4":"has-post-thumbnail","6":"product_brand-auspace","7":"product_cat-plastic-lunch-box","8":"product_cat-lunch-box","9":"pif-has-gallery","11":"first","12":"instock","13":"shipping-taxable","14":"purchasable","15":"product-type-simple"},"acf":[],"_links":{"self":[{"href":"https:\/\/www.auspacekitchenware.com\/es\/wp-json\/wp\/v2\/product\/12338","targetHints":{"allow":["GET"]}}],"collection":[{"href":"https:\/\/www.auspacekitchenware.com\/es\/wp-json\/wp\/v2\/product"}],"about":[{"href":"https:\/\/www.auspacekitchenware.com\/es\/wp-json\/wp\/v2\/types\/product"}],"replies":[{"embeddable":true,"href":"https:\/\/www.auspacekitchenware.com\/es\/wp-json\/wp\/v2\/comments?post=12338"}],"wp:featuredmedia":[{"embeddable":true,"href":"https:\/\/www.auspacekitchenware.com\/es\/wp-json\/wp\/v2\/media\/12339"}],"wp:attachment":[{"href":"https:\/\/www.auspacekitchenware.com\/es\/wp-json\/wp\/v2\/media?parent=12338"}],"wp:term":[{"taxonomy":"product_brand","embeddable":true,"href":"https:\/\/www.auspacekitchenware.com\/es\/wp-json\/wp\/v2\/product_brand?post=12338"},{"taxonomy":"product_cat","embeddable":true,"href":"https:\/\/www.auspacekitchenware.com\/es\/wp-json\/wp\/v2\/product_cat?post=12338"},{"taxonomy":"product_tag","embeddable":true,"href":"https:\/\/www.auspacekitchenware.com\/es\/wp-json\/wp\/v2\/product_tag?post=12338"}],"curies":[{"name":"wp","href":"https:\/\/api.w.org\/{rel}","templated":true}]}}