{"id":12535,"date":"2025-11-12T03:27:25","date_gmt":"2025-11-12T03:27:25","guid":{"rendered":"https:\/\/auspacekitchenware.com\/?post_type=product&#038;p=12535"},"modified":"2025-11-12T03:35:46","modified_gmt":"2025-11-12T03:35:46","slug":"proveedor-de-elegantes-tazas-de-viaje-de-cuero","status":"publish","type":"product","link":"https:\/\/www.auspacekitchenware.com\/es\/elegant-leather-travel-mug-supplier\/","title":{"rendered":"Proveedor de elegantes tazas de viaje de cuero"},"content":{"rendered":"<h3 data-start=\"600\" data-end=\"637\">Dise\u00f1o lujoso y funcional<\/h3>\n<p data-start=\"638\" data-end=\"1033\">El elegante proveedor de tazas de viaje de cuero cuenta con una estructura de acero inoxidable de doble pared que mantiene la temperatura y evita la condensaci\u00f3n. Su acabado mate realza su aspecto premium, mientras que la funda de cuero genuino proporciona un agarre seguro. Los detalles met\u00e1licos no solo a\u00f1aden un toque de elegancia, sino que tambi\u00e9n refuerzan la est\u00e9tica moderna, lo que la hace perfecta para los profesionales que se desplazan con frecuencia.<\/p>\n<h3 data-start=\"1035\" data-end=\"1078\">Construcci\u00f3n resistente para el uso diario<\/h3>\n<p data-start=\"1079\" data-end=\"1426\">Esta elegante taza de viaje de cuero est\u00e1 dise\u00f1ada para durar. Fabricada en acero inoxidable de alta calidad, es resistente a la corrosi\u00f3n y las manchas, y conserva el sabor natural de tus bebidas. La tapa de rosca garantiza un cierre herm\u00e9tico, manteniendo tu bolso y tu espacio de trabajo secos. Ya sea para ir al trabajo, hacer excursiones al aire libre o para el uso diario en la oficina, resiste el desgaste sin esfuerzo.<\/p>\n<h3 data-start=\"1428\" data-end=\"1469\">Opci\u00f3n sostenible y ecol\u00f3gica<\/h3>\n<p data-start=\"1470\" data-end=\"1808\">Elegir el proveedor de tazas de viaje de cuero Elegant Leather Travel Mug contribuye a la sostenibilidad. Su dise\u00f1o reutilizable reduce los residuos de los vasos desechables, en consonancia con los estilos de vida ecol\u00f3gicos. La funda de cuero, dise\u00f1ada para un uso prolongado, elimina la necesidad de agarres de pl\u00e1stico. No se trata solo de un vaso, sino de un paso responsable hacia un planeta m\u00e1s verde.<\/p>\n<h3 data-start=\"1810\" data-end=\"1851\">Personalizable para negocios y regalos<\/h3>\n<p data-start=\"1852\" data-end=\"2183\">Para las empresas que buscan art\u00edculos promocionales \u00fanicos, este proveedor de elegantes tazas de viaje de cuero ofrece opciones de personalizaci\u00f3n, incluyendo logotipos en relieve y detalles personalizados. El dise\u00f1o minimalista en negro complementa cualquier paleta de colores de marca, lo que lo hace ideal para regalos corporativos, cafeter\u00edas o ventas al por menor. Se aceptan pedidos al por mayor con garant\u00eda de calidad constante.<\/p>","protected":false},"excerpt":{"rendered":"<table style=\"height: 304px\" width=\"672\">\n<tbody>\n<tr>\n<td>Modelo (n\u00famero de producto):<\/td>\n<td>AU-BT0229<\/td>\n<\/tr>\n<tr>\n<td>Tama\u00f1o del producto:<\/td>\n<td>7,5 x 8,5 x 15,2 cm 330 ml<\/td>\n<\/tr>\n<tr>\n<td>Material del producto:<\/td>\n<td>Interior S\/S304 + exterior S\/S201<\/td>\n<\/tr>\n<tr>\n<td>Color del producto:<\/td>\n<td>Personalizado<\/td>\n<\/tr>\n<tr>\n<td>Informaci\u00f3n sobre el empaque:<\/td>\n<td>24 piezas por caja<\/td>\n<\/tr>\n<tr>\n<td>Cantidad m\u00ednima de pedido:<\/td>\n<td>3000 unidades<\/td>\n<\/tr>\n<tr>\n<td>Origen:<\/td>\n<td>China<\/td>\n<\/tr>\n<tr>\n<td>Precio:<\/td>\n<td>Negociaci\u00f3n<\/td>\n<\/tr>\n<\/tbody>\n<\/table>","protected":false},"featured_media":12536,"comment_status":"open","ping_status":"closed","template":"","meta":{"_acf_changed":false},"product_brand":[135],"product_cat":[52,20],"product_tag":[134],"class_list":{"0":"post-12535","1":"product","2":"type-product","3":"status-publish","4":"has-post-thumbnail","6":"product_brand-auspace","7":"product_cat-stainless-steel-water-bottle","8":"product_cat-water-bottles","9":"product_tag-top-selling","10":"pif-has-gallery","12":"first","13":"instock","14":"shipping-taxable","15":"purchasable","16":"product-type-simple"},"acf":[],"_links":{"self":[{"href":"https:\/\/www.auspacekitchenware.com\/es\/wp-json\/wp\/v2\/product\/12535","targetHints":{"allow":["GET"]}}],"collection":[{"href":"https:\/\/www.auspacekitchenware.com\/es\/wp-json\/wp\/v2\/product"}],"about":[{"href":"https:\/\/www.auspacekitchenware.com\/es\/wp-json\/wp\/v2\/types\/product"}],"replies":[{"embeddable":true,"href":"https:\/\/www.auspacekitchenware.com\/es\/wp-json\/wp\/v2\/comments?post=12535"}],"wp:featuredmedia":[{"embeddable":true,"href":"https:\/\/www.auspacekitchenware.com\/es\/wp-json\/wp\/v2\/media\/12536"}],"wp:attachment":[{"href":"https:\/\/www.auspacekitchenware.com\/es\/wp-json\/wp\/v2\/media?parent=12535"}],"wp:term":[{"taxonomy":"product_brand","embeddable":true,"href":"https:\/\/www.auspacekitchenware.com\/es\/wp-json\/wp\/v2\/product_brand?post=12535"},{"taxonomy":"product_cat","embeddable":true,"href":"https:\/\/www.auspacekitchenware.com\/es\/wp-json\/wp\/v2\/product_cat?post=12535"},{"taxonomy":"product_tag","embeddable":true,"href":"https:\/\/www.auspacekitchenware.com\/es\/wp-json\/wp\/v2\/product_tag?post=12535"}],"curies":[{"name":"wp","href":"https:\/\/api.w.org\/{rel}","templated":true}]}}