{"id":12924,"date":"2025-11-24T08:15:09","date_gmt":"2025-11-24T08:15:09","guid":{"rendered":"https:\/\/auspacekitchenware.com\/?post_type=product&#038;p=12924"},"modified":"2025-11-24T09:10:30","modified_gmt":"2025-11-24T09:10:30","slug":"elegante-botella-de-vino-de-acero-inoxidable-color-magenta-al-por-mayor","status":"publish","type":"product","link":"https:\/\/www.auspacekitchenware.com\/es\/stylish-magenta-stainless-steel-wine-bottle-wholesale\/","title":{"rendered":"Elegante botella de vino de acero inoxidable color magenta para venta al por mayor"},"content":{"rendered":"<h3 class=\"header-iWP5WJ auto-hide-last-sibling-br\">Est\u00e9tica magenta vibrante<\/h3>\n<div class=\"auto-hide-last-sibling-br paragraph-pP9ZLC paragraph-element br-paragraph-space\">Esta elegante botella de acero inoxidable en forma de botella de vino presenta una est\u00e9tica magenta vibrante, con un dise\u00f1o elegante inspirado en las botellas de vino que irradia elegancia y singularidad. Su color llamativo y su forma sofisticada la convierten en una opci\u00f3n destacada para aquellos que desean a\u00f1adir un toque de estilo a su experiencia de hidrataci\u00f3n o transporte de bebidas, ya sea para uso diario o para ocasiones especiales.<\/div>\n<h3 class=\"header-iWP5WJ auto-hide-last-sibling-br\">Construcci\u00f3n de acero inoxidable de primera calidad<\/h3>\n<div class=\"auto-hide-last-sibling-br paragraph-pP9ZLC paragraph-element br-paragraph-space\">Fabricada en acero inoxidable de alta calidad, esta elegante botella de acero inoxidable en forma de botella de vino de color magenta ofrece un excelente rendimiento de aislamiento. Puede mantener las bebidas calientes o fr\u00edas durante un periodo prolongado, lo que la hace ideal para mantener la temperatura de tus bebidas favoritas, desde caf\u00e9 y t\u00e9 hasta vino o agua. El acero inoxidable es un material duradero, resistente al \u00f3xido y dise\u00f1ado para soportar un uso regular.<\/div>\n<h3 class=\"header-iWP5WJ auto-hide-last-sibling-br\">Dise\u00f1o pr\u00e1ctico y seguro de la tapa<\/h3>\n<div class=\"auto-hide-last-sibling-br paragraph-pP9ZLC paragraph-element br-paragraph-space\">La elegante botella de acero inoxidable de color magenta con forma de botella de vino viene con una tapa segura que garantiza un cierre herm\u00e9tico, evitando fugas y derrames. Esto hace que sea segura para llevar en bolsas o mochilas, lo que aumenta su comodidad para su uso sobre la marcha.<\/div>\n<h3 class=\"header-iWP5WJ auto-hide-last-sibling-br\">Vers\u00e1til y f\u00e1cil de limpiar<\/h3>\n<div class=\"auto-hide-last-sibling-br paragraph-pP9ZLC paragraph-element br-paragraph-space\">Con su elegante botella de acero inoxidable en forma de botella de vino de color magenta, es vers\u00e1til para diversos tipos de bebidas y ocasiones. El interior liso y la abertura lo suficientemente ancha facilitan la limpieza, lo que le permite mantener su higiene con facilidad.<\/div>","protected":false},"excerpt":{"rendered":"<table style=\"height: 304px\" width=\"672\">\n<tbody>\n<tr>\n<td>Modelo (n\u00famero de producto):<\/td>\n<td>AU-BT0254<\/td>\n<\/tr>\n<tr>\n<td>Tama\u00f1o del producto:<\/td>\n<td>7,5 x 3,5 x 31 cm 780 ml<\/td>\n<\/tr>\n<tr>\n<td>Material del producto<\/td>\n<td>SS304+SS201+PP+SILICONE<\/td>\n<\/tr>\n<tr>\n<td>Color del producto:<\/td>\n<td>Personalizado<\/td>\n<\/tr>\n<tr>\n<td>Informaci\u00f3n sobre el empaque:<\/td>\n<td>24 piezas por caja<\/td>\n<\/tr>\n<tr>\n<td>Cantidad m\u00ednima de pedido:<\/td>\n<td>3000 unidades<\/td>\n<\/tr>\n<tr>\n<td>Origen:<\/td>\n<td>China<\/td>\n<\/tr>\n<tr>\n<td>Precio:<\/td>\n<td>Negociaci\u00f3n<\/td>\n<\/tr>\n<\/tbody>\n<\/table>","protected":false},"featured_media":12927,"comment_status":"open","ping_status":"closed","template":"","meta":{"_acf_changed":false},"product_brand":[135],"product_cat":[52,20],"product_tag":[138],"class_list":{"0":"post-12924","1":"product","2":"type-product","3":"status-publish","4":"has-post-thumbnail","6":"product_brand-auspace","7":"product_cat-stainless-steel-water-bottle","8":"product_cat-water-bottles","9":"product_tag-popular","10":"pif-has-gallery","12":"first","13":"instock","14":"shipping-taxable","15":"purchasable","16":"product-type-simple"},"acf":[],"_links":{"self":[{"href":"https:\/\/www.auspacekitchenware.com\/es\/wp-json\/wp\/v2\/product\/12924","targetHints":{"allow":["GET"]}}],"collection":[{"href":"https:\/\/www.auspacekitchenware.com\/es\/wp-json\/wp\/v2\/product"}],"about":[{"href":"https:\/\/www.auspacekitchenware.com\/es\/wp-json\/wp\/v2\/types\/product"}],"replies":[{"embeddable":true,"href":"https:\/\/www.auspacekitchenware.com\/es\/wp-json\/wp\/v2\/comments?post=12924"}],"wp:featuredmedia":[{"embeddable":true,"href":"https:\/\/www.auspacekitchenware.com\/es\/wp-json\/wp\/v2\/media\/12927"}],"wp:attachment":[{"href":"https:\/\/www.auspacekitchenware.com\/es\/wp-json\/wp\/v2\/media?parent=12924"}],"wp:term":[{"taxonomy":"product_brand","embeddable":true,"href":"https:\/\/www.auspacekitchenware.com\/es\/wp-json\/wp\/v2\/product_brand?post=12924"},{"taxonomy":"product_cat","embeddable":true,"href":"https:\/\/www.auspacekitchenware.com\/es\/wp-json\/wp\/v2\/product_cat?post=12924"},{"taxonomy":"product_tag","embeddable":true,"href":"https:\/\/www.auspacekitchenware.com\/es\/wp-json\/wp\/v2\/product_tag?post=12924"}],"curies":[{"name":"wp","href":"https:\/\/api.w.org\/{rel}","templated":true}]}}