{"id":12935,"date":"2025-11-24T09:17:40","date_gmt":"2025-11-24T09:17:40","guid":{"rendered":"https:\/\/auspacekitchenware.com\/?post_type=product&#038;p=12935"},"modified":"2025-11-24T09:33:54","modified_gmt":"2025-11-24T09:33:54","slug":"botella-de-agua-de-acero-inoxidable-rojo-vibrante-con-asa-azul-al-por-mayor","status":"publish","type":"product","link":"https:\/\/www.auspacekitchenware.com\/es\/vibrant-red-stainless-steel-water-bottle-blue-handle-wholesale\/","title":{"rendered":"Botella de agua de acero inoxidable rojo brillante con asa de transporte azul para venta al por mayor"},"content":{"rendered":"<h3 class=\"header-iWP5WJ auto-hide-last-sibling-br\">Est\u00e9tica llamativa en rojo<\/h3>\n<div class=\"auto-hide-last-sibling-br paragraph-pP9ZLC paragraph-element br-paragraph-space\">Esta botella de agua de acero inoxidable de color rojo intenso presenta una llamativa est\u00e9tica roja, con un acabado brillante que irradia energ\u00eda y estilo. El atrevido color rojo, combinado con un asa de transporte azul en contraste, crea un aspecto llamativo que destaca en cualquier entorno, ya sea en el gimnasio, en una excursi\u00f3n o en la oficina.<\/div>\n<h3 class=\"header-iWP5WJ auto-hide-last-sibling-br\">Construcci\u00f3n de acero inoxidable de primera calidad<\/h3>\n<div class=\"auto-hide-last-sibling-br paragraph-pP9ZLC paragraph-element br-paragraph-space\">Fabricada en acero inoxidable de alta calidad, esta botella de agua de acero inoxidable de color rojo intenso ofrece un excelente aislamiento. Mantiene las bebidas calientes o fr\u00edas durante horas, lo que garantiza que puedas disfrutar de tu bebida a la temperatura deseada durante todo el d\u00eda. El acero inoxidable es un material duradero, resistente al \u00f3xido y dise\u00f1ado para soportar el uso diario.<\/div>\n<h3 class=\"header-iWP5WJ auto-hide-last-sibling-br\">Dise\u00f1o pr\u00e1ctico del asa de transporte<\/h3>\n<div class=\"auto-hide-last-sibling-br paragraph-pP9ZLC paragraph-element br-paragraph-space\">Equipada con un pr\u00e1ctico asa azul, esta botella de agua de acero inoxidable de color rojo intenso es f\u00e1cil de transportar. Se puede colgar de una bolsa, llevar en la mano o sujetar al equipo, lo que la convierte en una opci\u00f3n vers\u00e1til para quienes est\u00e1n siempre en movimiento. El dise\u00f1o del asa a\u00f1ade funcionalidad y un toque de color.<\/div>\n<h3 class=\"header-iWP5WJ auto-hide-last-sibling-br\">A prueba de fugas y f\u00e1cil de limpiar<\/h3>\n<div class=\"auto-hide-last-sibling-br paragraph-pP9ZLC paragraph-element br-paragraph-space\">El dise\u00f1o seguro de la tapa garantiza que la botella de agua de acero inoxidable de color rojo intenso sea a prueba de fugas, por lo que puedes meterla en tu mochila sin preocuparte por los derrames. La amplia abertura facilita la limpieza y permite llenarla f\u00e1cilmente con hielo, fruta u otros ingredientes para mejorar la bebida.<\/div>","protected":false},"excerpt":{"rendered":"<table style=\"height: 304px\" width=\"672\">\n<tbody>\n<tr>\n<td>Modelo (n\u00famero de producto):<\/td>\n<td>AU-BT0252<\/td>\n<\/tr>\n<tr>\n<td>Tama\u00f1o del producto:<\/td>\n<td>6,8 x 6,8 x 7 cm 750 ml<\/td>\n<\/tr>\n<tr>\n<td>Material del producto<\/td>\n<td>SS201 + PP + SILICONA<\/td>\n<\/tr>\n<tr>\n<td>Color del producto:<\/td>\n<td>Personalizado<\/td>\n<\/tr>\n<tr>\n<td>Informaci\u00f3n sobre el empaque:<\/td>\n<td>12 piezas por caja<\/td>\n<\/tr>\n<tr>\n<td>Cantidad m\u00ednima de pedido:<\/td>\n<td>3000 unidades<\/td>\n<\/tr>\n<tr>\n<td>Origen:<\/td>\n<td>China<\/td>\n<\/tr>\n<tr>\n<td>Precio:<\/td>\n<td>Negociaci\u00f3n<\/td>\n<\/tr>\n<\/tbody>\n<\/table>","protected":false},"featured_media":12936,"comment_status":"open","ping_status":"closed","template":"","meta":{"_acf_changed":false},"product_brand":[135],"product_cat":[52,20],"product_tag":[138],"class_list":{"0":"post-12935","1":"product","2":"type-product","3":"status-publish","4":"has-post-thumbnail","6":"product_brand-auspace","7":"product_cat-stainless-steel-water-bottle","8":"product_cat-water-bottles","9":"product_tag-popular","10":"pif-has-gallery","12":"first","13":"instock","14":"shipping-taxable","15":"purchasable","16":"product-type-simple"},"acf":[],"_links":{"self":[{"href":"https:\/\/www.auspacekitchenware.com\/es\/wp-json\/wp\/v2\/product\/12935","targetHints":{"allow":["GET"]}}],"collection":[{"href":"https:\/\/www.auspacekitchenware.com\/es\/wp-json\/wp\/v2\/product"}],"about":[{"href":"https:\/\/www.auspacekitchenware.com\/es\/wp-json\/wp\/v2\/types\/product"}],"replies":[{"embeddable":true,"href":"https:\/\/www.auspacekitchenware.com\/es\/wp-json\/wp\/v2\/comments?post=12935"}],"wp:featuredmedia":[{"embeddable":true,"href":"https:\/\/www.auspacekitchenware.com\/es\/wp-json\/wp\/v2\/media\/12936"}],"wp:attachment":[{"href":"https:\/\/www.auspacekitchenware.com\/es\/wp-json\/wp\/v2\/media?parent=12935"}],"wp:term":[{"taxonomy":"product_brand","embeddable":true,"href":"https:\/\/www.auspacekitchenware.com\/es\/wp-json\/wp\/v2\/product_brand?post=12935"},{"taxonomy":"product_cat","embeddable":true,"href":"https:\/\/www.auspacekitchenware.com\/es\/wp-json\/wp\/v2\/product_cat?post=12935"},{"taxonomy":"product_tag","embeddable":true,"href":"https:\/\/www.auspacekitchenware.com\/es\/wp-json\/wp\/v2\/product_tag?post=12935"}],"curies":[{"name":"wp","href":"https:\/\/api.w.org\/{rel}","templated":true}]}}