{"id":12953,"date":"2025-11-25T07:48:15","date_gmt":"2025-11-25T07:48:15","guid":{"rendered":"https:\/\/auspacekitchenware.com\/?post_type=product&#038;p=12953"},"modified":"2025-11-25T07:53:53","modified_gmt":"2025-11-25T07:53:53","slug":"botella-de-viaje-vibrante-al-por-mayor","status":"publish","type":"product","link":"https:\/\/www.auspacekitchenware.com\/es\/vibrant-travel-bottle-wholesale\/","title":{"rendered":"Botella de viaje vibrante al por mayor"},"content":{"rendered":"<h3 data-start=\"475\" data-end=\"518\"><strong data-start=\"475\" data-end=\"518\">Estructura ligera y f\u00e1cil de transportar<\/strong><\/h3>\n<p data-start=\"520\" data-end=\"840\">La botella de viaje Vibrant Travel Bottle Wholesale presenta un dise\u00f1o delgado y ligero que facilita su transporte en mochilas, bolsos o bolsas de gimnasio sin ocupar mucho espacio. Su cuerpo cil\u00edndrico es f\u00e1cil de agarrar y su estructura compacta se adapta c\u00f3modamente a la mano, lo que la hace ideal para actividades al aire libre, uso escolar y necesidades diarias de hidrataci\u00f3n.<\/p>\n<h3 data-start=\"842\" data-end=\"875\"><strong data-start=\"842\" data-end=\"875\">Estilo de dise\u00f1o atrevido y divertido<\/strong><\/h3>\n<p data-start=\"877\" data-end=\"1183\">La botella de viaje Vibrant Travel Bottle Wholesale presenta una alegre combinaci\u00f3n de colores \u2014un suave azul cielo combinado con un anillo amarillo brillante\u2014 que le da un aspecto moderno y juvenil. Este divertido dise\u00f1o es especialmente adecuado para estudiantes, ni\u00f1os y marcas que buscan opciones de vasos y tazas promocionales divertidas y llamativas.<\/p>\n<h3 data-start=\"1185\" data-end=\"1225\"><strong data-start=\"1185\" data-end=\"1225\">Cierre seguro y comodidad diaria<\/strong><\/h3>\n<p data-start=\"1227\" data-end=\"1505\">La botella de viaje Vibrant Travel Bottle Wholesale viene con una tapa segura de tipo presionable que ayuda a evitar derrames accidentales durante el transporte. El dise\u00f1o de la tapa garantiza una apertura y cierre suaves, lo que ofrece una experiencia de consumo sin complicaciones, ya sea en la oficina, en clase o mientras te desplazas.<\/p>\n<h3 data-start=\"1507\" data-end=\"1548\"><strong data-start=\"1507\" data-end=\"1548\">Vers\u00e1til para m\u00faltiples tipos de bebidas<\/strong><\/h3>\n<p data-start=\"1550\" data-end=\"1910\">La botella de viaje Vibrant Travel Bottle Wholesale est\u00e1 dise\u00f1ada para contener diversas bebidas, como agua, jugos, t\u00e9 o bebidas deportivas. Sus materiales duraderos soportan un uso diario repetido, lo que la hace adecuada para hogares, escuelas, campos deportivos y viajes. Esta versatilidad la convierte en una opci\u00f3n pr\u00e1ctica para mayoristas y minoristas que buscan recipientes para bebidas multifuncionales.<\/p>","protected":false},"excerpt":{"rendered":"<table style=\"height: 304px\" width=\"672\">\n<tbody>\n<tr>\n<td>Modelo (n\u00famero de producto):<\/td>\n<td>AU-BT0259<\/td>\n<\/tr>\n<tr>\n<td>Tama\u00f1o del producto:<\/td>\n<td>7*7,5*24 cm 550 ml<\/td>\n<\/tr>\n<tr>\n<td>Material del producto<\/td>\n<td>SS304 + SS201 + PP<\/td>\n<\/tr>\n<tr>\n<td>Color del producto:<\/td>\n<td>Personalizado<\/td>\n<\/tr>\n<tr>\n<td>Informaci\u00f3n sobre el empaque:<\/td>\n<td>4 piezas por caja<\/td>\n<\/tr>\n<tr>\n<td>Cantidad m\u00ednima de pedido:<\/td>\n<td>3000 unidades<\/td>\n<\/tr>\n<tr>\n<td>Origen:<\/td>\n<td>China<\/td>\n<\/tr>\n<tr>\n<td>Precio:<\/td>\n<td>Negociaci\u00f3n<\/td>\n<\/tr>\n<\/tbody>\n<\/table>","protected":false},"featured_media":12957,"comment_status":"open","ping_status":"closed","template":"","meta":{"_acf_changed":false},"product_brand":[135],"product_cat":[52,20],"product_tag":[],"class_list":{"0":"post-12953","1":"product","2":"type-product","3":"status-publish","4":"has-post-thumbnail","6":"product_brand-auspace","7":"product_cat-stainless-steel-water-bottle","8":"product_cat-water-bottles","9":"pif-has-gallery","11":"first","12":"instock","13":"shipping-taxable","14":"purchasable","15":"product-type-simple"},"acf":[],"_links":{"self":[{"href":"https:\/\/www.auspacekitchenware.com\/es\/wp-json\/wp\/v2\/product\/12953","targetHints":{"allow":["GET"]}}],"collection":[{"href":"https:\/\/www.auspacekitchenware.com\/es\/wp-json\/wp\/v2\/product"}],"about":[{"href":"https:\/\/www.auspacekitchenware.com\/es\/wp-json\/wp\/v2\/types\/product"}],"replies":[{"embeddable":true,"href":"https:\/\/www.auspacekitchenware.com\/es\/wp-json\/wp\/v2\/comments?post=12953"}],"wp:featuredmedia":[{"embeddable":true,"href":"https:\/\/www.auspacekitchenware.com\/es\/wp-json\/wp\/v2\/media\/12957"}],"wp:attachment":[{"href":"https:\/\/www.auspacekitchenware.com\/es\/wp-json\/wp\/v2\/media?parent=12953"}],"wp:term":[{"taxonomy":"product_brand","embeddable":true,"href":"https:\/\/www.auspacekitchenware.com\/es\/wp-json\/wp\/v2\/product_brand?post=12953"},{"taxonomy":"product_cat","embeddable":true,"href":"https:\/\/www.auspacekitchenware.com\/es\/wp-json\/wp\/v2\/product_cat?post=12953"},{"taxonomy":"product_tag","embeddable":true,"href":"https:\/\/www.auspacekitchenware.com\/es\/wp-json\/wp\/v2\/product_tag?post=12953"}],"curies":[{"name":"wp","href":"https:\/\/api.w.org\/{rel}","templated":true}]}}