{"id":2077,"date":"2025-02-17T12:12:38","date_gmt":"2025-02-17T12:12:38","guid":{"rendered":"https:\/\/auspacekitchenware.com\/?post_type=product&#038;p=2077"},"modified":"2025-02-18T06:36:09","modified_gmt":"2025-02-18T06:36:09","slug":"cajas-organizadoras-para-el-refrigerador","status":"publish","type":"product","link":"https:\/\/www.auspacekitchenware.com\/es\/refrigerator-organizer-bins\/","title":{"rendered":"Cajas organizadoras para refrigerador con caj\u00f3n extra\u00edble"},"content":{"rendered":"<p><strong>MATERIAL DE PRIMERA CALIDAD<\/strong><\/p>\n<p>El refrigerador <a href=\"https:\/\/www.auspacekitchenware.com\/es\/kitchen-organization\/\">organizador<\/a> Las cajas con cajones extra\u00edbles est\u00e1n fabricadas con PET apto para uso alimentario, un material m\u00e1s grueso y duradero que el pl\u00e1stico habitual de los organizadores. Gran resistencia a bajas temperaturas y aptas para el congelador. NOTA: No meter en el lavavajillas ni en el microondas.<\/p>\n<p><strong>ALMACENAMIENTO APILABLE<\/strong><\/p>\n<p>Estas cajas organizadoras para refrigerador permiten aprovechar el espacio de almacenamiento vertical al apilarlas. Podr\u00e1s acceder a los art\u00edculos de los cajones inferiores sin tener que sacar los superiores. Mant\u00e9n tu cocina ordenada, organizada y libre de polvo.<\/p>\n<p><strong>AMPLIO USO<\/strong><\/p>\n<p>Nuestras cajas organizadoras para refrigerador no solo se pueden colocar en la despensa, el refrigerador, el congelador o el armario para guardar diversas frutas y verduras. Tambi\u00e9n son muy adecuadas para el tocador y el ba\u00f1o, donde permiten organizar los cosm\u00e9ticos y cualquier otro objeto peque\u00f1o del d\u00eda a d\u00eda.<img fetchpriority=\"high\" decoding=\"async\" class=\"alignnone size-full wp-image-2084\" src=\"https:\/\/www.auspacekitchenware.com\/wp-content\/uploads\/2025\/02\/pexels-rachel-claire-4992465_\u526f\u672c2-2025021712091012.webp\" alt=\"\" width=\"1400\" height=\"400\" \/><\/p>","protected":false},"excerpt":{"rendered":"<table style=\"height: 304px\" width=\"672\">\n<tbody>\n<tr>\n<td>Modelo (n\u00famero de producto):<\/td>\n<td>TY-9087<\/td>\n<\/tr>\n<tr>\n<td>Tama\u00f1o del producto:<\/td>\n<td>21,5 x 24,5 x 14,2 cm<\/td>\n<\/tr>\n<tr>\n<td>Material del producto:<\/td>\n<td>PET<\/td>\n<\/tr>\n<tr>\n<td>Color del producto:<\/td>\n<td>Transparente<\/td>\n<\/tr>\n<tr>\n<td>Informaci\u00f3n sobre el empaque:<\/td>\n<td>20 piezas por caja<\/td>\n<\/tr>\n<tr>\n<td>Cantidad m\u00ednima de pedido:<\/td>\n<td>1000 unidades<\/td>\n<\/tr>\n<tr>\n<td>Origen:<\/td>\n<td>China<\/td>\n<\/tr>\n<tr>\n<td>Precio:<\/td>\n<td>Negociaci\u00f3n<\/td>\n<\/tr>\n<\/tbody>\n<\/table>","protected":false},"featured_media":2081,"comment_status":"open","ping_status":"closed","template":"","meta":{"_acf_changed":false},"product_brand":[],"product_cat":[51,19],"product_tag":[],"class_list":{"0":"post-2077","1":"product","2":"type-product","3":"status-publish","4":"has-post-thumbnail","6":"product_cat-fridge-organisers","7":"product_cat-kitchen-organization","8":"pif-has-gallery","10":"first","11":"instock","12":"shipping-taxable","13":"product-type-simple"},"acf":[],"_links":{"self":[{"href":"https:\/\/www.auspacekitchenware.com\/es\/wp-json\/wp\/v2\/product\/2077","targetHints":{"allow":["GET"]}}],"collection":[{"href":"https:\/\/www.auspacekitchenware.com\/es\/wp-json\/wp\/v2\/product"}],"about":[{"href":"https:\/\/www.auspacekitchenware.com\/es\/wp-json\/wp\/v2\/types\/product"}],"replies":[{"embeddable":true,"href":"https:\/\/www.auspacekitchenware.com\/es\/wp-json\/wp\/v2\/comments?post=2077"}],"wp:featuredmedia":[{"embeddable":true,"href":"https:\/\/www.auspacekitchenware.com\/es\/wp-json\/wp\/v2\/media\/2081"}],"wp:attachment":[{"href":"https:\/\/www.auspacekitchenware.com\/es\/wp-json\/wp\/v2\/media?parent=2077"}],"wp:term":[{"taxonomy":"product_brand","embeddable":true,"href":"https:\/\/www.auspacekitchenware.com\/es\/wp-json\/wp\/v2\/product_brand?post=2077"},{"taxonomy":"product_cat","embeddable":true,"href":"https:\/\/www.auspacekitchenware.com\/es\/wp-json\/wp\/v2\/product_cat?post=2077"},{"taxonomy":"product_tag","embeddable":true,"href":"https:\/\/www.auspacekitchenware.com\/es\/wp-json\/wp\/v2\/product_tag?post=2077"}],"curies":[{"name":"wp","href":"https:\/\/api.w.org\/{rel}","templated":true}]}}