{"id":2092,"date":"2025-02-17T12:26:40","date_gmt":"2025-02-17T12:26:40","guid":{"rendered":"https:\/\/auspacekitchenware.com\/?post_type=product&#038;p=2092"},"modified":"2025-02-18T06:19:30","modified_gmt":"2025-02-18T06:19:30","slug":"refrigerator-organizer-bins-2","status":"publish","type":"product","link":"https:\/\/www.auspacekitchenware.com\/es\/refrigerator-organizer-bins-2\/","title":{"rendered":"2 Pack Refrigerator Organizer Bins with Pull-out Drawer"},"content":{"rendered":"<p><strong>MATERIAL DE PRIMERA CALIDAD<\/strong><\/p>\n<p>The refrigerator organizer bins with pull-out drawer are made of food grade PET material, which is thicker and more durable than ordinary plastic organizers. Strong low temperature resistance and freezer safe. NOTE: Do not put in the dishwasher or microwave<\/p>\n<p><strong>STACKABLE <a href=\"https:\/\/www.auspacekitchenware.com\/es\/kitchen-organization\/\">STORAGE<\/a><\/strong><\/p>\n<p>Get vertical storage space by stacking these refrigerator organizer bins. You can access the items of the lower drawers without having to remove the upper ones. Keep your kitchen tidy, organized and dust-free<\/p>\n<p><strong>AMPLIO USO<\/strong><\/p>\n<p>Nuestras cajas organizadoras para refrigerador no solo se pueden colocar en la despensa, el refrigerador, el congelador o el armario para guardar diversas frutas y verduras. Tambi\u00e9n son muy adecuadas para el tocador y el ba\u00f1o, donde permiten organizar los cosm\u00e9ticos y cualquier otro objeto peque\u00f1o del d\u00eda a d\u00eda.<img fetchpriority=\"high\" decoding=\"async\" class=\"alignnone size-full wp-image-2099\" src=\"https:\/\/www.auspacekitchenware.com\/wp-content\/uploads\/2025\/02\/pexels-rachel-claire-4992465_\u526f\u672c3-2025021712253575.webp\" alt=\"\" width=\"1400\" height=\"400\" \/><\/p>","protected":false},"excerpt":{"rendered":"<table style=\"height: 304px\" width=\"672\">\n<tbody>\n<tr>\n<td>Modelo (n\u00famero de producto):<\/td>\n<td>TY-9087<\/td>\n<\/tr>\n<tr>\n<td>Tama\u00f1o del producto:<\/td>\n<td>21,5 x 24,5 x 14,2 cm<\/td>\n<\/tr>\n<tr>\n<td>Material del producto:<\/td>\n<td>PET<\/td>\n<\/tr>\n<tr>\n<td>Color del producto:<\/td>\n<td>Transparente<\/td>\n<\/tr>\n<tr>\n<td>Informaci\u00f3n sobre el empaque:<\/td>\n<td>20 piezas por caja<\/td>\n<\/tr>\n<tr>\n<td>Cantidad m\u00ednima de pedido:<\/td>\n<td>1000 unidades<\/td>\n<\/tr>\n<tr>\n<td>Origen:<\/td>\n<td>China<\/td>\n<\/tr>\n<tr>\n<td>Precio:<\/td>\n<td>Negociaci\u00f3n<\/td>\n<\/tr>\n<\/tbody>\n<\/table>","protected":false},"featured_media":2096,"comment_status":"open","ping_status":"closed","template":"","meta":{"_acf_changed":false},"product_brand":[],"product_cat":[51,19],"product_tag":[],"class_list":{"0":"post-2092","1":"product","2":"type-product","3":"status-publish","4":"has-post-thumbnail","6":"product_cat-fridge-organisers","7":"product_cat-kitchen-organization","8":"pif-has-gallery","10":"first","11":"instock","12":"shipping-taxable","13":"product-type-simple"},"acf":[],"_links":{"self":[{"href":"https:\/\/www.auspacekitchenware.com\/es\/wp-json\/wp\/v2\/product\/2092","targetHints":{"allow":["GET"]}}],"collection":[{"href":"https:\/\/www.auspacekitchenware.com\/es\/wp-json\/wp\/v2\/product"}],"about":[{"href":"https:\/\/www.auspacekitchenware.com\/es\/wp-json\/wp\/v2\/types\/product"}],"replies":[{"embeddable":true,"href":"https:\/\/www.auspacekitchenware.com\/es\/wp-json\/wp\/v2\/comments?post=2092"}],"wp:featuredmedia":[{"embeddable":true,"href":"https:\/\/www.auspacekitchenware.com\/es\/wp-json\/wp\/v2\/media\/2096"}],"wp:attachment":[{"href":"https:\/\/www.auspacekitchenware.com\/es\/wp-json\/wp\/v2\/media?parent=2092"}],"wp:term":[{"taxonomy":"product_brand","embeddable":true,"href":"https:\/\/www.auspacekitchenware.com\/es\/wp-json\/wp\/v2\/product_brand?post=2092"},{"taxonomy":"product_cat","embeddable":true,"href":"https:\/\/www.auspacekitchenware.com\/es\/wp-json\/wp\/v2\/product_cat?post=2092"},{"taxonomy":"product_tag","embeddable":true,"href":"https:\/\/www.auspacekitchenware.com\/es\/wp-json\/wp\/v2\/product_tag?post=2092"}],"curies":[{"name":"wp","href":"https:\/\/api.w.org\/{rel}","templated":true}]}}