{"id":2720,"date":"2025-02-19T12:03:29","date_gmt":"2025-02-19T12:03:29","guid":{"rendered":"https:\/\/auspacekitchenware.com\/?post_type=product&#038;p=2720"},"modified":"2025-02-27T09:05:01","modified_gmt":"2025-02-27T09:05:01","slug":"batidor-de-huevos-de-acero-inoxidable","status":"publish","type":"product","link":"https:\/\/www.auspacekitchenware.com\/es\/stainless-steel-hand-egg-whisk\/","title":{"rendered":"Batidor de huevos de acero inoxidable"},"content":{"rendered":"<p>Batidor de huevos de acero inoxidable<\/p>\n<ul class=\"\">\n<li>RESISTENTE Y DURADERO: Fabricado con acero inoxidable y materiales met\u00e1licos de alta calidad, este mezclador para reposter\u00eda est\u00e1 dise\u00f1ado para soportar un uso intensivo en la cocina dom\u00e9stica, lo que garantiza que seguir\u00e1 siendo un compa\u00f1ero fiable para los reposteros y los amantes de la reposter\u00eda durante muchos a\u00f1os.<\/li>\n<li>SOSTENIBLE Y ECOL\u00d3GICO: Este producto se ha dise\u00f1ado teniendo en cuenta la sostenibilidad, lo que permite a los usuarios reducir su impacto en el medio ambiente sin renunciar a disfrutar de una experiencia de reposter\u00eda y panader\u00eda de alta calidad.<\/li>\n<li>OPCIONES DE PERSONALIZACI\u00d3N DISPONIBLES: Nuestras batidoras de huevos y amasadoras manuales para panader\u00eda al por mayor se pueden personalizar, lo que las hace ideales para empresas que desean a\u00f1adir su propio logotipo o marca a sus productos.<\/li>\n<li>MEZCLA Y REMUEVE F\u00c1CILMENTE: Con su dise\u00f1o resistente y sus bordes lisos, esta batidora de reposter\u00eda facilita mezclar y remover los ingredientes, lo que la convierte en un elemento imprescindible para cualquier cocina dom\u00e9stica o panader\u00eda profesional.<\/li>\n<li>Plazo de entrega r\u00e1pido: Ofrecemos un plazo de entrega r\u00e1pido de 3 a 7 d\u00edas para las muestras, lo que garantiza que las empresas puedan comercializar r\u00e1pidamente los productos y satisfacer las necesidades de los clientes, buscando un env\u00edo r\u00e1pido de acuerdo con los requisitos del cliente.<\/li>\n<\/ul>\n<p><img fetchpriority=\"high\" decoding=\"async\" class=\"alignnone size-full wp-image-2645\" src=\"https:\/\/www.auspacekitchenware.com\/wp-content\/uploads\/2025\/02\/\u8be6\u60c5\u9875-2025021910460462.webp\" alt=\"Batir\" width=\"1400\" height=\"400\" \/><\/p>","protected":false},"excerpt":{"rendered":"<table style=\"height: 304px\" width=\"672\">\n<tbody>\n<tr>\n<td>Modelo (n\u00famero de producto):<\/td>\n<td>AS-25B29<\/td>\n<\/tr>\n<tr>\n<td>Tama\u00f1o del producto:<\/td>\n<td>31,5 x 8,5 x 8,5 cm<\/td>\n<\/tr>\n<tr>\n<td>Material del producto:<\/td>\n<td>Acero inoxidable<\/td>\n<\/tr>\n<tr>\n<td>Color del producto:<\/td>\n<td>Personalizado<\/td>\n<\/tr>\n<tr>\n<td>Informaci\u00f3n sobre el empaque:<\/td>\n<td>24 piezas por caja<\/td>\n<\/tr>\n<tr>\n<td>Cantidad m\u00ednima de pedido:<\/td>\n<td>500 unidades<\/td>\n<\/tr>\n<tr>\n<td>Origen:<\/td>\n<td>China<\/td>\n<\/tr>\n<tr>\n<td>Precio:<\/td>\n<td>Negociaci\u00f3n<\/td>\n<\/tr>\n<\/tbody>\n<\/table>","protected":false},"featured_media":2725,"comment_status":"open","ping_status":"closed","template":"","meta":{"_acf_changed":false},"product_brand":[],"product_cat":[18,47],"product_tag":[58],"class_list":{"0":"post-2720","1":"product","2":"type-product","3":"status-publish","4":"has-post-thumbnail","6":"product_cat-bakeware","7":"product_cat-whisks-bakeware","8":"product_tag-featured","9":"pif-has-gallery","11":"first","12":"instock","13":"shipping-taxable","14":"product-type-simple"},"acf":[],"_links":{"self":[{"href":"https:\/\/www.auspacekitchenware.com\/es\/wp-json\/wp\/v2\/product\/2720","targetHints":{"allow":["GET"]}}],"collection":[{"href":"https:\/\/www.auspacekitchenware.com\/es\/wp-json\/wp\/v2\/product"}],"about":[{"href":"https:\/\/www.auspacekitchenware.com\/es\/wp-json\/wp\/v2\/types\/product"}],"replies":[{"embeddable":true,"href":"https:\/\/www.auspacekitchenware.com\/es\/wp-json\/wp\/v2\/comments?post=2720"}],"wp:featuredmedia":[{"embeddable":true,"href":"https:\/\/www.auspacekitchenware.com\/es\/wp-json\/wp\/v2\/media\/2725"}],"wp:attachment":[{"href":"https:\/\/www.auspacekitchenware.com\/es\/wp-json\/wp\/v2\/media?parent=2720"}],"wp:term":[{"taxonomy":"product_brand","embeddable":true,"href":"https:\/\/www.auspacekitchenware.com\/es\/wp-json\/wp\/v2\/product_brand?post=2720"},{"taxonomy":"product_cat","embeddable":true,"href":"https:\/\/www.auspacekitchenware.com\/es\/wp-json\/wp\/v2\/product_cat?post=2720"},{"taxonomy":"product_tag","embeddable":true,"href":"https:\/\/www.auspacekitchenware.com\/es\/wp-json\/wp\/v2\/product_tag?post=2720"}],"curies":[{"name":"wp","href":"https:\/\/api.w.org\/{rel}","templated":true}]}}