{"id":2966,"date":"2025-02-20T11:15:49","date_gmt":"2025-02-20T11:15:49","guid":{"rendered":"https:\/\/auspacekitchenware.com\/?post_type=product&#038;p=2966"},"modified":"2025-02-27T09:03:26","modified_gmt":"2025-02-27T09:03:26","slug":"fabricante-de-cucharas-medidoras-con-escala-ajustable","status":"publish","type":"product","link":"https:\/\/www.auspacekitchenware.com\/es\/adjustable-scale-measuring-spoon-manufacturer\/","title":{"rendered":"Fabricante de cucharas medidoras con escala ajustable"},"content":{"rendered":"<p>Fabricante de cucharas medidoras con escala ajustable<\/p>\n<p>Ajuste de varias velocidades, m\u00e1s f\u00e1cil de cocinar.<br \/>\nSe pueden ajustar m\u00faltiples velocidades, se puede utilizar con una sola pulsaci\u00f3n, es muy flexible y hace que cocinar y hornear sea m\u00e1s pr\u00e1ctico.<\/p>\n<p>Dos balanzas, toma la cantidad con una mano.<br \/>\nHay dos marcas de escala en mililitros y gramos, cu\u00e1nto tomar con una mano, evitando eficazmente el desperdicio y la cantidad insuficiente.<\/p>\n<p>Dise\u00f1o de doble cabezal, para satisfacer diferentes necesidades.<br \/>\nDise\u00f1o de doble cabezal: el cabezal peque\u00f1o es adecuado para tomar todo tipo de condimentos, etc. El cabezal grande es adecuado para harina, caf\u00e9 molido y salsas aceitosas.<\/p>\n<p><img fetchpriority=\"high\" decoding=\"async\" class=\"alignnone size-full wp-image-2939\" src=\"https:\/\/www.auspacekitchenware.com\/wp-content\/uploads\/2025\/02\/\u8be6\u60c5\u9875-2025022010475086.webp\" alt=\"Taza y cuchara medidoras\" width=\"1400\" height=\"400\" \/><\/p>","protected":false},"excerpt":{"rendered":"<table style=\"height: 304px\" width=\"672\">\n<tbody>\n<tr>\n<td>Modelo (n\u00famero de producto):<\/td>\n<td>AS-25B36<\/td>\n<\/tr>\n<tr>\n<td>Tama\u00f1o del producto:<\/td>\n<td>22 x 3 x 3 cm<\/td>\n<\/tr>\n<tr>\n<td>Material del producto:<\/td>\n<td>PP<\/td>\n<\/tr>\n<tr>\n<td>Color del producto:<\/td>\n<td>Personalizado<\/td>\n<\/tr>\n<tr>\n<td>Informaci\u00f3n sobre el empaque:<\/td>\n<td>24 piezas por caja<\/td>\n<\/tr>\n<tr>\n<td>Cantidad m\u00ednima de pedido:<\/td>\n<td>500 unidades<\/td>\n<\/tr>\n<tr>\n<td>Origen:<\/td>\n<td>China<\/td>\n<\/tr>\n<tr>\n<td>Precio:<\/td>\n<td>Negociaci\u00f3n<\/td>\n<\/tr>\n<\/tbody>\n<\/table>","protected":false},"featured_media":2967,"comment_status":"open","ping_status":"closed","template":"","meta":{"_acf_changed":false},"product_brand":[],"product_cat":[18,48],"product_tag":[58],"class_list":{"0":"post-2966","1":"product","2":"type-product","3":"status-publish","4":"has-post-thumbnail","6":"product_cat-bakeware","7":"product_cat-measuring-cups-spoons-bakeware","8":"product_tag-featured","9":"pif-has-gallery","11":"first","12":"instock","13":"shipping-taxable","14":"product-type-simple"},"acf":[],"_links":{"self":[{"href":"https:\/\/www.auspacekitchenware.com\/es\/wp-json\/wp\/v2\/product\/2966","targetHints":{"allow":["GET"]}}],"collection":[{"href":"https:\/\/www.auspacekitchenware.com\/es\/wp-json\/wp\/v2\/product"}],"about":[{"href":"https:\/\/www.auspacekitchenware.com\/es\/wp-json\/wp\/v2\/types\/product"}],"replies":[{"embeddable":true,"href":"https:\/\/www.auspacekitchenware.com\/es\/wp-json\/wp\/v2\/comments?post=2966"}],"wp:featuredmedia":[{"embeddable":true,"href":"https:\/\/www.auspacekitchenware.com\/es\/wp-json\/wp\/v2\/media\/2967"}],"wp:attachment":[{"href":"https:\/\/www.auspacekitchenware.com\/es\/wp-json\/wp\/v2\/media?parent=2966"}],"wp:term":[{"taxonomy":"product_brand","embeddable":true,"href":"https:\/\/www.auspacekitchenware.com\/es\/wp-json\/wp\/v2\/product_brand?post=2966"},{"taxonomy":"product_cat","embeddable":true,"href":"https:\/\/www.auspacekitchenware.com\/es\/wp-json\/wp\/v2\/product_cat?post=2966"},{"taxonomy":"product_tag","embeddable":true,"href":"https:\/\/www.auspacekitchenware.com\/es\/wp-json\/wp\/v2\/product_tag?post=2966"}],"curies":[{"name":"wp","href":"https:\/\/api.w.org\/{rel}","templated":true}]}}