{"id":2979,"date":"2025-02-20T11:46:14","date_gmt":"2025-02-20T11:46:14","guid":{"rendered":"https:\/\/auspacekitchenware.com\/?post_type=product&#038;p=2979"},"modified":"2025-02-27T09:03:17","modified_gmt":"2025-02-27T09:03:17","slug":"fabricante-de-tazas-y-cucharas-medidoras-de-plastico","status":"publish","type":"product","link":"https:\/\/www.auspacekitchenware.com\/es\/plastic-measuring-cup-and-spoons-manufacturer\/","title":{"rendered":"Fabricante de cucharas y tazas medidoras de pl\u00e1stico"},"content":{"rendered":"<p>Fabricante de cucharas y tazas medidoras de pl\u00e1stico<\/p>\n<ul class=\"\" data-spm-anchor-id=\"a2700.details.0.i110.6f7956e9CpYPv4\">\n<li>Dise\u00f1o duradero y sostenible: este producto cuenta con una estructura de pl\u00e1stico resistente fabricada con material PS, lo que garantiza un rendimiento duradero y confiable. Su dise\u00f1o sostenible tambi\u00e9n resulta atractivo para los consumidores preocupados por el medio ambiente.<\/li>\n<li>Opciones personalizables: los productos se pueden personalizar con un logotipo personalizado, lo que permite a las empresas promocionar eficazmente su marca. Adem\u00e1s, el empaque se puede personalizar para satisfacer requisitos espec\u00edficos, lo que lo hace ideal para regalos corporativos o art\u00edculos promocionales.<\/li>\n<li>DISE\u00d1O MULTIFUNCIONAL: Este producto incluye una taza medidora digital, una cuchara medidora y una esp\u00e1tula graduada, lo que lo convierte en una herramienta pr\u00e1ctica y eficaz tanto para reposteros aficionados como para chefs profesionales.<\/li>\n<li>Medici\u00f3n precisa: Las cucharas y tazas medidoras est\u00e1n dise\u00f1adas con marcas de medici\u00f3n precisas para garantizar una medici\u00f3n exacta en todo momento.<\/li>\n<li>F\u00e1cil de usar: este producto est\u00e1 dise\u00f1ado para ser f\u00e1cil de usar, con marcas f\u00e1ciles de leer y un dise\u00f1o sencillo, lo que lo hace f\u00e1cil de usar, incluso para aquellos con poca experiencia en reposter\u00eda.<\/li>\n<\/ul>\n<p><img fetchpriority=\"high\" decoding=\"async\" class=\"size-full wp-image-2939 aligncenter\" src=\"https:\/\/www.auspacekitchenware.com\/wp-content\/uploads\/2025\/02\/\u8be6\u60c5\u9875-2025022010475086.webp\" alt=\"Taza y cuchara medidoras\" width=\"1400\" height=\"400\" \/><\/p>","protected":false},"excerpt":{"rendered":"<table style=\"height: 304px\" width=\"672\">\n<tbody>\n<tr>\n<td>Modelo (n\u00famero de producto):<\/td>\n<td>AS-25B38<\/td>\n<\/tr>\n<tr>\n<td>Tama\u00f1o del producto:<\/td>\n<td>14 x 10 x 5 cm<\/td>\n<\/tr>\n<tr>\n<td>Material del producto:<\/td>\n<td>PP<\/td>\n<\/tr>\n<tr>\n<td>Color del producto:<\/td>\n<td>Personalizado<\/td>\n<\/tr>\n<tr>\n<td>Informaci\u00f3n sobre el empaque:<\/td>\n<td>24 piezas por caja<\/td>\n<\/tr>\n<tr>\n<td>Cantidad m\u00ednima de pedido:<\/td>\n<td>500 unidades<\/td>\n<\/tr>\n<tr>\n<td>Origen:<\/td>\n<td>China<\/td>\n<\/tr>\n<tr>\n<td>Precio:<\/td>\n<td>Negociaci\u00f3n<\/td>\n<\/tr>\n<\/tbody>\n<\/table>","protected":false},"featured_media":2980,"comment_status":"open","ping_status":"closed","template":"","meta":{"_acf_changed":false},"product_brand":[],"product_cat":[18,48],"product_tag":[58],"class_list":{"0":"post-2979","1":"product","2":"type-product","3":"status-publish","4":"has-post-thumbnail","6":"product_cat-bakeware","7":"product_cat-measuring-cups-spoons-bakeware","8":"product_tag-featured","9":"pif-has-gallery","11":"first","12":"instock","13":"shipping-taxable","14":"product-type-simple"},"acf":[],"_links":{"self":[{"href":"https:\/\/www.auspacekitchenware.com\/es\/wp-json\/wp\/v2\/product\/2979","targetHints":{"allow":["GET"]}}],"collection":[{"href":"https:\/\/www.auspacekitchenware.com\/es\/wp-json\/wp\/v2\/product"}],"about":[{"href":"https:\/\/www.auspacekitchenware.com\/es\/wp-json\/wp\/v2\/types\/product"}],"replies":[{"embeddable":true,"href":"https:\/\/www.auspacekitchenware.com\/es\/wp-json\/wp\/v2\/comments?post=2979"}],"wp:featuredmedia":[{"embeddable":true,"href":"https:\/\/www.auspacekitchenware.com\/es\/wp-json\/wp\/v2\/media\/2980"}],"wp:attachment":[{"href":"https:\/\/www.auspacekitchenware.com\/es\/wp-json\/wp\/v2\/media?parent=2979"}],"wp:term":[{"taxonomy":"product_brand","embeddable":true,"href":"https:\/\/www.auspacekitchenware.com\/es\/wp-json\/wp\/v2\/product_brand?post=2979"},{"taxonomy":"product_cat","embeddable":true,"href":"https:\/\/www.auspacekitchenware.com\/es\/wp-json\/wp\/v2\/product_cat?post=2979"},{"taxonomy":"product_tag","embeddable":true,"href":"https:\/\/www.auspacekitchenware.com\/es\/wp-json\/wp\/v2\/product_tag?post=2979"}],"curies":[{"name":"wp","href":"https:\/\/api.w.org\/{rel}","templated":true}]}}