{"id":3425,"date":"2025-02-24T01:22:54","date_gmt":"2025-02-24T01:22:54","guid":{"rendered":"https:\/\/auspacekitchenware.com\/?post_type=product&#038;p=3425"},"modified":"2025-02-27T08:59:44","modified_gmt":"2025-02-27T08:59:44","slug":"fabricante-de-50-recipientes-grandes-para-almacenar-alimentos-con-tapa","status":"publish","type":"product","link":"https:\/\/www.auspacekitchenware.com\/es\/50-pcs-large-food-storage-containers-with-lids-manufacturer\/","title":{"rendered":"50 piezas de recipientes grandes para almacenar alimentos con tapas Fabricante"},"content":{"rendered":"<p>50 piezas de recipientes grandes para almacenar alimentos con tapas Fabricante<\/p>\n<p><span id=\"tl_1\"><span>Variedades con mayor capacidad: los recipientes grandes son perfectos para platos principales, y los 25 recipientes y 25 tapas de diferentes tama\u00f1os son ideales para diferentes tipos de platos principales. Este juego incluye 16 recipientes rectangulares (2 de 85 oz, 2 de 51 oz, 2 de 27 oz, 2 de 13.5 oz, 4 de 8 oz, 4 de 4 oz), 4 recipientes redondos (1 de 51 oz, 1 de 27 oz, 1 de 13.5 oz, 1 de 6 oz) y 5 recipientes peque\u00f1os (5 de 1.4 oz).<\/span><\/span><\/p>\n<div><span id=\"tl_2\"><span>DISE\u00d1O APILABLE QUE AHORRA ESPACIO: Estos recipientes de pl\u00e1stico transparente para alimentos, imprescindibles en cualquier primer departamento, son muy f\u00e1ciles de apilar para organizar la despensa y se pueden encajar entre s\u00ed para dejar m\u00e1s espacio en las encimeras y los armarios de la cocina, adem\u00e1s de que se pueden apilar perfectamente para que quepan en el refrigerador y el congelador.<\/span><\/span><\/div>\n<div><span id=\"tl_3\"><span>A PRUEBA DE FUGAS Y OTRAS VENTAJAS: Nuestros recipientes herm\u00e9ticos para preparar comidas con tapas de cierre a presi\u00f3n en los cuatro lados son aptos para microondas (sin tapa), congelador y lavavajillas, y tambi\u00e9n son ideales para transportar y almacenar alimentos, ya que son 100% a prueba de fugas. Ahora puede almacenar todo sin preocuparse por las fugas.<\/span><\/span><\/div>\n<div><span id=\"tl_4\"><span>DURADEROS Y REUTILIZABLES: La fabricaci\u00f3n de pl\u00e1stico garantiza que estos recipientes para alimentos no se agrieten ni se rompan al usarlos, usarlos y reutilizarlos, con una satisfacci\u00f3n del 100% sin causar un desgaste prematuro.<\/span><\/span><\/div>\n<div><span id=\"tl_5\"><span>Servicio al cliente: Si tiene alguna pregunta sobre nuestros recipientes para almacenar alimentos, no dude en ponerse en contacto con nosotros. Estamos a su disposici\u00f3n y responderemos a sus preguntas lo antes posible.<\/span><\/span><img fetchpriority=\"high\" decoding=\"async\" class=\"alignnone size-full wp-image-3270\" src=\"https:\/\/www.auspacekitchenware.com\/wp-content\/uploads\/2025\/02\/\u8be6\u60c5\u9875-2025022108370055.webp\" alt=\"Recipiente para alimentos\" width=\"1400\" height=\"400\" \/><\/div>","protected":false},"excerpt":{"rendered":"<table style=\"height: 304px\" width=\"672\">\n<tbody>\n<tr>\n<td>Modelo (n\u00famero de producto):<\/td>\n<td>AS-25B54<\/td>\n<\/tr>\n<tr>\n<td>Tama\u00f1o del producto:<\/td>\n<td>2*85 oz, 2*51 oz, 2*27 oz, 2*13,5 oz, 4*8 oz, 4*4 oz<\/td>\n<\/tr>\n<tr>\n<td>Material del producto:<\/td>\n<td>Vidrio + PP<\/td>\n<\/tr>\n<tr>\n<td>Color del producto:<\/td>\n<td>Personalizado<\/td>\n<\/tr>\n<tr>\n<td>Informaci\u00f3n sobre el empaque:<\/td>\n<td>24 piezas por caja<\/td>\n<\/tr>\n<tr>\n<td>Cantidad m\u00ednima de pedido:<\/td>\n<td>500 unidades<\/td>\n<\/tr>\n<tr>\n<td>Origen:<\/td>\n<td>China<\/td>\n<\/tr>\n<tr>\n<td>Precio:<\/td>\n<td>Negociaci\u00f3n<\/td>\n<\/tr>\n<\/tbody>\n<\/table>","protected":false},"featured_media":3430,"comment_status":"open","ping_status":"closed","template":"","meta":{"_acf_changed":false},"product_brand":[],"product_cat":[19,49],"product_tag":[58],"class_list":{"0":"post-3425","1":"product","2":"type-product","3":"status-publish","4":"has-post-thumbnail","6":"product_cat-kitchen-organization","7":"product_cat-food-containers","8":"product_tag-featured","9":"pif-has-gallery","11":"first","12":"instock","13":"shipping-taxable","14":"product-type-simple"},"acf":[],"_links":{"self":[{"href":"https:\/\/www.auspacekitchenware.com\/es\/wp-json\/wp\/v2\/product\/3425","targetHints":{"allow":["GET"]}}],"collection":[{"href":"https:\/\/www.auspacekitchenware.com\/es\/wp-json\/wp\/v2\/product"}],"about":[{"href":"https:\/\/www.auspacekitchenware.com\/es\/wp-json\/wp\/v2\/types\/product"}],"replies":[{"embeddable":true,"href":"https:\/\/www.auspacekitchenware.com\/es\/wp-json\/wp\/v2\/comments?post=3425"}],"wp:featuredmedia":[{"embeddable":true,"href":"https:\/\/www.auspacekitchenware.com\/es\/wp-json\/wp\/v2\/media\/3430"}],"wp:attachment":[{"href":"https:\/\/www.auspacekitchenware.com\/es\/wp-json\/wp\/v2\/media?parent=3425"}],"wp:term":[{"taxonomy":"product_brand","embeddable":true,"href":"https:\/\/www.auspacekitchenware.com\/es\/wp-json\/wp\/v2\/product_brand?post=3425"},{"taxonomy":"product_cat","embeddable":true,"href":"https:\/\/www.auspacekitchenware.com\/es\/wp-json\/wp\/v2\/product_cat?post=3425"},{"taxonomy":"product_tag","embeddable":true,"href":"https:\/\/www.auspacekitchenware.com\/es\/wp-json\/wp\/v2\/product_tag?post=3425"}],"curies":[{"name":"wp","href":"https:\/\/api.w.org\/{rel}","templated":true}]}}