{"id":3563,"date":"2025-02-25T05:51:08","date_gmt":"2025-02-25T05:51:08","guid":{"rendered":"https:\/\/auspacekitchenware.com\/?post_type=product&#038;p=3563"},"modified":"2025-03-03T08:30:28","modified_gmt":"2025-03-03T08:30:28","slug":"mixed-bowls-wholesale-supplier-8","status":"publish","type":"product","link":"https:\/\/www.auspacekitchenware.com\/es\/mixed-bowls-wholesale-supplier-8\/","title":{"rendered":"Proveedor mayorista de tazones mixtos: OEM y personalizados disponibles"},"content":{"rendered":"<p data-start=\"44\" data-end=\"265\"><strong data-start=\"44\" data-end=\"69\">Vers\u00e1til y multiuso<\/strong><\/p>\n<p data-start=\"44\" data-end=\"265\">Los tazones mixtos son perfectos para una amplia gama de tareas, incluyendo mezclar, batir y servir. Su versatilidad los hace esenciales tanto en cocinas dom\u00e9sticas como en entornos de preparaci\u00f3n de alimentos comerciales.<\/p>\n<p data-start=\"270\" data-end=\"522\"><strong data-start=\"270\" data-end=\"297\">Duradero y f\u00e1cil de limpiar<\/strong><\/p>\n<p data-start=\"270\" data-end=\"522\">Fabricados con materiales de alta calidad, como acero inoxidable, vidrio o pl\u00e1stico sin BPA, los tazones mixtos est\u00e1n dise\u00f1ados para durar y resistir las manchas, los olores y los rayones. Son f\u00e1ciles de limpiar, lo que los hace ideales para cocinas muy utilizadas.<\/p>\n<p data-start=\"527\" data-end=\"786\"><strong data-start=\"527\" data-end=\"555\">Ahorra espacio y apilable<\/strong><\/p>\n<p data-start=\"527\" data-end=\"786\">Muchos tazones mixtos est\u00e1n dise\u00f1ados para ser apilables, lo que ayuda a ahorrar un valioso espacio de almacenamiento. Esta caracter\u00edstica es especialmente beneficiosa para los minoristas y mayoristas que buscan ofrecer soluciones eficientes y que ahorran espacio para utensilios de cocina al por mayor.<\/p>\n<p data-start=\"527\" data-end=\"786\"><img fetchpriority=\"high\" decoding=\"async\" class=\"alignnone size-full wp-image-3483\" src=\"https:\/\/www.auspacekitchenware.com\/wp-content\/uploads\/2025\/02\/222-2025022502082676.webp\" alt=\"Taz\u00f3n mixto - 01\" width=\"1400\" height=\"400\" \/><\/p>","protected":false},"excerpt":{"rendered":"<table style=\"height: 304px\" width=\"672\">\n<tbody>\n<tr>\n<td>Modelo (n\u00famero de producto):<\/td>\n<td>DY-008<\/td>\n<\/tr>\n<tr>\n<td>Tama\u00f1o del producto:<\/td>\n<td>\n<div data-spm-anchor-id=\"a2700.pc-decorate.0.i9.53b13333C9MlZE\">2000ml,3500ml<\/div>\n<\/td>\n<\/tr>\n<tr>\n<td>Material del producto:<\/td>\n<td>High borosilicate glass<\/td>\n<\/tr>\n<tr>\n<td>Color del producto:<\/td>\n<td>transparent<\/td>\n<\/tr>\n<tr>\n<td>Informaci\u00f3n sobre el empaque:<\/td>\n<td>20 piezas por caja<\/td>\n<\/tr>\n<tr>\n<td>Cantidad m\u00ednima de pedido:<\/td>\n<td>1000 unidades<\/td>\n<\/tr>\n<tr>\n<td>Origen:<\/td>\n<td>China<\/td>\n<\/tr>\n<tr>\n<td>Precio:<\/td>\n<td>Negociaci\u00f3n<\/td>\n<\/tr>\n<\/tbody>\n<\/table>","protected":false},"featured_media":3564,"comment_status":"open","ping_status":"closed","template":"","meta":{"_acf_changed":false},"product_brand":[],"product_cat":[18,46],"product_tag":[58],"class_list":{"0":"post-3563","1":"product","2":"type-product","3":"status-publish","4":"has-post-thumbnail","6":"product_cat-bakeware","7":"product_cat-mixed-bowls-bakeware","8":"product_tag-featured","9":"pif-has-gallery","11":"first","12":"instock","13":"shipping-taxable","14":"product-type-simple"},"acf":[],"_links":{"self":[{"href":"https:\/\/www.auspacekitchenware.com\/es\/wp-json\/wp\/v2\/product\/3563","targetHints":{"allow":["GET"]}}],"collection":[{"href":"https:\/\/www.auspacekitchenware.com\/es\/wp-json\/wp\/v2\/product"}],"about":[{"href":"https:\/\/www.auspacekitchenware.com\/es\/wp-json\/wp\/v2\/types\/product"}],"replies":[{"embeddable":true,"href":"https:\/\/www.auspacekitchenware.com\/es\/wp-json\/wp\/v2\/comments?post=3563"}],"wp:featuredmedia":[{"embeddable":true,"href":"https:\/\/www.auspacekitchenware.com\/es\/wp-json\/wp\/v2\/media\/3564"}],"wp:attachment":[{"href":"https:\/\/www.auspacekitchenware.com\/es\/wp-json\/wp\/v2\/media?parent=3563"}],"wp:term":[{"taxonomy":"product_brand","embeddable":true,"href":"https:\/\/www.auspacekitchenware.com\/es\/wp-json\/wp\/v2\/product_brand?post=3563"},{"taxonomy":"product_cat","embeddable":true,"href":"https:\/\/www.auspacekitchenware.com\/es\/wp-json\/wp\/v2\/product_cat?post=3563"},{"taxonomy":"product_tag","embeddable":true,"href":"https:\/\/www.auspacekitchenware.com\/es\/wp-json\/wp\/v2\/product_tag?post=3563"}],"curies":[{"name":"wp","href":"https:\/\/api.w.org\/{rel}","templated":true}]}}