{"id":3898,"date":"2025-03-14T07:01:03","date_gmt":"2025-03-14T07:01:03","guid":{"rendered":"https:\/\/auspacekitchenware.com\/?post_type=product&#038;p=3898"},"modified":"2025-03-14T07:01:03","modified_gmt":"2025-03-14T07:01:03","slug":"baking-mats-supplier-2-2-2","status":"publish","type":"product","link":"https:\/\/www.auspacekitchenware.com\/es\/baking-mats-supplier-2-2-2\/","title":{"rendered":"L\u00e1mina de silicona antiadherente personalizable para reposter\u00eda Juego de l\u00e1minas de silicona antideslizantes para hornear"},"content":{"rendered":"<p data-start=\"151\" data-end=\"355\"><strong data-start=\"151\" data-end=\"181\">Durabilidad y reutilizaci\u00f3n<\/strong><\/p>\n<p data-start=\"151\" data-end=\"355\">Estas alfombrillas est\u00e1n dise\u00f1adas para un uso repetido, manteniendo su integridad a lo largo del tiempo. Esta longevidad reduce la frecuencia de los reemplazos, lo que supone un ahorro de costos para las empresas.<\/p>\n<p data-start=\"360\" data-end=\"532\"><strong data-start=\"360\" data-end=\"381\">Superficie antiadherente<\/strong><\/p>\n<p data-start=\"360\" data-end=\"532\">Las propiedades antiadherentes inherentes eliminan la necesidad de engrasar adicionalmente, lo que garantiza que los productos horneados se desprendan f\u00e1cilmente y simplifica los procesos de limpieza.<\/p>\n<p data-start=\"537\" data-end=\"719\"><strong data-start=\"537\" data-end=\"563\">Resistencia a la temperatura<\/strong><\/p>\n<p data-start=\"537\" data-end=\"719\">\u00a0Capaces de soportar un amplio rango de temperaturas, las tapetes para hornear son vers\u00e1tiles para diversas aplicaciones de horneado, desde la congelaci\u00f3n hasta el horneado a altas temperaturas.<\/p>\n<p data-start=\"537\" data-end=\"719\"><img fetchpriority=\"high\" decoding=\"async\" class=\"alignnone size-full wp-image-3888\" src=\"https:\/\/www.auspacekitchenware.com\/wp-content\/uploads\/2025\/03\/Best-Silicone-Baking-Mats-FW-tout-39a70c7ff49e428393cdf3a7c0326e3c-2025031406153735.webp\" alt=\"Baking mats - 02\" width=\"1400\" height=\"400\" \/><\/p>","protected":false},"excerpt":{"rendered":"<table style=\"height: 304px\" width=\"672\">\n<tbody>\n<tr>\n<td>Modelo (n\u00famero de producto):<\/td>\n<td>\u00a0AM-003<\/td>\n<\/tr>\n<tr>\n<td>Tama\u00f1o del producto:<\/td>\n<td>\n<div data-spm-anchor-id=\"a2700.pc-decorate.0.i9.53b13333C9MlZE\">42*29.5cm<\/div>\n<\/td>\n<\/tr>\n<tr>\n<td>Material del producto:<\/td>\n<td>Silicona<\/td>\n<\/tr>\n<tr>\n<td>Color del producto:<\/td>\n<td>Red, Black<\/td>\n<\/tr>\n<tr>\n<td>Informaci\u00f3n sobre el empaque:<\/td>\n<td>20 piezas por caja<\/td>\n<\/tr>\n<tr>\n<td>Cantidad m\u00ednima de pedido:<\/td>\n<td>1000 unidades<\/td>\n<\/tr>\n<tr>\n<td>Origen:<\/td>\n<td>China<\/td>\n<\/tr>\n<tr>\n<td>Precio:<\/td>\n<td>Negociaci\u00f3n<\/td>\n<\/tr>\n<\/tbody>\n<\/table>","protected":false},"featured_media":3899,"comment_status":"open","ping_status":"closed","template":"","meta":{"_acf_changed":false},"product_brand":[],"product_cat":[18,81],"product_tag":[],"class_list":{"0":"post-3898","1":"product","2":"type-product","3":"status-publish","4":"has-post-thumbnail","6":"product_cat-bakeware","7":"product_cat-baking-mats-bakeware","8":"pif-has-gallery","10":"first","11":"instock","12":"shipping-taxable","13":"product-type-simple"},"acf":[],"_links":{"self":[{"href":"https:\/\/www.auspacekitchenware.com\/es\/wp-json\/wp\/v2\/product\/3898","targetHints":{"allow":["GET"]}}],"collection":[{"href":"https:\/\/www.auspacekitchenware.com\/es\/wp-json\/wp\/v2\/product"}],"about":[{"href":"https:\/\/www.auspacekitchenware.com\/es\/wp-json\/wp\/v2\/types\/product"}],"replies":[{"embeddable":true,"href":"https:\/\/www.auspacekitchenware.com\/es\/wp-json\/wp\/v2\/comments?post=3898"}],"wp:featuredmedia":[{"embeddable":true,"href":"https:\/\/www.auspacekitchenware.com\/es\/wp-json\/wp\/v2\/media\/3899"}],"wp:attachment":[{"href":"https:\/\/www.auspacekitchenware.com\/es\/wp-json\/wp\/v2\/media?parent=3898"}],"wp:term":[{"taxonomy":"product_brand","embeddable":true,"href":"https:\/\/www.auspacekitchenware.com\/es\/wp-json\/wp\/v2\/product_brand?post=3898"},{"taxonomy":"product_cat","embeddable":true,"href":"https:\/\/www.auspacekitchenware.com\/es\/wp-json\/wp\/v2\/product_cat?post=3898"},{"taxonomy":"product_tag","embeddable":true,"href":"https:\/\/www.auspacekitchenware.com\/es\/wp-json\/wp\/v2\/product_tag?post=3898"}],"curies":[{"name":"wp","href":"https:\/\/api.w.org\/{rel}","templated":true}]}}