{"id":4106,"date":"2025-03-17T09:42:10","date_gmt":"2025-03-17T09:42:10","guid":{"rendered":"https:\/\/auspacekitchenware.com\/?post_type=product&#038;p=4106"},"modified":"2025-03-18T05:31:19","modified_gmt":"2025-03-18T05:31:19","slug":"rodillo-antiadherente-al-por-mayor","status":"publish","type":"product","link":"https:\/\/www.auspacekitchenware.com\/es\/non-stick-rolling-pin-wholesale\/","title":{"rendered":"Venta al por mayor de rodillos antiadherentes"},"content":{"rendered":"<h3>Excelente recubrimiento antiadherente para desmoldar los alimentos sin esfuerzo.<\/h3>\n<p>Con el recubrimiento antiadherente ILAG, independientemente del tipo de comida deliciosa que est\u00e9 horneando, los alimentos se desprenden f\u00e1cilmente del molde o del utensilio sin pegarse. El rodillo antiadherente aporta una gran comodidad al proceso de cocci\u00f3n y hace que todo salga a la perfecci\u00f3n.<\/p>\n<h3>Una buena ayuda para dar forma a la masa<\/h3>\n<p>Este rodillo antiadherente tiene ventajas \u00fanicas. Se puede refrigerar. Cuando preparas masa, evita eficazmente que se ablande, manteniendo siempre la dureza adecuada, lo que facilita su manejo y te ayuda a extender l\u00e1minas de masa uniformes y perfectas con facilidad.<\/p>\n<h3>Dise\u00f1o ergon\u00f3mico, c\u00f3modo y pr\u00e1ctico<\/h3>\n<p>El mango est\u00e1 dise\u00f1ado seg\u00fan criterios ergon\u00f3micos, con un contorno que se adapta a la forma de la mano. Este dise\u00f1o proporciona una sensaci\u00f3n de agarre extremadamente c\u00f3moda, y la mano no se cansa incluso despu\u00e9s de un uso prolongado, lo que facilita las tareas durante el proceso de cocci\u00f3n.<\/p>\n<h3>Longitud ideal para satisfacer diversas necesidades de horneado<\/h3>\n<p>Este rodillo antiadherente tiene una longitud perfecta de 30 cm, lo que lo convierte en la opci\u00f3n ideal para extender masas de pizza grandes y l\u00e1minas de masa para galletas. Tanto si est\u00e1s preparando una masa de pizza para toda la familia como una gran cantidad de masa para galletas, este rodillo te facilitar\u00e1 la tarea y te garantizar\u00e1 que puedas extender la masa con el tama\u00f1o adecuado y la forma regular en todo momento.<\/p>\n<p><span class=\"a-list-item\"><img fetchpriority=\"high\" decoding=\"async\" class=\"alignnone size-full wp-image-4120\" src=\"https:\/\/www.auspacekitchenware.com\/wp-content\/uploads\/2025\/03\/L1-2025031709414898.webp\" alt=\"\" width=\"1400\" height=\"400\" \/><\/span><\/p>","protected":false},"excerpt":{"rendered":"<table style=\"height: 304px\" width=\"672\">\n<tbody>\n<tr>\n<td>Modelo (n\u00famero de producto):<\/td>\n<td>TT25RP02<\/td>\n<\/tr>\n<tr>\n<td>Tama\u00f1o del producto:<\/td>\n<td>\n<div data-spm-anchor-id=\"a2700.pc-decorate.0.i9.53b13333C9MlZE\">\n<p>52 cm de largo x 6,3 cm de ancho<\/p>\n<\/div>\n<\/td>\n<\/tr>\n<tr>\n<td>Material del producto:<\/td>\n<td>Acero<\/td>\n<\/tr>\n<tr>\n<td>Color del producto:<\/td>\n<td>Plata<\/td>\n<\/tr>\n<tr>\n<td>Informaci\u00f3n sobre el empaque:<\/td>\n<td>20 piezas por caja<\/td>\n<\/tr>\n<tr>\n<td>Cantidad m\u00ednima de pedido:<\/td>\n<td>500 unidades<\/td>\n<\/tr>\n<tr>\n<td>Origen:<\/td>\n<td>China<\/td>\n<\/tr>\n<tr>\n<td>Precio:<\/td>\n<td>Negociaci\u00f3n<\/td>\n<\/tr>\n<\/tbody>\n<\/table>","protected":false},"featured_media":4113,"comment_status":"open","ping_status":"closed","template":"","meta":{"_acf_changed":false},"product_brand":[],"product_cat":[75,83],"product_tag":[58],"class_list":{"0":"post-4106","1":"product","2":"type-product","3":"status-publish","4":"has-post-thumbnail","6":"product_cat-rolling-pins-kitchen-utensils","7":"product_cat-rolling-pins-bakeware","8":"product_tag-featured","9":"pif-has-gallery","11":"first","12":"instock","13":"shipping-taxable","14":"product-type-simple"},"acf":[],"_links":{"self":[{"href":"https:\/\/www.auspacekitchenware.com\/es\/wp-json\/wp\/v2\/product\/4106","targetHints":{"allow":["GET"]}}],"collection":[{"href":"https:\/\/www.auspacekitchenware.com\/es\/wp-json\/wp\/v2\/product"}],"about":[{"href":"https:\/\/www.auspacekitchenware.com\/es\/wp-json\/wp\/v2\/types\/product"}],"replies":[{"embeddable":true,"href":"https:\/\/www.auspacekitchenware.com\/es\/wp-json\/wp\/v2\/comments?post=4106"}],"wp:featuredmedia":[{"embeddable":true,"href":"https:\/\/www.auspacekitchenware.com\/es\/wp-json\/wp\/v2\/media\/4113"}],"wp:attachment":[{"href":"https:\/\/www.auspacekitchenware.com\/es\/wp-json\/wp\/v2\/media?parent=4106"}],"wp:term":[{"taxonomy":"product_brand","embeddable":true,"href":"https:\/\/www.auspacekitchenware.com\/es\/wp-json\/wp\/v2\/product_brand?post=4106"},{"taxonomy":"product_cat","embeddable":true,"href":"https:\/\/www.auspacekitchenware.com\/es\/wp-json\/wp\/v2\/product_cat?post=4106"},{"taxonomy":"product_tag","embeddable":true,"href":"https:\/\/www.auspacekitchenware.com\/es\/wp-json\/wp\/v2\/product_tag?post=4106"}],"curies":[{"name":"wp","href":"https:\/\/api.w.org\/{rel}","templated":true}]}}