{"id":4349,"date":"2025-03-20T09:02:34","date_gmt":"2025-03-20T09:02:34","guid":{"rendered":"https:\/\/auspacekitchenware.com\/?post_type=product&#038;p=4349"},"modified":"2025-05-14T10:27:46","modified_gmt":"2025-05-14T10:27:46","slug":"stainless-steel-bento-box-wholesale","status":"publish","type":"product","link":"https:\/\/www.auspacekitchenware.com\/es\/stainless-steel-bento-box-wholesale\/","title":{"rendered":"Venta al por mayor de fiambreras de acero inoxidable"},"content":{"rendered":"<p><strong><span class=\"a-list-item\">Material de acero inoxidable de calidad<\/span><\/strong><\/p>\n<p><span class=\"a-list-item\"> crafted with stainless steel material, the stainless steel bento box is built to last; It provides nice strength and durability, ensuring long lasting use even with frequent use; With its robust build, you&#8217;ll never have to worry about dents or warping, providing you with a reliable and safe food storage solution<\/span><\/p>\n<p><strong><span class=\"a-list-item\">Clips con cierre para evitar fugas<\/span><\/strong><\/p>\n<p><span class=\"a-list-item\">the metal lunch container is designed with lockable clips that firmly secures the lid in place, avoiding leaks and spills, even when you&#8217;re outside; This creates a reliable and practical food storage solution, allowing you to pack anything from saucy curries to juicy fruits without any leaks or messes<\/span><\/p>\n<p><strong><span class=\"a-list-item\">Reutilizable y apto para lavavajillas<\/span><\/strong><\/p>\n<p><span class=\"a-list-item\">the stainless steel containers are dishwasher safe and reusable, making them ideal options for preparing food; They are also easy to clean and maintain, avoiding the need for disposable food containers<\/span><\/p>\n<p><strong><span class=\"a-list-item\">Tama\u00f1os port\u00e1tiles y adecuados<\/span><\/strong><\/p>\n<p><span class=\"a-list-item\">El recipiente para comida de acero inoxidable tiene un dise\u00f1o compacto y port\u00e1til, lo que facilita su transporte al exterior. El recipiente mide aproximadamente 14 cm de largo, 10,3 cm de ancho y 5,8 cm de alto. Su pr\u00e1ctico tama\u00f1o y forma se adaptan bien a la mayor\u00eda de las bolsas para comida, maletines y mochilas, lo que le permite disfrutar de sus comidas en cualquier momento y en cualquier lugar.<\/span><\/p>\n<p><strong><span class=\"a-list-item\">Nice Gift and Multi Purpose<\/span><\/strong><\/p>\n<p><span class=\"a-list-item\">the metal food container is a thoughtful and practical gift for your partners and family members; It&#8217;s suitable for packing meals for work or picnics; It can also be applied as a storage container or lunchbox, making it a versatile and valuable item to have on hand<\/span><\/p>\n<p><img fetchpriority=\"high\" decoding=\"async\" class=\"alignnone size-full wp-image-4350\" src=\"https:\/\/www.auspacekitchenware.com\/wp-content\/uploads\/2025\/03\/71CJwE0u7L._AC_SX679__\u526f\u672c-2025032008422013.webp\" alt=\"\" width=\"1400\" height=\"400\" \/><\/p>","protected":false},"excerpt":{"rendered":"<table style=\"height: 304px\" width=\"672\">\n<tbody>\n<tr>\n<td>Modelo (n\u00famero de producto):<\/td>\n<td>HT-2503204<\/td>\n<\/tr>\n<tr>\n<td>Tama\u00f1o del producto:<\/td>\n<td>14 cm de largo x 10,3 cm de ancho x 5,8 cm de alto<\/td>\n<\/tr>\n<tr>\n<td>Material del producto:<\/td>\n<td>Acero inoxidable<\/td>\n<\/tr>\n<tr>\n<td>Color del producto:<\/td>\n<td>Personalizado<\/td>\n<\/tr>\n<tr>\n<td>Informaci\u00f3n sobre el empaque:<\/td>\n<td>24 piezas por caja<\/td>\n<\/tr>\n<tr>\n<td>Cantidad m\u00ednima de pedido:<\/td>\n<td>500 unidades<\/td>\n<\/tr>\n<tr>\n<td>Origen:<\/td>\n<td>China<\/td>\n<\/tr>\n<tr>\n<td>Precio:<\/td>\n<td>Negociaci\u00f3n<\/td>\n<\/tr>\n<\/tbody>\n<\/table>","protected":false},"featured_media":4433,"comment_status":"open","ping_status":"closed","template":"","meta":{"_acf_changed":false},"product_brand":[],"product_cat":[89],"product_tag":[58],"class_list":{"0":"post-4349","1":"product","2":"type-product","3":"status-publish","4":"has-post-thumbnail","6":"product_cat-plastic-lunch-box","7":"product_tag-featured","8":"pif-has-gallery","10":"first","11":"instock","12":"shipping-taxable","13":"product-type-simple"},"acf":[],"_links":{"self":[{"href":"https:\/\/www.auspacekitchenware.com\/es\/wp-json\/wp\/v2\/product\/4349","targetHints":{"allow":["GET"]}}],"collection":[{"href":"https:\/\/www.auspacekitchenware.com\/es\/wp-json\/wp\/v2\/product"}],"about":[{"href":"https:\/\/www.auspacekitchenware.com\/es\/wp-json\/wp\/v2\/types\/product"}],"replies":[{"embeddable":true,"href":"https:\/\/www.auspacekitchenware.com\/es\/wp-json\/wp\/v2\/comments?post=4349"}],"wp:featuredmedia":[{"embeddable":true,"href":"https:\/\/www.auspacekitchenware.com\/es\/wp-json\/wp\/v2\/media\/4433"}],"wp:attachment":[{"href":"https:\/\/www.auspacekitchenware.com\/es\/wp-json\/wp\/v2\/media?parent=4349"}],"wp:term":[{"taxonomy":"product_brand","embeddable":true,"href":"https:\/\/www.auspacekitchenware.com\/es\/wp-json\/wp\/v2\/product_brand?post=4349"},{"taxonomy":"product_cat","embeddable":true,"href":"https:\/\/www.auspacekitchenware.com\/es\/wp-json\/wp\/v2\/product_cat?post=4349"},{"taxonomy":"product_tag","embeddable":true,"href":"https:\/\/www.auspacekitchenware.com\/es\/wp-json\/wp\/v2\/product_tag?post=4349"}],"curies":[{"name":"wp","href":"https:\/\/api.w.org\/{rel}","templated":true}]}}