{"id":4420,"date":"2025-03-20T11:59:20","date_gmt":"2025-03-20T11:59:20","guid":{"rendered":"https:\/\/auspacekitchenware.com\/?post_type=product&#038;p=4420"},"modified":"2025-05-14T06:22:55","modified_gmt":"2025-05-14T06:22:55","slug":"fiambrera-bento-para-ninos-pequenos","status":"publish","type":"product","link":"https:\/\/www.auspacekitchenware.com\/es\/bento-lunch-box-for-kids-toddlers\/","title":{"rendered":"Lunch box bento para ni\u00f1os y beb\u00e9s"},"content":{"rendered":"<p><strong><span class=\"a-list-item\">MATERIAL SEGURO Y DURADERO<\/span><\/strong><\/p>\n<p><span class=\"a-list-item\">La lonchera Bento para ni\u00f1os est\u00e1 fabricada con materiales PP sin BPA, sin PVC, no t\u00f3xicos, etc. Su estuche resistente y su excelente cierre herm\u00e9tico permiten que tus hijos disfruten de un almuerzo completo y delicioso de forma segura.<\/span><\/p>\n<p><strong><span class=\"a-list-item\">SELLO COMPACTO Y A PRUEBA DE FUGAS<\/span><\/strong><\/p>\n<p><span class=\"a-list-item\">Cada compartimento est\u00e1 completamente sellado con silicona para evitar que los alimentos se muevan y se derramen. No guardes l\u00edquidos para evitar salpicaduras y peligros al abrir la lonchera.<\/span><\/p>\n<p><strong><span class=\"a-list-item\">LA ELECCI\u00d3N IDEAL DE MAM\u00c1<\/span><\/strong><\/p>\n<p><span class=\"a-list-item\">Sus 5\/6 compartimentos individuales facilitan el control de los h\u00e1bitos alimenticios saludables de tus hijos, ofrecen m\u00e1s opciones para el almuerzo y te ayudan a mantener un control m\u00e1s positivo sobre su creciente apetito. CAPACIDAD: 810 ml.<\/span><\/p>\n<p><strong><span class=\"a-list-item\">F\u00c1CIL DE LIMPIAR<\/span><\/strong><\/p>\n<p><span class=\"a-list-item\">La tapa de la lonchera Bento para ni\u00f1os se puede separar del recipiente para alimentos en la medida de lo posible, y la caja interior y el sello son extra\u00edbles, lo que facilita y agiliza la limpieza de esta lonchera.<\/span><\/p>\n<p><img fetchpriority=\"high\" decoding=\"async\" class=\"alignnone size-full wp-image-4421\" src=\"https:\/\/www.auspacekitchenware.com\/wp-content\/uploads\/2025\/03\/42b3898e-2756-4eea-b267-79728ee63aea.__CR00970600_PT0_SX970_V1___-2025032011581267.webp\" alt=\"\" width=\"1400\" height=\"400\" \/><\/p>","protected":false},"excerpt":{"rendered":"<table style=\"height: 304px\" width=\"672\">\n<tbody>\n<tr>\n<td>Modelo (n\u00famero de producto):<\/td>\n<td>AM-1070<\/td>\n<\/tr>\n<tr>\n<td>Tama\u00f1o del producto:<\/td>\n<td>21 cm (largo) x 15 cm (ancho) x 4,5 cm (alto)<\/td>\n<\/tr>\n<tr>\n<td>Material del producto:<\/td>\n<td>Pl\u00e1stico<\/td>\n<\/tr>\n<tr>\n<td>Color del producto:<\/td>\n<td>Personalizado<\/td>\n<\/tr>\n<tr>\n<td>Informaci\u00f3n sobre el empaque:<\/td>\n<td>24 piezas por caja<\/td>\n<\/tr>\n<tr>\n<td>Cantidad m\u00ednima de pedido:<\/td>\n<td>500 unidades<\/td>\n<\/tr>\n<tr>\n<td>Origen:<\/td>\n<td>China<\/td>\n<\/tr>\n<tr>\n<td>Precio:<\/td>\n<td>Negociaci\u00f3n<\/td>\n<\/tr>\n<\/tbody>\n<\/table>","protected":false},"featured_media":4424,"comment_status":"open","ping_status":"closed","template":"","meta":{"_acf_changed":false},"product_brand":[],"product_cat":[102,89],"product_tag":[],"class_list":{"0":"post-4420","1":"product","2":"type-product","3":"status-publish","4":"has-post-thumbnail","6":"product_cat-lunch-box","7":"product_cat-plastic-lunch-box","8":"pif-has-gallery","10":"first","11":"instock","12":"shipping-taxable","13":"product-type-simple"},"acf":[],"_links":{"self":[{"href":"https:\/\/www.auspacekitchenware.com\/es\/wp-json\/wp\/v2\/product\/4420","targetHints":{"allow":["GET"]}}],"collection":[{"href":"https:\/\/www.auspacekitchenware.com\/es\/wp-json\/wp\/v2\/product"}],"about":[{"href":"https:\/\/www.auspacekitchenware.com\/es\/wp-json\/wp\/v2\/types\/product"}],"replies":[{"embeddable":true,"href":"https:\/\/www.auspacekitchenware.com\/es\/wp-json\/wp\/v2\/comments?post=4420"}],"wp:featuredmedia":[{"embeddable":true,"href":"https:\/\/www.auspacekitchenware.com\/es\/wp-json\/wp\/v2\/media\/4424"}],"wp:attachment":[{"href":"https:\/\/www.auspacekitchenware.com\/es\/wp-json\/wp\/v2\/media?parent=4420"}],"wp:term":[{"taxonomy":"product_brand","embeddable":true,"href":"https:\/\/www.auspacekitchenware.com\/es\/wp-json\/wp\/v2\/product_brand?post=4420"},{"taxonomy":"product_cat","embeddable":true,"href":"https:\/\/www.auspacekitchenware.com\/es\/wp-json\/wp\/v2\/product_cat?post=4420"},{"taxonomy":"product_tag","embeddable":true,"href":"https:\/\/www.auspacekitchenware.com\/es\/wp-json\/wp\/v2\/product_tag?post=4420"}],"curies":[{"name":"wp","href":"https:\/\/api.w.org\/{rel}","templated":true}]}}