{"id":4535,"date":"2025-03-21T07:32:03","date_gmt":"2025-03-21T07:32:03","guid":{"rendered":"https:\/\/auspacekitchenware.com\/?post_type=product&#038;p=4535"},"modified":"2025-05-14T06:20:33","modified_gmt":"2025-05-14T06:20:33","slug":"fiambrera-de-acero-inoxidable-2","status":"publish","type":"product","link":"https:\/\/www.auspacekitchenware.com\/es\/stainless-steel-bento-box-2\/","title":{"rendered":"4 piezas de caja bento de acero inoxidable"},"content":{"rendered":"<p><strong><span class=\"a-list-item\">Material de acero inoxidable de calidad<\/span><\/strong><\/p>\n<p><span class=\"a-list-item\">Fabricada con acero inoxidable, la lonchera met\u00e1lica est\u00e1 dise\u00f1ada para durar. Ofrece una gran resistencia, lo que garantiza un uso prolongado incluso con un uso frecuente. Gracias a su robusta estructura, nunca tendr\u00e1s que preocuparte por abolladuras o deformaciones, lo que te proporciona una soluci\u00f3n fiable y segura para almacenar alimentos.<\/span><\/p>\n<p><strong><span class=\"a-list-item\">Clips con cierre para evitar fugas<\/span><\/strong><\/p>\n<p><span class=\"a-list-item\">La caja bento de acero inoxidable est\u00e1 dise\u00f1ada con clips con cierre que fijan firmemente la tapa en su sitio, evitando fugas y derrames, incluso cuando est\u00e1s fuera de casa. Esto la convierte en una soluci\u00f3n fiable y pr\u00e1ctica para guardar alimentos, ya que te permite llevar desde currys con salsa hasta frutas jugosas sin fugas ni derrames.<\/span><\/p>\n<p><strong><span class=\"a-list-item\">Reutilizable y apto para lavavajillas<\/span><\/strong><\/p>\n<p><span class=\"a-list-item\">Las cajas bento de acero inoxidable se pueden lavar en el lavavajillas y son reutilizables, lo que las convierte en opciones ideales para preparar alimentos. Adem\u00e1s, son f\u00e1ciles de limpiar y mantener, lo que evita la necesidad de utilizar envases desechables para alimentos.<\/span><\/p>\n<p><strong><span class=\"a-list-item\">Tama\u00f1os port\u00e1tiles y adecuados<\/span><\/strong><\/p>\n<p><span class=\"a-list-item\">El recipiente para comida de acero inoxidable tiene un dise\u00f1o compacto y port\u00e1til, lo que facilita su transporte al exterior. El recipiente mide aproximadamente 14 cm de largo, 10,3 cm de ancho y 5,8 cm de alto. Su pr\u00e1ctico tama\u00f1o y forma se adaptan bien a la mayor\u00eda de las bolsas para comida, maletines y mochilas, lo que le permite disfrutar de sus comidas en cualquier momento y en cualquier lugar.<\/span><\/p>\n<p><img fetchpriority=\"high\" decoding=\"async\" class=\"alignnone size-full wp-image-4540\" src=\"https:\/\/www.auspacekitchenware.com\/wp-content\/uploads\/2025\/03\/64868165-129b-40cb-a83c-8d70929adc72.__CR00970600_PT0_SX970_V1___-2025032107312774.webp\" alt=\"\" width=\"1400\" height=\"400\" \/><\/p>","protected":false},"excerpt":{"rendered":"<table style=\"height: 304px\" width=\"672\">\n<tbody>\n<tr>\n<td>Modelo (n\u00famero de producto):<\/td>\n<td>AM-1078<\/td>\n<\/tr>\n<tr>\n<td>Tama\u00f1o del producto:<\/td>\n<td>14 cm de largo x 10,3 cm de ancho x 5,8 cm de alto<\/td>\n<\/tr>\n<tr>\n<td>Material del producto:<\/td>\n<td>Acero inoxidable<\/td>\n<\/tr>\n<tr>\n<td>Color del producto:<\/td>\n<td>Personalizado<\/td>\n<\/tr>\n<tr>\n<td>Informaci\u00f3n sobre el empaque:<\/td>\n<td>24 piezas por caja<\/td>\n<\/tr>\n<tr>\n<td>Cantidad m\u00ednima de pedido:<\/td>\n<td>500 unidades<\/td>\n<\/tr>\n<tr>\n<td>Origen:<\/td>\n<td>China<\/td>\n<\/tr>\n<tr>\n<td>Precio:<\/td>\n<td>Negociaci\u00f3n<\/td>\n<\/tr>\n<\/tbody>\n<\/table>","protected":false},"featured_media":4541,"comment_status":"open","ping_status":"closed","template":"","meta":{"_acf_changed":false},"product_brand":[],"product_cat":[102,90],"product_tag":[],"class_list":{"0":"post-4535","1":"product","2":"type-product","3":"status-publish","4":"has-post-thumbnail","6":"product_cat-lunch-box","7":"product_cat-stainless-steel-lunch-box","8":"pif-has-gallery","10":"first","11":"instock","12":"shipping-taxable","13":"product-type-simple"},"acf":[],"_links":{"self":[{"href":"https:\/\/www.auspacekitchenware.com\/es\/wp-json\/wp\/v2\/product\/4535","targetHints":{"allow":["GET"]}}],"collection":[{"href":"https:\/\/www.auspacekitchenware.com\/es\/wp-json\/wp\/v2\/product"}],"about":[{"href":"https:\/\/www.auspacekitchenware.com\/es\/wp-json\/wp\/v2\/types\/product"}],"replies":[{"embeddable":true,"href":"https:\/\/www.auspacekitchenware.com\/es\/wp-json\/wp\/v2\/comments?post=4535"}],"wp:featuredmedia":[{"embeddable":true,"href":"https:\/\/www.auspacekitchenware.com\/es\/wp-json\/wp\/v2\/media\/4541"}],"wp:attachment":[{"href":"https:\/\/www.auspacekitchenware.com\/es\/wp-json\/wp\/v2\/media?parent=4535"}],"wp:term":[{"taxonomy":"product_brand","embeddable":true,"href":"https:\/\/www.auspacekitchenware.com\/es\/wp-json\/wp\/v2\/product_brand?post=4535"},{"taxonomy":"product_cat","embeddable":true,"href":"https:\/\/www.auspacekitchenware.com\/es\/wp-json\/wp\/v2\/product_cat?post=4535"},{"taxonomy":"product_tag","embeddable":true,"href":"https:\/\/www.auspacekitchenware.com\/es\/wp-json\/wp\/v2\/product_tag?post=4535"}],"curies":[{"name":"wp","href":"https:\/\/api.w.org\/{rel}","templated":true}]}}