{"id":4634,"date":"2025-03-25T08:43:30","date_gmt":"2025-03-25T08:43:30","guid":{"rendered":"https:\/\/auspacekitchenware.com\/?post_type=product&#038;p=4634"},"modified":"2025-03-25T08:43:30","modified_gmt":"2025-03-25T08:43:30","slug":"colador-de-acero-inoxidable","status":"publish","type":"product","link":"https:\/\/www.auspacekitchenware.com\/es\/stainless-steel-dish-strainer\/","title":{"rendered":"Colador de acero inoxidable con soporte para utensilios"},"content":{"rendered":"<p><strong><span class=\"a-list-item\">Gran capacidad: Dimensiones<\/span><\/strong><\/p>\n<p><span class=\"a-list-item\">(30,9 cm a 55,1 cm) de ancho x 41,6 cm de profundidad x 17 cm de alto. Equipado con un escurridor extensible que se coloca sobre el fregadero, el escurridor de platos de SNTD presenta un dise\u00f1o 2 en 1 que duplica el espacio de almacenamiento para guardar 10 platos, 12 tazones, 6 vasos, 1 sart\u00e9n y cubiertos. Desp\u00eddase de las encimeras desordenadas y disfrute de una cocina ordenada y organizada.<\/span><\/p>\n<p><strong><span class=\"a-list-item\">Drenaje eficaz<\/span><\/strong><\/p>\n<p><span class=\"a-list-item\">Con una bandeja de goteo en \u00e1ngulo y un pico de drenaje (15,4 cm-21,7 cm), nuestro escurridor de platos dirige el agua hacia el fregadero, no hacia la encimera. Las patas elevadas est\u00e1n dise\u00f1adas espec\u00edficamente para complementar los fregaderos con rebordes, ofreciendo una soluci\u00f3n donde otros escurridores de platos pueden fallar a la hora de drenar eficientemente el agua hacia el fregadero, evitando posibles fugas o acumulaciones de agua en la encimera.<\/span><\/p>\n<p><strong><span class=\"a-list-item\">Patas extensibles ajustables<\/span><\/strong><\/p>\n<p><span class=\"a-list-item\">El colador de acero inoxidable para fregadero cuenta con dos patas extensibles, lo que permite adaptarlo f\u00e1cilmente a diferentes fregaderos. La rejilla incorporada garantiza un secado seguro de los objetos grandes colocados en la rejilla y evita que se vuelquen o se deslicen hacia el fregadero. (Consejo: antes de realizar la compra, aseg\u00farese de que la anchura de su fregadero sea inferior a 54 cm, por si acaso no fuera compatible).<\/span><\/p>\n<p><strong><span class=\"a-list-item\">Material inoxidable<\/span><\/strong><\/p>\n<p><span class=\"a-list-item\">Escurridor de platos de acero inoxidable Fabricado con barandilla de acero met\u00e1lico de primera calidad, alambre recubierto y bandeja de goteo de PP antihuellas, nuestro escurridor de platos es resistente al \u00f3xido y puede utilizarse durante mucho tiempo, mientras que las patas recubiertas de goma garantizan que se mantenga en su sitio sin rayar la encimera.<\/span><\/p>\n<p><img fetchpriority=\"high\" decoding=\"async\" class=\"alignnone size-full wp-image-4640\" src=\"https:\/\/www.auspacekitchenware.com\/wp-content\/uploads\/2025\/03\/b9ee8786-3101-4a27-9d52-6eef103895d2.__CR00970600_PT0_SX970_V1___-2025032508414430.webp\" alt=\"\" width=\"1400\" height=\"400\" \/><\/p>","protected":false},"excerpt":{"rendered":"<table style=\"height: 304px\" width=\"672\">\n<tbody>\n<tr>\n<td>Modelo (n\u00famero de producto):<\/td>\n<td>AM-1083<\/td>\n<\/tr>\n<tr>\n<td>Tama\u00f1o del producto:<\/td>\n<td>30,5 cm (profundidad) x 42 cm (ancho) x 17 cm (alto)<\/td>\n<\/tr>\n<tr>\n<td>Material del producto:<\/td>\n<td>Metal<\/td>\n<\/tr>\n<tr>\n<td>Color del producto:<\/td>\n<td>Personalizado<\/td>\n<\/tr>\n<tr>\n<td>Informaci\u00f3n sobre el empaque:<\/td>\n<td>24 piezas por caja<\/td>\n<\/tr>\n<tr>\n<td>Cantidad m\u00ednima de pedido:<\/td>\n<td>500 unidades<\/td>\n<\/tr>\n<tr>\n<td>Origen:<\/td>\n<td>China<\/td>\n<\/tr>\n<tr>\n<td>Precio:<\/td>\n<td>Negociaci\u00f3n<\/td>\n<\/tr>\n<\/tbody>\n<\/table>","protected":false},"featured_media":4636,"comment_status":"open","ping_status":"closed","template":"","meta":{"_acf_changed":false},"product_brand":[],"product_cat":[19,87],"product_tag":[58],"class_list":{"0":"post-4634","1":"product","2":"type-product","3":"status-publish","4":"has-post-thumbnail","6":"product_cat-kitchen-organization","7":"product_cat-dish-drying-rack","8":"product_tag-featured","9":"pif-has-gallery","11":"first","12":"instock","13":"shipping-taxable","14":"product-type-simple"},"acf":[],"_links":{"self":[{"href":"https:\/\/www.auspacekitchenware.com\/es\/wp-json\/wp\/v2\/product\/4634","targetHints":{"allow":["GET"]}}],"collection":[{"href":"https:\/\/www.auspacekitchenware.com\/es\/wp-json\/wp\/v2\/product"}],"about":[{"href":"https:\/\/www.auspacekitchenware.com\/es\/wp-json\/wp\/v2\/types\/product"}],"replies":[{"embeddable":true,"href":"https:\/\/www.auspacekitchenware.com\/es\/wp-json\/wp\/v2\/comments?post=4634"}],"wp:featuredmedia":[{"embeddable":true,"href":"https:\/\/www.auspacekitchenware.com\/es\/wp-json\/wp\/v2\/media\/4636"}],"wp:attachment":[{"href":"https:\/\/www.auspacekitchenware.com\/es\/wp-json\/wp\/v2\/media?parent=4634"}],"wp:term":[{"taxonomy":"product_brand","embeddable":true,"href":"https:\/\/www.auspacekitchenware.com\/es\/wp-json\/wp\/v2\/product_brand?post=4634"},{"taxonomy":"product_cat","embeddable":true,"href":"https:\/\/www.auspacekitchenware.com\/es\/wp-json\/wp\/v2\/product_cat?post=4634"},{"taxonomy":"product_tag","embeddable":true,"href":"https:\/\/www.auspacekitchenware.com\/es\/wp-json\/wp\/v2\/product_tag?post=4634"}],"curies":[{"name":"wp","href":"https:\/\/api.w.org\/{rel}","templated":true}]}}