{"id":4734,"date":"2025-03-28T01:28:34","date_gmt":"2025-03-28T01:28:34","guid":{"rendered":"https:\/\/auspacekitchenware.com\/?post_type=product&#038;p=4734"},"modified":"2025-03-31T01:55:48","modified_gmt":"2025-03-31T01:55:48","slug":"vertical-dish-drying-rack-wholesale","status":"publish","type":"product","link":"https:\/\/www.auspacekitchenware.com\/es\/vertical-dish-drying-rack-wholesale\/","title":{"rendered":"Vertical Dish Drying Rack Wholesale"},"content":{"rendered":"<div id=\"featurebullets_feature_div\" class=\"celwidget\" data-feature-name=\"featurebullets\" data-csa-c-type=\"widget\" data-csa-c-content-id=\"featurebullets\" data-csa-c-slot-id=\"featurebullets_feature_div\" data-csa-c-asin=\"B08M189CPJ\" data-csa-c-is-in-initial-active-row=\"false\" data-csa-c-id=\"e07bx0-gd5ufp-ftm36-nvws2u\" data-cel-widget=\"featurebullets_feature_div\">\n<div id=\"feature-bullets\" class=\"a-section a-spacing-medium a-spacing-top-small\">\n<p><strong><span class=\"a-list-item\">Escurridor vertical para platos para encimeras de cocina peque\u00f1as<\/span><\/strong><\/p>\n<p><span class=\"a-list-item\">Una excelente soluci\u00f3n para a\u00f1adir espacio vertical en la encimera, con un dise\u00f1o sobre el fregadero que permite que el agua de los platos o cucharas se escurra directamente al fregadero, ideal para cocinas peque\u00f1as y como organizador de encimera. Todos los escurridores de platos y sus accesorios se pueden colgar y quitar a tu gusto.<\/span><\/p>\n<p><strong><span class=\"a-list-item\">Adjustable Size and Compatibility<\/span><\/strong><\/p>\n<p><span class=\"a-list-item\">(Length Adjustable From 26.8&#8243; to 34.6&#8243;) x Width 12.4&#8243; (Fixed) x Height 20.5&#8243; (Fixed). The middle bar away from the back wall is about 0.86 inches (22mm). The lower middle bar height is 7.3 inches (185mm). The Upper middle bar height is 18.3 inches(465mm). The integrated and wall-mounted faucet height should be under 17.5 inches (450mm).<\/span><\/p>\n<p><strong><span class=\"a-list-item\">Material y durabilidad<\/span><\/strong><\/p>\n<p><span class=\"a-list-item\">made of high-quality metal stainless steel for long-term use. The over-the-sink dish drying rack Load-bearing is 80 pounds.<\/span><\/p>\n<p><strong><span class=\"a-list-item\">M\u00faltiples colores y cestas ajustables<\/span><\/strong><\/p>\n<p><span class=\"a-list-item\">Los escurridores de platos en negro, blanco, marr\u00f3n y plateado se adaptan al estilo decorativo de su cocina. Adem\u00e1s, las cestas se pueden colocar en cualquier posici\u00f3n de las barras horizontales seg\u00fan sus necesidades.<\/span><\/p>\n<p><strong><span class=\"a-list-item\">Instalaci\u00f3n y uso<\/span><\/strong><\/p>\n<p><span class=\"a-list-item\">Instale f\u00e1cilmente el escurridor de platos sobre el fregadero con las instrucciones paso a paso que se incluyen en papel. Tambi\u00e9n proporcionamos instrucciones electr\u00f3nicas si es necesario. El escurridor de platos se extiende hasta ocupar 31,5 cm de fondo en la encimera.<\/span><\/p>\n<p><img fetchpriority=\"high\" decoding=\"async\" class=\"alignnone size-full wp-image-4676\" src=\"https:\/\/www.auspacekitchenware.com\/wp-content\/uploads\/2025\/03\/L1-2025032703222310.webp\" alt=\"\" width=\"1400\" height=\"400\" \/><\/p>\n<\/div>\n<\/div>","protected":false},"excerpt":{"rendered":"<table style=\"height: 304px\" width=\"672\">\n<tbody>\n<tr>\n<td>Modelo (n\u00famero de producto):<\/td>\n<td>TT25DR05<\/td>\n<\/tr>\n<tr>\n<td>Tama\u00f1o del producto:<\/td>\n<td>31,5 cm (profundidad) x 87,9 cm (ancho) x 52 cm (alto)<\/td>\n<\/tr>\n<tr>\n<td>Material del producto:<\/td>\n<td>Acero inoxidable<\/td>\n<\/tr>\n<tr>\n<td>Color del producto:<\/td>\n<td>Personalizado<\/td>\n<\/tr>\n<tr>\n<td>Informaci\u00f3n sobre el empaque:<\/td>\n<td>24 piezas por caja<\/td>\n<\/tr>\n<tr>\n<td>Cantidad m\u00ednima de pedido:<\/td>\n<td>500 unidades<\/td>\n<\/tr>\n<tr>\n<td>Origen:<\/td>\n<td>China<\/td>\n<\/tr>\n<tr>\n<td>Precio:<\/td>\n<td>Negociaci\u00f3n<\/td>\n<\/tr>\n<\/tbody>\n<\/table>","protected":false},"featured_media":4735,"comment_status":"open","ping_status":"closed","template":"","meta":{"_acf_changed":false},"product_brand":[],"product_cat":[87,19],"product_tag":[],"class_list":{"0":"post-4734","1":"product","2":"type-product","3":"status-publish","4":"has-post-thumbnail","6":"product_cat-dish-drying-rack","7":"product_cat-kitchen-organization","8":"pif-has-gallery","10":"first","11":"instock","12":"shipping-taxable","13":"product-type-simple"},"acf":[],"_links":{"self":[{"href":"https:\/\/www.auspacekitchenware.com\/es\/wp-json\/wp\/v2\/product\/4734","targetHints":{"allow":["GET"]}}],"collection":[{"href":"https:\/\/www.auspacekitchenware.com\/es\/wp-json\/wp\/v2\/product"}],"about":[{"href":"https:\/\/www.auspacekitchenware.com\/es\/wp-json\/wp\/v2\/types\/product"}],"replies":[{"embeddable":true,"href":"https:\/\/www.auspacekitchenware.com\/es\/wp-json\/wp\/v2\/comments?post=4734"}],"wp:featuredmedia":[{"embeddable":true,"href":"https:\/\/www.auspacekitchenware.com\/es\/wp-json\/wp\/v2\/media\/4735"}],"wp:attachment":[{"href":"https:\/\/www.auspacekitchenware.com\/es\/wp-json\/wp\/v2\/media?parent=4734"}],"wp:term":[{"taxonomy":"product_brand","embeddable":true,"href":"https:\/\/www.auspacekitchenware.com\/es\/wp-json\/wp\/v2\/product_brand?post=4734"},{"taxonomy":"product_cat","embeddable":true,"href":"https:\/\/www.auspacekitchenware.com\/es\/wp-json\/wp\/v2\/product_cat?post=4734"},{"taxonomy":"product_tag","embeddable":true,"href":"https:\/\/www.auspacekitchenware.com\/es\/wp-json\/wp\/v2\/product_tag?post=4734"}],"curies":[{"name":"wp","href":"https:\/\/api.w.org\/{rel}","templated":true}]}}