{"id":4751,"date":"2025-03-28T07:28:54","date_gmt":"2025-03-28T07:28:54","guid":{"rendered":"https:\/\/auspacekitchenware.com\/?post_type=product&#038;p=4751"},"modified":"2025-03-28T07:28:54","modified_gmt":"2025-03-28T07:28:54","slug":"escurridor-de-platos-de-dos-niveles","status":"publish","type":"product","link":"https:\/\/www.auspacekitchenware.com\/es\/2-tier-dish-drying-rack\/","title":{"rendered":"Escurridor de platos de dos niveles, resistente al \u00f3xido"},"content":{"rendered":"<p><strong><span class=\"a-list-item\">Escurridor de platos compacto para espacios reducidos<\/span><\/strong><\/p>\n<p><span class=\"a-list-item\">Este escurridor de platos de dos niveles satisface las necesidades diarias de almacenamiento de su cocina sin ocupar demasiado espacio en la encimera. Tiene capacidad para 13 platos y permite apilar varios tazones, tazas, cubiertos y tablas de cortar. Ideal para hogares peque\u00f1os de 1-2 personas, es perfecto para lugares con espacio limitado, como apartamentos, casas rodantes, etc.<\/span><\/p>\n<p><strong><span class=\"a-list-item\">Dise\u00f1o de dos niveles: gran capacidad<\/span><\/strong><\/p>\n<p><span class=\"a-list-item\">El dise\u00f1o de dos niveles maximiza el aprovechamiento del espacio en comparaci\u00f3n con una sola capa. La altura de 20 cm entre capas proporciona un amplio espacio para garantizar un acceso m\u00e1s f\u00e1cil a los art\u00edculos de la capa inferior. Teniendo en cuenta las limitaciones del armario, hemos ajustado la altura total para dar cabida a platos m\u00e1s grandes (hasta 26,7 cm), satisfaciendo as\u00ed las necesidades dom\u00e9sticas diarias. Tama\u00f1o: 49 cm de largo x 21 cm de ancho x 32,5 cm de alto.<\/span><\/p>\n<p><strong><span class=\"a-list-item\">Bandeja recogegotas desmontable<\/span><\/strong><\/p>\n<p><span class=\"a-list-item\">La bandeja recogegotas del escurridor de platos es desmontable y no tiene boquilla de drenaje, lo que permite colocarla en cualquier lugar. Una vez que se haya escurrido el agua de los utensilios, basta con retirar la bandeja recogegotas y verter el agua, lo que mantiene la encimera seca y limpia.<\/span><\/p>\n<p><strong><span class=\"a-list-item\">Resistente al \u00f3xido y robusto<\/span><\/strong><\/p>\n<p><span class=\"a-list-item\">Este escurridor de platos para la encimera de la cocina cuenta con un recubrimiento resistente al \u00f3xido de alta adherencia que previene eficazmente la oxidaci\u00f3n. Hemos reforzado la secci\u00f3n de soporte m\u00e1s importante del escurridor, los soportes, para que todo el escurridor de dos niveles sea m\u00e1s resistente que una estructura de alambre fino. No tienes que preocuparte de que se vuelque f\u00e1cilmente despu\u00e9s de colocar los platos y las bandejas.<\/span><\/p>\n<p><img fetchpriority=\"high\" decoding=\"async\" class=\"alignnone size-full wp-image-4752\" src=\"https:\/\/www.auspacekitchenware.com\/wp-content\/uploads\/2025\/03\/65abe846-467d-4eda-8a9c-4d6f869654cc.__CR00970600_PT0_SX970_V1___-2025032807275529.webp\" alt=\"\" width=\"1400\" height=\"400\" \/><\/p>","protected":false},"excerpt":{"rendered":"<table style=\"height: 304px\" width=\"672\">\n<tbody>\n<tr>\n<td>Modelo (n\u00famero de producto):<\/td>\n<td>AM-1084<\/td>\n<\/tr>\n<tr>\n<td>Tama\u00f1o del producto:<\/td>\n<td>21 cm (profundidad) x 48 cm (ancho) x 30 cm (alto)<\/td>\n<\/tr>\n<tr>\n<td>Material del producto:<\/td>\n<td>Metal<\/td>\n<\/tr>\n<tr>\n<td>Color del producto:<\/td>\n<td>Personalizado<\/td>\n<\/tr>\n<tr>\n<td>Informaci\u00f3n sobre el empaque:<\/td>\n<td>24 piezas por caja<\/td>\n<\/tr>\n<tr>\n<td>Cantidad m\u00ednima de pedido:<\/td>\n<td>500 unidades<\/td>\n<\/tr>\n<tr>\n<td>Origen:<\/td>\n<td>China<\/td>\n<\/tr>\n<tr>\n<td>Precio:<\/td>\n<td>Negociaci\u00f3n<\/td>\n<\/tr>\n<\/tbody>\n<\/table>","protected":false},"featured_media":4755,"comment_status":"open","ping_status":"closed","template":"","meta":{"_acf_changed":false},"product_brand":[],"product_cat":[19,87],"product_tag":[],"class_list":{"0":"post-4751","1":"product","2":"type-product","3":"status-publish","4":"has-post-thumbnail","6":"product_cat-kitchen-organization","7":"product_cat-dish-drying-rack","8":"pif-has-gallery","10":"first","11":"instock","12":"shipping-taxable","13":"product-type-simple"},"acf":[],"_links":{"self":[{"href":"https:\/\/www.auspacekitchenware.com\/es\/wp-json\/wp\/v2\/product\/4751","targetHints":{"allow":["GET"]}}],"collection":[{"href":"https:\/\/www.auspacekitchenware.com\/es\/wp-json\/wp\/v2\/product"}],"about":[{"href":"https:\/\/www.auspacekitchenware.com\/es\/wp-json\/wp\/v2\/types\/product"}],"replies":[{"embeddable":true,"href":"https:\/\/www.auspacekitchenware.com\/es\/wp-json\/wp\/v2\/comments?post=4751"}],"wp:featuredmedia":[{"embeddable":true,"href":"https:\/\/www.auspacekitchenware.com\/es\/wp-json\/wp\/v2\/media\/4755"}],"wp:attachment":[{"href":"https:\/\/www.auspacekitchenware.com\/es\/wp-json\/wp\/v2\/media?parent=4751"}],"wp:term":[{"taxonomy":"product_brand","embeddable":true,"href":"https:\/\/www.auspacekitchenware.com\/es\/wp-json\/wp\/v2\/product_brand?post=4751"},{"taxonomy":"product_cat","embeddable":true,"href":"https:\/\/www.auspacekitchenware.com\/es\/wp-json\/wp\/v2\/product_cat?post=4751"},{"taxonomy":"product_tag","embeddable":true,"href":"https:\/\/www.auspacekitchenware.com\/es\/wp-json\/wp\/v2\/product_tag?post=4751"}],"curies":[{"name":"wp","href":"https:\/\/api.w.org\/{rel}","templated":true}]}}