{"id":4758,"date":"2025-03-28T07:36:38","date_gmt":"2025-03-28T07:36:38","guid":{"rendered":"https:\/\/auspacekitchenware.com\/?post_type=product&#038;p=4758"},"modified":"2025-03-28T07:36:38","modified_gmt":"2025-03-28T07:36:38","slug":"escurridor-de-platos-de-acero-inoxidable","status":"publish","type":"product","link":"https:\/\/www.auspacekitchenware.com\/es\/stainless-steel-dish-drying-rack\/","title":{"rendered":"Escurridor de platos de acero inoxidable con ollas"},"content":{"rendered":"<p><strong>Dise\u00f1o elaborado<\/strong><\/p>\n<p>El soporte desmontable para cubiertos y el soporte para tablas de cortar aportan una comodidad sin precedentes a las tareas de la cocina. Todo tipo de utensilios de cocina, como cuchillos, esp\u00e1tulas, tablas de cortar, etc., est\u00e1n disponibles y se guardan de forma adecuada.<\/p>\n<p><strong>F\u00e1cil de usar<\/strong><\/p>\n<p>Este escurridor de platos de acero inoxidable es r\u00e1pido y f\u00e1cil de montar, no requiere herramientas y se puede montar en solo unos pasos. Viene con instrucciones detalladas de uso, lo que facilita su manejo incluso a los usuarios novatos. Al mismo tiempo, el producto es f\u00e1cil de limpiar, basta con pasarle un pa\u00f1o h\u00famedo, lo que elimina gran parte del tedioso trabajo de limpieza y mantiene la cocina limpia y ordenada en todo momento.<\/p>\n<p><strong>\u00a0Resistente y duradero<\/strong><\/p>\n<p>El escurridor de platos y la caja para guardar sartenes de acero inoxidable est\u00e1n fabricados con acero inoxidable de alta calidad, que tiene una gran capacidad de carga y es muy duradero. El dise\u00f1o estable del asa elimina la preocupaci\u00f3n de que los utensilios de cocina se desmoronen, mantiene tus art\u00edculos de cocina en orden y aporta una experiencia de uso estable y duradera a tu cocina.<\/p>\n<p><strong>Captaci\u00f3n perfecta del agua<\/strong><\/p>\n<p>La almohadilla de drenaje de silicona puede recoger perfectamente las gotas de agua, evitando que salpiquen, mojen o manchen la encimera. Al mismo tiempo, la almohadilla de drenaje tambi\u00e9n se puede utilizar por separado, lo que facilita el drenaje y la limpieza de diversos tipos de utensilios de cocina y vajilla.<\/p>\n<p><img fetchpriority=\"high\" decoding=\"async\" class=\"alignnone size-full wp-image-4759\" src=\"https:\/\/www.auspacekitchenware.com\/wp-content\/uploads\/2025\/03\/4bc1fa07-2d53-47f4-a8c2-6c0226d1670b.__CR001464600_PT0_SX1464_V1___-2025032807354848.webp\" alt=\"\" width=\"1400\" height=\"400\" \/><\/p>","protected":false},"excerpt":{"rendered":"<table style=\"height: 304px\" width=\"672\">\n<tbody>\n<tr>\n<td>Modelo (n\u00famero de producto):<\/td>\n<td>AM-1085<\/td>\n<\/tr>\n<tr>\n<td>Tama\u00f1o del producto:<\/td>\n<td>42 cm de profundidad x 7 cm de ancho x 17 cm de alto<\/td>\n<\/tr>\n<tr>\n<td>Material del producto:<\/td>\n<td>Metal<\/td>\n<\/tr>\n<tr>\n<td>Color del producto:<\/td>\n<td>Personalizado<\/td>\n<\/tr>\n<tr>\n<td>Informaci\u00f3n sobre el empaque:<\/td>\n<td>24 piezas por caja<\/td>\n<\/tr>\n<tr>\n<td>Cantidad m\u00ednima de pedido:<\/td>\n<td>500 unidades<\/td>\n<\/tr>\n<tr>\n<td>Origen:<\/td>\n<td>China<\/td>\n<\/tr>\n<tr>\n<td>Precio:<\/td>\n<td>Negociaci\u00f3n<\/td>\n<\/tr>\n<\/tbody>\n<\/table>","protected":false},"featured_media":4764,"comment_status":"open","ping_status":"closed","template":"","meta":{"_acf_changed":false},"product_brand":[],"product_cat":[19,87],"product_tag":[],"class_list":{"0":"post-4758","1":"product","2":"type-product","3":"status-publish","4":"has-post-thumbnail","6":"product_cat-kitchen-organization","7":"product_cat-dish-drying-rack","8":"pif-has-gallery","10":"first","11":"instock","12":"shipping-taxable","13":"product-type-simple"},"acf":[],"_links":{"self":[{"href":"https:\/\/www.auspacekitchenware.com\/es\/wp-json\/wp\/v2\/product\/4758","targetHints":{"allow":["GET"]}}],"collection":[{"href":"https:\/\/www.auspacekitchenware.com\/es\/wp-json\/wp\/v2\/product"}],"about":[{"href":"https:\/\/www.auspacekitchenware.com\/es\/wp-json\/wp\/v2\/types\/product"}],"replies":[{"embeddable":true,"href":"https:\/\/www.auspacekitchenware.com\/es\/wp-json\/wp\/v2\/comments?post=4758"}],"wp:featuredmedia":[{"embeddable":true,"href":"https:\/\/www.auspacekitchenware.com\/es\/wp-json\/wp\/v2\/media\/4764"}],"wp:attachment":[{"href":"https:\/\/www.auspacekitchenware.com\/es\/wp-json\/wp\/v2\/media?parent=4758"}],"wp:term":[{"taxonomy":"product_brand","embeddable":true,"href":"https:\/\/www.auspacekitchenware.com\/es\/wp-json\/wp\/v2\/product_brand?post=4758"},{"taxonomy":"product_cat","embeddable":true,"href":"https:\/\/www.auspacekitchenware.com\/es\/wp-json\/wp\/v2\/product_cat?post=4758"},{"taxonomy":"product_tag","embeddable":true,"href":"https:\/\/www.auspacekitchenware.com\/es\/wp-json\/wp\/v2\/product_tag?post=4758"}],"curies":[{"name":"wp","href":"https:\/\/api.w.org\/{rel}","templated":true}]}}