{"id":4834,"date":"2025-03-31T03:45:02","date_gmt":"2025-03-31T03:45:02","guid":{"rendered":"https:\/\/auspacekitchenware.com\/?post_type=product&#038;p=4834"},"modified":"2025-03-31T03:57:11","modified_gmt":"2025-03-31T03:57:11","slug":"esterilla-de-silicona-gruesa-para-hornear-pan-al-por-mayor","status":"publish","type":"product","link":"https:\/\/www.auspacekitchenware.com\/es\/thickened-silicone-bread-sling-baking-mat-wholesale\/","title":{"rendered":"Tapete para hornear de silicona gruesa para pan al por mayor"},"content":{"rendered":"<p><strong><span class=\"a-list-item\">Material especializado para la elaboraci\u00f3n de pan<\/span><\/strong><\/p>\n<p>La malla de silicona gruesa para hornear pan y la fibra de vidrio resistente al calor son materiales especializados esenciales para hornear pan, dise\u00f1ados para mejorar la seguridad y la eficiencia. La malla de silicona gruesa para hornear pan ofrece una resistencia al calor superior (hasta 480 \u00b0F\/250 \u00b0C) y flexibilidad, lo que permite una transferencia perfecta de la masa y una distribuci\u00f3n uniforme del calor. En combinaci\u00f3n con las esparcidoras de fibra de vidrio, que soportan temperaturas extremas del horno, estas herramientas evitan la deformaci\u00f3n y garantizan que el pan se desprenda sin esfuerzo. Sus superficies antiadherentes eliminan la necesidad de utilizar exceso de harina o aceite, lo que favorece una cocci\u00f3n m\u00e1s saludable. Ideal para panes artesanales o pasteles delicados, esta combinaci\u00f3n simplifica la manipulaci\u00f3n y mantiene la integridad estructural. Duraderas y reutilizables, son una opci\u00f3n sostenible tanto para panaderos caseros como para profesionales.<\/p>\n<p><strong><span class=\"a-list-item\">Eslinga extra larga para facilitar la transferencia.<\/span><\/strong><\/p>\n<p>La esterilla de silicona espesa para hornear pan con una correa extralarga revoluciona la manipulaci\u00f3n de la masa al combinar flexibilidad, resistencia al calor y un rendimiento antiadherente sin esfuerzo. Dise\u00f1ada para transferencias sin problemas, su longitud extendida (normalmente de 40 a 50 cm) garantiza una manipulaci\u00f3n segura de la delicada masa en hornos holandeses o bandejas de acero para hornear sin quemaduras ni accidentes. La bandeja de silicona gruesa para hornear pan soporta temperaturas de hasta 480 \u00b0F (250 \u00b0C) y elimina la necesidad de usar harina o papel de horno en exceso, lo que favorece un horneado uniforme y una corteza crujiente. Su superficie texturizada evita que se deslice, mientras que la silicona ligera pero duradera garantiza una comodidad reutilizable y ecol\u00f3gica. Perfecta para masa madre, baguettes o ciabatta, esta herramienta supone un gran cambio tanto para los panaderos caseros como para los profesionales.<\/p>\n<p><strong><span class=\"a-list-item\">F\u00e1cil de limpiar<\/span><\/strong><\/p>\n<p>La esterilla de silicona gruesa para hornear pan revoluciona la limpieza posterior al horneado con su superficie antiadherente que repele los residuos de masa m\u00e1s dif\u00edciles. A diferencia de los pa\u00f1os tradicionales o el papel pergamino, esta esterilla resistente al calor (hasta 480 \u00b0F\/250 \u00b0C) permite que los productos horneados se desprendan f\u00e1cilmente, dejando un m\u00ednimo de migas o manchas de aceite. Su estructura de silicona lisa y duradera permite una limpieza sin complicaciones: basta con pasar un pa\u00f1o h\u00famedo, enjuagar con agua tibia o meterla en el lavavajillas para una desinfecci\u00f3n m\u00e1s profunda (se recomienda la bandeja superior). El material resiste los olores, las manchas y la acumulaci\u00f3n de bacterias, lo que lo convierte en una opci\u00f3n higi\u00e9nica para un uso repetido. Perfecta para los amantes de la masa madre o los reposteros caseros ocupados, esta l\u00e1mina combina la reutilizaci\u00f3n ecol\u00f3gica con la comodidad de un cuidado que requiere poco mantenimiento.<\/p>\n<p><strong><span class=\"a-list-item\">Uso vers\u00e1til<\/span><\/strong><\/p>\n<p>La l\u00e1mina de silicona gruesa para hornear pan es un utensilio de cocina esencial dise\u00f1ado para un uso vers\u00e1til. Es perfecta para hornear una gran variedad de deliciosos productos, incluido el pan de masa madre, que requiere un levantamiento suave para obtener una forma perfecta. Adem\u00e1s, esta l\u00e1mina es ideal para galletas, ya que garantiza un horneado uniforme y evita que se peguen. Tambi\u00e9n se puede utilizar para hacer pizza casera, ya que permite transferirla f\u00e1cilmente de la encimera al horno. Adem\u00e1s, es ideal para asar papas fritas, verduras e incluso carne, ya que su superficie antiadherente facilita la limpieza. Esta l\u00e1mina mejora realmente la experiencia de horneado, por lo que es imprescindible en cualquier cocina.<\/p>\n<p><img fetchpriority=\"high\" decoding=\"async\" class=\"alignnone size-full wp-image-4796\" src=\"https:\/\/www.auspacekitchenware.com\/wp-content\/uploads\/2025\/03\/L1-1-2025033101373710.webp\" alt=\"\" width=\"1400\" height=\"400\" \/><\/p>","protected":false},"excerpt":{"rendered":"<table style=\"height: 304px\" width=\"672\">\n<tbody>\n<tr>\n<td>Modelo (n\u00famero de producto):<\/td>\n<td>TT25BM06<\/td>\n<\/tr>\n<tr>\n<td>Tama\u00f1o del producto:<\/td>\n<td>52,9 cm de largo x 21,9 cm de ancho<\/td>\n<\/tr>\n<tr>\n<td>Material del producto:<\/td>\n<td>Silicona<\/td>\n<\/tr>\n<tr>\n<td>Color del producto:<\/td>\n<td>Personalizado<\/td>\n<\/tr>\n<tr>\n<td>Informaci\u00f3n sobre el empaque:<\/td>\n<td>24 piezas por caja<\/td>\n<\/tr>\n<tr>\n<td>Cantidad m\u00ednima de pedido:<\/td>\n<td>500 unidades<\/td>\n<\/tr>\n<tr>\n<td>Origen:<\/td>\n<td>China<\/td>\n<\/tr>\n<tr>\n<td>Precio:<\/td>\n<td>Negociaci\u00f3n<\/td>\n<\/tr>\n<\/tbody>\n<\/table>","protected":false},"featured_media":4835,"comment_status":"open","ping_status":"closed","template":"","meta":{"_acf_changed":false},"product_brand":[],"product_cat":[72,17],"product_tag":[],"class_list":{"0":"post-4834","1":"product","2":"type-product","3":"status-publish","4":"has-post-thumbnail","6":"product_cat-baking-mats-kitchen-utensils","7":"product_cat-kitchen-utensils","8":"pif-has-gallery","10":"first","11":"instock","12":"shipping-taxable","13":"product-type-simple"},"acf":[],"_links":{"self":[{"href":"https:\/\/www.auspacekitchenware.com\/es\/wp-json\/wp\/v2\/product\/4834","targetHints":{"allow":["GET"]}}],"collection":[{"href":"https:\/\/www.auspacekitchenware.com\/es\/wp-json\/wp\/v2\/product"}],"about":[{"href":"https:\/\/www.auspacekitchenware.com\/es\/wp-json\/wp\/v2\/types\/product"}],"replies":[{"embeddable":true,"href":"https:\/\/www.auspacekitchenware.com\/es\/wp-json\/wp\/v2\/comments?post=4834"}],"wp:featuredmedia":[{"embeddable":true,"href":"https:\/\/www.auspacekitchenware.com\/es\/wp-json\/wp\/v2\/media\/4835"}],"wp:attachment":[{"href":"https:\/\/www.auspacekitchenware.com\/es\/wp-json\/wp\/v2\/media?parent=4834"}],"wp:term":[{"taxonomy":"product_brand","embeddable":true,"href":"https:\/\/www.auspacekitchenware.com\/es\/wp-json\/wp\/v2\/product_brand?post=4834"},{"taxonomy":"product_cat","embeddable":true,"href":"https:\/\/www.auspacekitchenware.com\/es\/wp-json\/wp\/v2\/product_cat?post=4834"},{"taxonomy":"product_tag","embeddable":true,"href":"https:\/\/www.auspacekitchenware.com\/es\/wp-json\/wp\/v2\/product_tag?post=4834"}],"curies":[{"name":"wp","href":"https:\/\/api.w.org\/{rel}","templated":true}]}}