{"id":4905,"date":"2025-04-01T06:38:03","date_gmt":"2025-04-01T06:38:03","guid":{"rendered":"https:\/\/auspacekitchenware.com\/?post_type=product&#038;p=4905"},"modified":"2025-04-01T06:58:27","modified_gmt":"2025-04-01T06:58:27","slug":"tabla-decorativa-navidena-con-cuernos-de-reno-al-por-mayor","status":"publish","type":"product","link":"https:\/\/www.auspacekitchenware.com\/es\/christmas-decorative-reindeer-antler-serving-board-wholesale\/","title":{"rendered":"Tabla decorativa navide\u00f1a con cuernos de reno al por mayor"},"content":{"rendered":"<div id=\"featurebullets_feature_div\" class=\"celwidget\" data-feature-name=\"featurebullets\" data-csa-c-type=\"widget\" data-csa-c-content-id=\"featurebullets\" data-csa-c-slot-id=\"featurebullets_feature_div\" data-csa-c-asin=\"B0D2XTGXF1\" data-csa-c-is-in-initial-active-row=\"false\" data-csa-c-id=\"jtn4hd-epzsx1-5dschr-8zadx1\" data-cel-widget=\"featurebullets_feature_div\">\n<div id=\"feature-bullets\" class=\"a-section a-spacing-medium a-spacing-top-small\">\n<p><strong><span class=\"a-list-item\">Dise\u00f1o distintivo de cuernos<\/span><\/strong><\/p>\n<p><span class=\"a-list-item\">Esta bandeja de madera est\u00e1 inspirada en la belleza de los ciervos y dise\u00f1ada por el equipo de Dofira USA. Con almohadillas antideslizantes, la bandeja decorativa navide\u00f1a con cuernos de reno se mantiene plana y no se dobla f\u00e1cilmente. Los preciosos cuernos complementan los tonos naturales de las vetas, lo que la convierte no solo en un utensilio de cocina, sino tambi\u00e9n en un elemento decorativo para el hogar. Deleita a tus invitados en tus reuniones, todos quedar\u00e1n cautivados por su belleza.<\/span><\/p>\n<p><strong><span class=\"a-list-item\">Regalo para cualquier ocasi\u00f3n <\/span><\/strong><\/p>\n<p><span class=\"a-list-item\">Sorprenda a sus seres queridos con nuestro plato para comida con forma de cuerno, un regalo \u00fanico y especial que atesorar\u00e1n. Viene en una elegante caja de regalo azul y dorada, perfecta para Navidad, inauguraciones de casa, cumplea\u00f1os, bodas, aniversarios y otras ocasiones especiales.<\/span><\/p>\n<p><strong><span class=\"a-list-item\">Natural y duradero <\/span><\/strong><\/p>\n<p><span class=\"a-list-item\">Fabricada con madera de acacia premium 100% de Tailandia, seleccionando solo la mejor madera 50% sin defectos como marcas o agujeros de gusanos, nuestra tabla decorativa navide\u00f1a con forma de cuernos de reno es resistente, no se rompe ni se deforma f\u00e1cilmente, \u00a1y puede durar a\u00f1os! Su acabado suave y aterciopelado no desprende sustancias qu\u00edmicas nocivas ni astillas de madera que puedan manchar los alimentos. \u00a1Disfrute de sus delicias!<\/span><\/p>\n<p><strong><span class=\"a-list-item\">Perfecci\u00f3n todo en uno <\/span><\/strong><\/p>\n<p><span class=\"a-list-item\">Con un tama\u00f1o de 20 cm, nuestra bandeja de madera es muy vers\u00e1til y se adapta a todas tus necesidades. Sirve como bandeja para postres, quesos, aperitivos, frutas y entremeses. Su ligereza y sus bordes curvados facilitan el transporte de la comida y evitan que se caiga. Tambi\u00e9n puede utilizarse como bandeja para guardar llaves, velas, joyas o plantas, lo que te permitir\u00e1 mantener tu escritorio organizado y tener todo a mano.<\/span><\/p>\n<\/div>\n<\/div>\n<p><img fetchpriority=\"high\" decoding=\"async\" class=\"alignnone size-full wp-image-4887\" src=\"https:\/\/www.auspacekitchenware.com\/wp-content\/uploads\/2025\/04\/L2-2025040106050737.webp\" alt=\"\" width=\"1400\" height=\"400\" \/><\/p>","protected":false},"excerpt":{"rendered":"<table style=\"height: 304px\" width=\"672\">\n<tbody>\n<tr>\n<td>Modelo (n\u00famero de producto):<\/td>\n<td>TT25CB04<\/td>\n<\/tr>\n<tr>\n<td>Tama\u00f1o del producto:<\/td>\n<td>31,75 cm de largo x 25,5 cm de ancho x 1,9 cm de alto<\/td>\n<\/tr>\n<tr>\n<td>Material del producto:<\/td>\n<td>Madera de acacia<\/td>\n<\/tr>\n<tr>\n<td>Color del producto:<\/td>\n<td>Personalizado<\/td>\n<\/tr>\n<tr>\n<td>Informaci\u00f3n sobre el empaque:<\/td>\n<td>24 piezas por caja<\/td>\n<\/tr>\n<tr>\n<td>Cantidad m\u00ednima de pedido:<\/td>\n<td>500 unidades<\/td>\n<\/tr>\n<tr>\n<td>Origen:<\/td>\n<td>China<\/td>\n<\/tr>\n<tr>\n<td>Precio:<\/td>\n<td>Negociaci\u00f3n<\/td>\n<\/tr>\n<\/tbody>\n<\/table>","protected":false},"featured_media":4906,"comment_status":"open","ping_status":"closed","template":"","meta":{"_acf_changed":false},"product_brand":[],"product_cat":[77,17],"product_tag":[],"class_list":{"0":"post-4905","1":"product","2":"type-product","3":"status-publish","4":"has-post-thumbnail","6":"product_cat-cutting-boards-serving-boards","7":"product_cat-kitchen-utensils","8":"pif-has-gallery","10":"first","11":"instock","12":"shipping-taxable","13":"product-type-simple"},"acf":[],"_links":{"self":[{"href":"https:\/\/www.auspacekitchenware.com\/es\/wp-json\/wp\/v2\/product\/4905","targetHints":{"allow":["GET"]}}],"collection":[{"href":"https:\/\/www.auspacekitchenware.com\/es\/wp-json\/wp\/v2\/product"}],"about":[{"href":"https:\/\/www.auspacekitchenware.com\/es\/wp-json\/wp\/v2\/types\/product"}],"replies":[{"embeddable":true,"href":"https:\/\/www.auspacekitchenware.com\/es\/wp-json\/wp\/v2\/comments?post=4905"}],"wp:featuredmedia":[{"embeddable":true,"href":"https:\/\/www.auspacekitchenware.com\/es\/wp-json\/wp\/v2\/media\/4906"}],"wp:attachment":[{"href":"https:\/\/www.auspacekitchenware.com\/es\/wp-json\/wp\/v2\/media?parent=4905"}],"wp:term":[{"taxonomy":"product_brand","embeddable":true,"href":"https:\/\/www.auspacekitchenware.com\/es\/wp-json\/wp\/v2\/product_brand?post=4905"},{"taxonomy":"product_cat","embeddable":true,"href":"https:\/\/www.auspacekitchenware.com\/es\/wp-json\/wp\/v2\/product_cat?post=4905"},{"taxonomy":"product_tag","embeddable":true,"href":"https:\/\/www.auspacekitchenware.com\/es\/wp-json\/wp\/v2\/product_tag?post=4905"}],"curies":[{"name":"wp","href":"https:\/\/api.w.org\/{rel}","templated":true}]}}