{"id":5091,"date":"2025-04-10T03:07:22","date_gmt":"2025-04-10T03:07:22","guid":{"rendered":"https:\/\/auspacekitchenware.com\/?post_type=product&#038;p=5091"},"modified":"2025-04-10T03:33:51","modified_gmt":"2025-04-10T03:33:51","slug":"escurridor-de-platos-plegable-al-por-mayor","status":"publish","type":"product","link":"http:\/\/www.auspacekitchenware.com\/es\/collapsible-dish-drying-rack-wholesale\/","title":{"rendered":"Escurridor de platos plegable al por mayor"},"content":{"rendered":"<p><strong><span class=\"a-list-item\">Material apto para uso alimentario<\/span><\/strong><\/p>\n<p><span class=\"a-list-item\">Fabricados con material PP+TPR ecol\u00f3gico, sin BPA y apto para uso alimentario. El material flexible permite que los coladores de platos para la encimera de la cocina se plieguen para ahorrar espacio y facilitar su almacenamiento, aprovechando al m\u00e1ximo la encimera de su cocina.<\/span><\/p>\n<p><strong><span class=\"a-list-item\">Escurridor de utensilios integrado<\/span><\/strong><\/p>\n<p><span class=\"a-list-item\">Con un \u00e1rea de almacenamiento separada para utensilios y accesorios, el escurridor de platos antideslizante es resistente a los rayones y ofrece un lugar seguro para platos y tazas, adem\u00e1s de contar con un compartimento separado para los cubiertos. Perfecto para guardar y escurrir vajilla y cristaler\u00eda.<\/span><\/p>\n<p><strong><span class=\"a-list-item\">Compacto y port\u00e1til<\/span><\/strong><\/p>\n<p><span class=\"a-list-item\">El escurridor de platos plegable se abre f\u00e1cilmente con solo presionarlo cuando se utiliza y se pliega hasta quedar plano para ahorrar espacio al guardarlo, por lo que se puede guardar f\u00e1cilmente debajo del fregadero o en cualquier armario. Adecuado tanto para uso en interiores como en exteriores, como acampadas, barbacoas, autocaravanas y barcos, limpieza de campamentos y casas de vacaciones, etc.<\/span><\/p>\n<p><strong><span class=\"a-list-item\">Secar el agua r\u00e1pidamente<\/span><\/strong><\/p>\n<p><span class=\"a-list-item\">El estante plegable para guardar platos es una herramienta vers\u00e1til para todas tus tareas dom\u00e9sticas que, adem\u00e1s, no te lastimar\u00e1 las manos ni rayar\u00e1 el fregadero. La parte inferior cuenta con una tira de drenaje giratoria ajustable que permite que el agua se escurra directamente al fregadero, manteniendo tus encimeras limpias y secas.<\/span><\/p>\n<p><strong><span class=\"a-list-item\">F\u00e1cil de mantener<\/span><\/strong><\/p>\n<p><span class=\"a-list-item\">El pl\u00e1stico resistente es f\u00e1cil de limpiar y no se oxida como los antiguos escurridores de platos de metal. Los organizadores de cocina para platos son resistentes a los rayones y ofrecen un lugar seguro para platos y tazas, adem\u00e1s de evitar que el escurridor se mueva y raye la encimera.<\/span><\/p>\n<p><img fetchpriority=\"high\" decoding=\"async\" class=\"alignnone size-full wp-image-5092\" src=\"https:\/\/www.auspacekitchenware.com\/wp-content\/uploads\/2025\/04\/56262-2025041003301527.webp\" alt=\"escurridor de platos\" width=\"1400\" height=\"400\" \/><\/p>","protected":false},"excerpt":{"rendered":"<table style=\"height: 304px\" width=\"672\">\n<tbody>\n<tr>\n<td>Modelo (n\u00famero de producto):<\/td>\n<td>HT-25032014<\/td>\n<\/tr>\n<tr>\n<td>Tama\u00f1o del producto:<\/td>\n<td>31,5 cm (profundidad) x 36,5 cm (ancho) x 12,9 cm (alto)<\/td>\n<\/tr>\n<tr>\n<td>Material del producto:<\/td>\n<td>PP+TPR<\/td>\n<\/tr>\n<tr>\n<td>Color del producto:<\/td>\n<td>Personalizado<\/td>\n<\/tr>\n<tr>\n<td>Informaci\u00f3n sobre el empaque:<\/td>\n<td>24 piezas por caja<\/td>\n<\/tr>\n<tr>\n<td>Cantidad m\u00ednima de pedido:<\/td>\n<td>500 unidades<\/td>\n<\/tr>\n<tr>\n<td>Origen:<\/td>\n<td>China<\/td>\n<\/tr>\n<tr>\n<td>Precio:<\/td>\n<td>Negociaci\u00f3n<\/td>\n<\/tr>\n<\/tbody>\n<\/table>","protected":false},"featured_media":5093,"comment_status":"open","ping_status":"closed","template":"","meta":{"_acf_changed":false},"product_brand":[],"product_cat":[87],"product_tag":[],"class_list":{"0":"post-5091","1":"product","2":"type-product","3":"status-publish","4":"has-post-thumbnail","6":"product_cat-dish-drying-rack","7":"pif-has-gallery","9":"first","10":"instock","11":"shipping-taxable","12":"product-type-simple"},"acf":[],"_links":{"self":[{"href":"http:\/\/www.auspacekitchenware.com\/es\/wp-json\/wp\/v2\/product\/5091","targetHints":{"allow":["GET"]}}],"collection":[{"href":"http:\/\/www.auspacekitchenware.com\/es\/wp-json\/wp\/v2\/product"}],"about":[{"href":"http:\/\/www.auspacekitchenware.com\/es\/wp-json\/wp\/v2\/types\/product"}],"replies":[{"embeddable":true,"href":"http:\/\/www.auspacekitchenware.com\/es\/wp-json\/wp\/v2\/comments?post=5091"}],"wp:featuredmedia":[{"embeddable":true,"href":"http:\/\/www.auspacekitchenware.com\/es\/wp-json\/wp\/v2\/media\/5093"}],"wp:attachment":[{"href":"http:\/\/www.auspacekitchenware.com\/es\/wp-json\/wp\/v2\/media?parent=5091"}],"wp:term":[{"taxonomy":"product_brand","embeddable":true,"href":"http:\/\/www.auspacekitchenware.com\/es\/wp-json\/wp\/v2\/product_brand?post=5091"},{"taxonomy":"product_cat","embeddable":true,"href":"http:\/\/www.auspacekitchenware.com\/es\/wp-json\/wp\/v2\/product_cat?post=5091"},{"taxonomy":"product_tag","embeddable":true,"href":"http:\/\/www.auspacekitchenware.com\/es\/wp-json\/wp\/v2\/product_tag?post=5091"}],"curies":[{"name":"wp","href":"https:\/\/api.w.org\/{rel}","templated":true}]}}