{"id":5107,"date":"2025-04-10T06:03:19","date_gmt":"2025-04-10T06:03:19","guid":{"rendered":"https:\/\/auspacekitchenware.com\/?post_type=product&#038;p=5107"},"modified":"2025-05-14T06:20:07","modified_gmt":"2025-05-14T06:20:07","slug":"caja-bento-de-acero-inoxidable-al-por-mayor-2","status":"publish","type":"product","link":"https:\/\/www.auspacekitchenware.com\/es\/stainless-steel-bento-box-wholesale-2\/","title":{"rendered":"Venta al por mayor de fiambreras de acero inoxidable"},"content":{"rendered":"<div id=\"featurebullets_feature_div\" class=\"celwidget\" data-feature-name=\"featurebullets\" data-csa-c-type=\"widget\" data-csa-c-content-id=\"featurebullets\" data-csa-c-slot-id=\"featurebullets_feature_div\" data-csa-c-asin=\"B0D2XTGXF1\" data-csa-c-is-in-initial-active-row=\"false\" data-csa-c-id=\"jtn4hd-epzsx1-5dschr-8zadx1\" data-cel-widget=\"featurebullets_feature_div\">\n<div id=\"feature-bullets\" class=\"a-section a-spacing-medium a-spacing-top-small\">\n<p><strong><span class=\"a-list-item\">DISE\u00d1O MULTIFUNCI\u00d3N<\/span><\/strong><\/p>\n<p><span class=\"a-list-item\">Nuestra caja bento de acero inoxidable tiene dos formas de uso. La primera es con bandejas de acero inoxidable 304 que tienen dos recipientes para dividir tu deliciosa comida; la segunda es quitando las bandejas de acero inoxidable 304 y usando nuestras bandejas de pl\u00e1stico para guardar porciones grandes de comida. Las bandejas inferiores de pl\u00e1stico no solo se pueden usar como recipientes para calentar, sino tambi\u00e9n como cajas bento para adultos. Dos formas modernas de guardar la comida para que elijas.<\/span><\/p>\n<p><strong><span class=\"a-list-item\">MATERIAL DE ALTA CALIDAD<\/span><\/strong><\/p>\n<p><span class=\"a-list-item\">La lonchera de acero inoxidable est\u00e1 dise\u00f1ada con dos partes: pl\u00e1stico PP de alta calidad y acero inoxidable 304, duradero, resistente al \u00f3xido y anticorrosivo. Es un recipiente seguro y saludable para guardar alimentos. Apto para lavavajillas y congelador. 100% a prueba de fugas, nuestros recipientes organizadores para el almuerzo con hebillas de cierre en los cuatro lados, tanto si utiliza bandejas de acero inoxidable como bandejas de pl\u00e1stico, evitan fugas, derrames u olores en su bolso, adem\u00e1s de mantener los alimentos frescos y sabrosos.<\/span><\/p>\n<p><strong><span class=\"a-list-item\">Almacenamiento de alimentos frescos<\/span><\/strong><\/p>\n<p><span class=\"a-list-item\">Nuestra caja bento de acero inoxidable tiene dos bandejas extra\u00edbles de acero inoxidable, muy f\u00e1ciles de desmontar para limpiar. Vierta 1\/3 de agua hervida en nuestro recipiente de pl\u00e1stico PP inferior y tape la tapa, solo se tarda unos minutos en calentar la comida en la bandeja. O puede utilizar este m\u00e9todo para prolongar el tiempo de conservaci\u00f3n del calor. Viene con un juego de cubiertos.<\/span><\/p>\n<p><strong><span class=\"a-list-item\">Aplicaci\u00f3n ampliamente utilizada<\/span><\/strong><\/p>\n<p><span class=\"a-list-item\">Nuestra lonchera de acero inoxidable, dise\u00f1ada con compartimentos divididos 2 en 1, es perfecta para tu apetito, ya que te permite disfrutar siempre de tus comidas caseras y saludables en cualquier lugar o llevar alimentos frescos, ensaladas y frutas en nuestra amplia lonchera. Es ideal para la oficina o la escuela, para ir al trabajo, hacer ejercicio, acampar y viajar.<\/span><\/p>\n<p><strong><span class=\"a-list-item\">Aplicaci\u00f3n ampliamente utilizada<\/span><\/strong><\/p>\n<p><span class=\"a-list-item\">Fiambrera de acero inoxidable para ni\u00f1os, ideal para ir al colegio, de picnic o de campamento. Con un tama\u00f1o y peso razonables, puedes guardar los accesorios de la fiambrera en tu bolso, es f\u00e1cil de abrir y cerrar con poco esfuerzo y f\u00e1cil de limpiar. Adecuada para que los ni\u00f1os vayan al colegio, para que los adultos lleven el almuerzo al trabajo, para hacer ejercicio, ir de campamento y viajar.<\/span><\/p>\n<p><strong><span class=\"a-list-item\">Recordatorio amistoso<\/span><\/strong><\/p>\n<p><span class=\"a-list-item\">Nuestra caja bento de acero inoxidable con dise\u00f1o de 4 cierres laterales. Cuando desee abrir su caja bento, h\u00e1galo capa por capa y cierre por cierre. No utilice la fuerza bruta para abrirla. Si tiene alguna pregunta, no dude en ponerse en contacto con nosotros, le daremos una soluci\u00f3n lo antes posible. \u00a1Gracias!<\/span><\/p>\n<\/div>\n<\/div>\n<p><img fetchpriority=\"high\" decoding=\"async\" class=\"alignnone size-full wp-image-5073\" src=\"https:\/\/www.auspacekitchenware.com\/wp-content\/uploads\/2025\/04\/L2-2025041001483361.webp\" alt=\"\" width=\"1400\" height=\"400\" \/><\/p>","protected":false},"excerpt":{"rendered":"<table style=\"height: 304px\" width=\"672\">\n<tbody>\n<tr>\n<td>Modelo (n\u00famero de producto):<\/td>\n<td>TT25BB03<\/td>\n<\/tr>\n<tr>\n<td>Tama\u00f1o del producto:<\/td>\n<td>21,4 cm (largo) x 16 cm (ancho) x 12 cm (alto)<\/td>\n<\/tr>\n<tr>\n<td>Material del producto:<\/td>\n<td>Acero inoxidable<\/td>\n<\/tr>\n<tr>\n<td>Color del producto:<\/td>\n<td>Personalizado<\/td>\n<\/tr>\n<tr>\n<td>Informaci\u00f3n sobre el empaque:<\/td>\n<td>24 piezas por caja<\/td>\n<\/tr>\n<tr>\n<td>Cantidad m\u00ednima de pedido:<\/td>\n<td>500 unidades<\/td>\n<\/tr>\n<tr>\n<td>Origen:<\/td>\n<td>China<\/td>\n<\/tr>\n<tr>\n<td>Precio:<\/td>\n<td>Negociaci\u00f3n<\/td>\n<\/tr>\n<\/tbody>\n<\/table>","protected":false},"featured_media":5108,"comment_status":"open","ping_status":"closed","template":"","meta":{"_acf_changed":false},"product_brand":[],"product_cat":[102,90],"product_tag":[],"class_list":{"0":"post-5107","1":"product","2":"type-product","3":"status-publish","4":"has-post-thumbnail","6":"product_cat-lunch-box","7":"product_cat-stainless-steel-lunch-box","8":"pif-has-gallery","10":"first","11":"instock","12":"shipping-taxable","13":"product-type-simple"},"acf":[],"_links":{"self":[{"href":"https:\/\/www.auspacekitchenware.com\/es\/wp-json\/wp\/v2\/product\/5107","targetHints":{"allow":["GET"]}}],"collection":[{"href":"https:\/\/www.auspacekitchenware.com\/es\/wp-json\/wp\/v2\/product"}],"about":[{"href":"https:\/\/www.auspacekitchenware.com\/es\/wp-json\/wp\/v2\/types\/product"}],"replies":[{"embeddable":true,"href":"https:\/\/www.auspacekitchenware.com\/es\/wp-json\/wp\/v2\/comments?post=5107"}],"wp:featuredmedia":[{"embeddable":true,"href":"https:\/\/www.auspacekitchenware.com\/es\/wp-json\/wp\/v2\/media\/5108"}],"wp:attachment":[{"href":"https:\/\/www.auspacekitchenware.com\/es\/wp-json\/wp\/v2\/media?parent=5107"}],"wp:term":[{"taxonomy":"product_brand","embeddable":true,"href":"https:\/\/www.auspacekitchenware.com\/es\/wp-json\/wp\/v2\/product_brand?post=5107"},{"taxonomy":"product_cat","embeddable":true,"href":"https:\/\/www.auspacekitchenware.com\/es\/wp-json\/wp\/v2\/product_cat?post=5107"},{"taxonomy":"product_tag","embeddable":true,"href":"https:\/\/www.auspacekitchenware.com\/es\/wp-json\/wp\/v2\/product_tag?post=5107"}],"curies":[{"name":"wp","href":"https:\/\/api.w.org\/{rel}","templated":true}]}}