{"id":5113,"date":"2025-04-10T06:11:29","date_gmt":"2025-04-10T06:11:29","guid":{"rendered":"https:\/\/auspacekitchenware.com\/?post_type=product&#038;p=5113"},"modified":"2025-05-14T06:19:14","modified_gmt":"2025-05-14T06:19:14","slug":"3-recipientes-apilables-para-comida-bento-al-por-mayor","status":"publish","type":"product","link":"https:\/\/www.auspacekitchenware.com\/es\/3-stackable-bento-lunch-containers-wholesale\/","title":{"rendered":"3 recipientes apilables para comida bento al por mayor"},"content":{"rendered":"<div id=\"featurebullets_feature_div\" class=\"celwidget\" data-feature-name=\"featurebullets\" data-csa-c-type=\"widget\" data-csa-c-content-id=\"featurebullets\" data-csa-c-slot-id=\"featurebullets_feature_div\" data-csa-c-asin=\"B0D2XTGXF1\" data-csa-c-is-in-initial-active-row=\"false\" data-csa-c-id=\"jtn4hd-epzsx1-5dschr-8zadx1\" data-cel-widget=\"featurebullets_feature_div\">\n<div id=\"feature-bullets\" class=\"a-section a-spacing-medium a-spacing-top-small\">\n<p><strong><span class=\"a-list-item\">Caja Bento grande apilable <\/span><\/strong><\/p>\n<p><span class=\"a-list-item\">Los 3 recipientes apilables para el almuerzo Bento tienen una gran capacidad de 1900 ml (7,87*5,86*3,94 pulgadas), con un dise\u00f1o apilable, 3 capas para clasificar los alimentos, una capacidad razonable de 50 onzas, sin importar si se trata del plato principal, la guarnici\u00f3n, el postre o el aperitivo. Esta lonchera puede contener el tipo y la cantidad de comida que desees al m\u00e1ximo.<\/span><\/p>\n<p><strong><span class=\"a-list-item\">Material apto para uso alimentario\/sin BPA<\/span><\/strong><\/p>\n<p><span class=\"a-list-item\">Los 3 recipientes apilables para el almuerzo Bento est\u00e1n fabricados con material PP+PE de alta calidad apto para uso alimentario, sin BPA, inodoro, duradero, reutilizable y f\u00e1cil de limpiar. Adecuados para transportar todo tipo de alimentos. Nos preocupamos por ofrecer una alimentaci\u00f3n m\u00e1s saludable para usted y su familia.<\/span><\/p>\n<p><strong><span class=\"a-list-item\">Recipientes herm\u00e9ticos para el almuerzo para adultos<\/span><\/strong><\/p>\n<p><span class=\"a-list-item\">3 recipientes apilables para el almuerzo Bento equipados con un sello de silicona de alta calidad y 4 clips de cierre reforzados (la segunda capa puede contener alimentos con sopas y aceites). Nuestra caja bento aislada mantiene los alimentos frescos y sin ensuciar, ya que evita derrames, fugas u olores en la mochila. Edad recomendada: a partir de 5 a\u00f1os.<\/span><\/p>\n<p><strong><span class=\"a-list-item\">Compartimentos ideales y vajilla adicional <\/span><\/strong><\/p>\n<p><span class=\"a-list-item\">Incluye cuchara, cuchillo y tenedor. Ocho compartimentos separados, perfectamente distribuidos seg\u00fan tus necesidades nutricionales diarias, ideales para el trabajo, picnics, gimnasio, dietas o para guardar alimentos. Estos tres recipientes apilables para el almuerzo mantienen frescos y sin olores todos tus alimentos favoritos.<\/span><\/p>\n<p><strong><span class=\"a-list-item\">Aptos para microondas, congelador y lavavajillas.<\/span><\/strong><\/p>\n<p><span class=\"a-list-item\">Los 3 recipientes apilables para el almuerzo Bento se pueden guardar en el congelador, calentar en el microondas y lavar en el lavavajillas, lo que le permitir\u00e1 ahorrar un tiempo muy valioso. Retire la tapa al calentar, para evitar que el vapor generado durante el calentamiento no pueda disiparse debido a que la tapa est\u00e1 demasiado apretada.<\/span><\/p>\n<\/div>\n<\/div>\n<p><img fetchpriority=\"high\" decoding=\"async\" class=\"alignnone size-full wp-image-5073\" src=\"https:\/\/www.auspacekitchenware.com\/wp-content\/uploads\/2025\/04\/L2-2025041001483361.webp\" alt=\"\" width=\"1400\" height=\"400\" \/><\/p>","protected":false},"excerpt":{"rendered":"<table style=\"height: 304px\" width=\"672\">\n<tbody>\n<tr>\n<td>Modelo (n\u00famero de producto):<\/td>\n<td>TT25BB04<\/td>\n<\/tr>\n<tr>\n<td>Tama\u00f1o del producto:<\/td>\n<td>3,94 pulgadas de profundidad x 5,86 pulgadas de ancho x 3,94 pulgadas de alto<\/td>\n<\/tr>\n<tr>\n<td>Material del producto:<\/td>\n<td>Polipropileno<\/td>\n<\/tr>\n<tr>\n<td>Color del producto:<\/td>\n<td>Personalizado<\/td>\n<\/tr>\n<tr>\n<td>Informaci\u00f3n sobre el empaque:<\/td>\n<td>24 piezas por caja<\/td>\n<\/tr>\n<tr>\n<td>Cantidad m\u00ednima de pedido:<\/td>\n<td>500 unidades<\/td>\n<\/tr>\n<tr>\n<td>Origen:<\/td>\n<td>China<\/td>\n<\/tr>\n<tr>\n<td>Precio:<\/td>\n<td>Negociaci\u00f3n<\/td>\n<\/tr>\n<\/tbody>\n<\/table>","protected":false},"featured_media":5114,"comment_status":"open","ping_status":"closed","template":"","meta":{"_acf_changed":false},"product_brand":[],"product_cat":[89,102],"product_tag":[],"class_list":{"0":"post-5113","1":"product","2":"type-product","3":"status-publish","4":"has-post-thumbnail","6":"product_cat-plastic-lunch-box","7":"product_cat-lunch-box","8":"pif-has-gallery","10":"first","11":"instock","12":"shipping-taxable","13":"product-type-simple"},"acf":[],"_links":{"self":[{"href":"https:\/\/www.auspacekitchenware.com\/es\/wp-json\/wp\/v2\/product\/5113","targetHints":{"allow":["GET"]}}],"collection":[{"href":"https:\/\/www.auspacekitchenware.com\/es\/wp-json\/wp\/v2\/product"}],"about":[{"href":"https:\/\/www.auspacekitchenware.com\/es\/wp-json\/wp\/v2\/types\/product"}],"replies":[{"embeddable":true,"href":"https:\/\/www.auspacekitchenware.com\/es\/wp-json\/wp\/v2\/comments?post=5113"}],"wp:featuredmedia":[{"embeddable":true,"href":"https:\/\/www.auspacekitchenware.com\/es\/wp-json\/wp\/v2\/media\/5114"}],"wp:attachment":[{"href":"https:\/\/www.auspacekitchenware.com\/es\/wp-json\/wp\/v2\/media?parent=5113"}],"wp:term":[{"taxonomy":"product_brand","embeddable":true,"href":"https:\/\/www.auspacekitchenware.com\/es\/wp-json\/wp\/v2\/product_brand?post=5113"},{"taxonomy":"product_cat","embeddable":true,"href":"https:\/\/www.auspacekitchenware.com\/es\/wp-json\/wp\/v2\/product_cat?post=5113"},{"taxonomy":"product_tag","embeddable":true,"href":"https:\/\/www.auspacekitchenware.com\/es\/wp-json\/wp\/v2\/product_tag?post=5113"}],"curies":[{"name":"wp","href":"https:\/\/api.w.org\/{rel}","templated":true}]}}