{"id":5212,"date":"2025-04-14T01:44:08","date_gmt":"2025-04-14T01:44:08","guid":{"rendered":"https:\/\/auspacekitchenware.com\/?post_type=product&#038;p=5212"},"modified":"2025-12-22T06:10:42","modified_gmt":"2025-12-22T06:10:42","slug":"organizador-ajustable-de-cajones-de-cocina-de-bambu-al-por-mayor","status":"publish","type":"product","link":"https:\/\/www.auspacekitchenware.com\/es\/adjustable-bamboo-kitchen-drawer-organizer-wholesale\/","title":{"rendered":"Organizador ajustable de cajones de cocina de bamb\u00fa al por mayor"},"content":{"rendered":"<div id=\"featurebullets_feature_div\" class=\"celwidget\" data-feature-name=\"featurebullets\" data-csa-c-type=\"widget\" data-csa-c-content-id=\"featurebullets\" data-csa-c-slot-id=\"featurebullets_feature_div\" data-csa-c-asin=\"B0D2XTGXF1\" data-csa-c-is-in-initial-active-row=\"false\" data-csa-c-id=\"jtn4hd-epzsx1-5dschr-8zadx1\" data-cel-widget=\"featurebullets_feature_div\">\n<div id=\"feature-bullets\" class=\"a-section a-spacing-medium a-spacing-top-small\">\n<p><strong><span class=\"a-list-item\">COMIENCE A ORGANIZAR SU COCINA<\/span><\/strong><\/p>\n<p><span class=\"a-list-item\">El organizador ajustable para cajones de cocina de bamb\u00fa, con unas dimensiones de 25,4 cm a 39,4 cm de ancho, 35,4 cm de largo y 5 cm de profundidad, puede poner orden en tus cajones de cocina, que suelen estar desorganizados, para guardar y organizar los cubiertos y los utensilios de cocina seg\u00fan tus reglas y aprovechar al m\u00e1ximo el espacio de almacenamiento del caj\u00f3n. Mant\u00e9n todo accesible y organizado, para que no tengas que rebuscar entre tus utensilios de cocina. Este bonito y pr\u00e1ctico organizador de cajones de cocina convierte la cocina y la degustaci\u00f3n en algo bello y eficiente.<\/span><\/p>\n<p><strong><span class=\"a-list-item\">A\u00d1ADE EST\u00c9TICA A TU COCINA<\/span><\/strong><\/p>\n<p><span class=\"a-list-item\">Este organizador ajustable de bamb\u00fa para cajones de cocina, con su elegante textura y tonos c\u00e1lidos, combina con la mayor\u00eda de los interiores de cajones y decoraciones de habitaciones. Adem\u00e1s de su superficie y l\u00edneas lisas, el dise\u00f1o curvo de las paredes de las ranuras aporta una sensaci\u00f3n de orden flexible para acceder c\u00f3modamente a los utensilios. Organizador decorativo vers\u00e1til para la encimera de la cocina o los cajones del ba\u00f1o, el dormitorio, la sala de estar e incluso la oficina en casa, para guardar maquillaje, joyas, material de oficina, etc.<\/span><\/p>\n<p><strong><span class=\"a-list-item\">DURABILIDAD CONFIABLE<\/span><\/strong><\/p>\n<p><span class=\"a-list-item\">El organizador ajustable para cajones de cocina de bamb\u00fa es resistente y duradero, no se agrieta ni se deforma f\u00e1cilmente, gracias a una serie de procesos de deshidrataci\u00f3n, secado y otros procesos para eliminar la tensi\u00f3n interna. La superficie y los bordes bien pulidos no le lastimar\u00e1n las manos. La estructura tradicional de ensamblaje ajustado a\u00f1ade una durabilidad adicional. Con su dise\u00f1o de deslizamiento suave, su organizador ajustable para cubiertos y utensilios se adapta a cajones de tama\u00f1o est\u00e1ndar 95%.<\/span><\/p>\n<p><strong><span class=\"a-list-item\">ALMACENAMIENTO SIN DESORDEN<\/span><\/strong><\/p>\n<p><span class=\"a-list-item\">El organizador ajustable de bamb\u00fa para cajones de cocina con 5-7 compartimentos no solo sirve como organizador de cubiertos en el caj\u00f3n para guardar cubiertos y cuberter\u00eda como tenedores, cuchillos y cucharas, sino tambi\u00e9n como organizador de cajones de cocina para utensilios grandes como cucharones, pinzas y batidores. Mant\u00e9n todos los utensilios de cocina en su lugar y cocina sin complicaciones con tu organizador de cajones, para que puedas ahorrar tiempo y esfuerzo y dedicarlos a cosas m\u00e1s divertidas mientras cocinas.<\/span><\/p>\n<p><strong><span class=\"a-list-item\">F\u00c1CIL DE LIMPIAR Y MANTENER<\/span><\/strong><\/p>\n<p><span class=\"a-list-item\">Lave el organizador ajustable de cajones de cocina de bamb\u00fa con agua tibia, luego l\u00edmpielo con un pa\u00f1o h\u00famedo y d\u00e9jelo secar al aire. Siguiendo los principios de protecci\u00f3n del medio ambiente y desarrollo sostenible, ORIDOM se compromete a desarrollar y producir productos de bamb\u00fa para a\u00f1adir belleza, simplicidad y comodidad a su hogar. Su satisfacci\u00f3n es nuestra prioridad: nuestro servicio de atenci\u00f3n al cliente est\u00e1 disponible las 24 horas del d\u00eda, los 7 d\u00edas de la semana. Si tiene alguna pregunta, no dude en ponerse en contacto con nosotros.<\/span><\/p>\n<\/div>\n<\/div>\n<p><img fetchpriority=\"high\" decoding=\"async\" class=\"alignnone size-full wp-image-5204\" src=\"https:\/\/www.auspacekitchenware.com\/wp-content\/uploads\/2025\/04\/L1-2025041401292590.webp\" alt=\"\" width=\"1400\" height=\"400\" \/><\/p>","protected":false},"excerpt":{"rendered":"<table style=\"height: 304px\" width=\"672\">\n<tbody>\n<tr>\n<td>Modelo (n\u00famero de producto):<\/td>\n<td>TT25KO02<\/td>\n<\/tr>\n<tr>\n<td>Tama\u00f1o del producto:<\/td>\n<td>35,3 cm (profundidad) x 25,5 cm (ancho) x 5 cm (alto)<\/td>\n<\/tr>\n<tr>\n<td>Material del producto:<\/td>\n<td>Bamb\u00fa<\/td>\n<\/tr>\n<tr>\n<td>Color del producto:<\/td>\n<td>Personalizado<\/td>\n<\/tr>\n<tr>\n<td>Informaci\u00f3n sobre el empaque:<\/td>\n<td>24 piezas por caja<\/td>\n<\/tr>\n<tr>\n<td>Cantidad m\u00ednima de pedido:<\/td>\n<td>500 unidades<\/td>\n<\/tr>\n<tr>\n<td>Origen:<\/td>\n<td>China<\/td>\n<\/tr>\n<tr>\n<td>Precio:<\/td>\n<td>Negociaci\u00f3n<\/td>\n<\/tr>\n<\/tbody>\n<\/table>","protected":false},"featured_media":5213,"comment_status":"open","ping_status":"closed","template":"","meta":{"_acf_changed":false},"product_brand":[],"product_cat":[86,19],"product_tag":[],"class_list":{"0":"post-5212","1":"product","2":"type-product","3":"status-publish","4":"has-post-thumbnail","6":"product_cat-kitchen-drawer-organizers","7":"product_cat-kitchen-organization","8":"pif-has-gallery","10":"first","11":"instock","12":"shipping-taxable","13":"product-type-simple"},"acf":[],"_links":{"self":[{"href":"https:\/\/www.auspacekitchenware.com\/es\/wp-json\/wp\/v2\/product\/5212","targetHints":{"allow":["GET"]}}],"collection":[{"href":"https:\/\/www.auspacekitchenware.com\/es\/wp-json\/wp\/v2\/product"}],"about":[{"href":"https:\/\/www.auspacekitchenware.com\/es\/wp-json\/wp\/v2\/types\/product"}],"replies":[{"embeddable":true,"href":"https:\/\/www.auspacekitchenware.com\/es\/wp-json\/wp\/v2\/comments?post=5212"}],"wp:featuredmedia":[{"embeddable":true,"href":"https:\/\/www.auspacekitchenware.com\/es\/wp-json\/wp\/v2\/media\/5213"}],"wp:attachment":[{"href":"https:\/\/www.auspacekitchenware.com\/es\/wp-json\/wp\/v2\/media?parent=5212"}],"wp:term":[{"taxonomy":"product_brand","embeddable":true,"href":"https:\/\/www.auspacekitchenware.com\/es\/wp-json\/wp\/v2\/product_brand?post=5212"},{"taxonomy":"product_cat","embeddable":true,"href":"https:\/\/www.auspacekitchenware.com\/es\/wp-json\/wp\/v2\/product_cat?post=5212"},{"taxonomy":"product_tag","embeddable":true,"href":"https:\/\/www.auspacekitchenware.com\/es\/wp-json\/wp\/v2\/product_tag?post=5212"}],"curies":[{"name":"wp","href":"https:\/\/api.w.org\/{rel}","templated":true}]}}