{"id":5341,"date":"2025-04-21T02:41:47","date_gmt":"2025-04-21T02:41:47","guid":{"rendered":"https:\/\/auspacekitchenware.com\/?post_type=product&#038;p=5341"},"modified":"2025-12-22T06:09:59","modified_gmt":"2025-12-22T06:09:59","slug":"reusable-silicone-storage-bag-wholesale","status":"publish","type":"product","link":"https:\/\/www.auspacekitchenware.com\/es\/reusable-silicone-storage-bag-wholesale\/","title":{"rendered":"Bolsa de almacenamiento reutilizable de silicona al por mayor"},"content":{"rendered":"<div id=\"featurebullets_feature_div\" class=\"celwidget\" data-feature-name=\"featurebullets\" data-csa-c-type=\"widget\" data-csa-c-content-id=\"featurebullets\" data-csa-c-slot-id=\"featurebullets_feature_div\" data-csa-c-asin=\"B0D2XTGXF1\" data-csa-c-is-in-initial-active-row=\"false\" data-csa-c-id=\"jtn4hd-epzsx1-5dschr-8zadx1\" data-cel-widget=\"featurebullets_feature_div\">\n<div id=\"feature-bullets\" class=\"a-section a-spacing-medium a-spacing-top-small\">\n<p><strong><span class=\"a-list-item\">8 PACK REUSABLE SILICONE BAGS<\/span><\/strong><\/p>\n<p><span class=\"a-list-item\">4 Pack Pill Bags, 2 Pack Snack Bags (14 fl oz), 2 Pack Sandwich Bags (28 fl oz). Made of premium food-grade silicone, which means they&#8217;re free of BPA, BPS, and phthalates.<\/span><\/p>\n<p><strong><span class=\"a-list-item\">FOOD GRADE SILICONE<\/span><\/strong><\/p>\n<p><span class=\"a-list-item\">Fabricadas con silicona de grado alimentario 100% de primera calidad, sin BPA, PVC, l\u00e1tex ni ftalatos. En comparaci\u00f3n con las bolsas de pl\u00e1stico tradicionales, nuestras bolsas de almacenamiento reutilizables de silicona son respetuosas con el medio ambiente.<\/span><\/p>\n<p><strong><span class=\"a-list-item\">DURABLE &amp; VERSATILE<\/span><\/strong><\/p>\n<p><span class=\"a-list-item\">This Reusable Silicone Storage Bag can withstand down to -70\u00b0F low-temperature and up to 410\u00b0F high-temperature storage, without breaking, freezer safe, microwave safe, and oven safe. So, whether you\u2019re meal prepping, reheating leftovers, or sous vide cooking, DGitaor bags have got you covered.<\/span><\/p>\n<p><strong><span class=\"a-list-item\">DOUBLE LOCK SEAL<\/span><\/strong><\/p>\n<p><span class=\"a-list-item\">The double lock design makes Reusable Silicone Storage Bag easy to open and close the bags, while still locking in your food freshness and flavor. This means you can store liquids, solids, and everything in between without worrying about leaks or spills.<\/span><\/p>\n<p><strong><span class=\"a-list-item\">EASY TO CARRY<\/span><\/strong><\/p>\n<p><span class=\"a-list-item\">Reusable Silicone Storage Bag are lightweight and easily fit in your bag or backpack. It is very suitable for packing and taking out from the restaurant!<\/span><\/p>\n<p><strong><span class=\"a-list-item\">12 MONTHS WARRANTY<\/span><\/strong><\/p>\n<p><span class=\"a-list-item\">The Reusable Silicone Storage Bag comes with a one-year warranty, if there are any issues with these containers, please contact us via email and we will be happy to resolve it for you.<\/span><\/p>\n<\/div>\n<\/div>\n<p><img fetchpriority=\"high\" decoding=\"async\" class=\"alignnone size-full wp-image-5204\" src=\"https:\/\/www.auspacekitchenware.com\/wp-content\/uploads\/2025\/04\/L1-2025041401292590.webp\" alt=\"\" width=\"1400\" height=\"400\" \/><\/p>","protected":false},"excerpt":{"rendered":"<table style=\"height: 304px\" width=\"672\">\n<tbody>\n<tr>\n<td>Modelo (n\u00famero de producto):<\/td>\n<td>TT25RB01<\/td>\n<\/tr>\n<tr>\n<td>Tama\u00f1o del producto:<\/td>\n<td>11&#8243;L x 1.5&#8243;W x 9&#8243;H<\/td>\n<\/tr>\n<tr>\n<td>Material del producto:<\/td>\n<td>Silicona<\/td>\n<\/tr>\n<tr>\n<td>Color del producto:<\/td>\n<td>Personalizado<\/td>\n<\/tr>\n<tr>\n<td>Informaci\u00f3n sobre el empaque:<\/td>\n<td>24 piezas por caja<\/td>\n<\/tr>\n<tr>\n<td>Cantidad m\u00ednima de pedido:<\/td>\n<td>500 unidades<\/td>\n<\/tr>\n<tr>\n<td>Origen:<\/td>\n<td>China<\/td>\n<\/tr>\n<tr>\n<td>Precio:<\/td>\n<td>Negociaci\u00f3n<\/td>\n<\/tr>\n<\/tbody>\n<\/table>","protected":false},"featured_media":5342,"comment_status":"open","ping_status":"closed","template":"","meta":{"_acf_changed":false},"product_brand":[],"product_cat":[85,19],"product_tag":[],"class_list":{"0":"post-5341","1":"product","2":"type-product","3":"status-publish","4":"has-post-thumbnail","6":"product_cat-reusable-food-storage-bag","7":"product_cat-kitchen-organization","8":"pif-has-gallery","10":"first","11":"instock","12":"shipping-taxable","13":"product-type-simple"},"acf":[],"_links":{"self":[{"href":"https:\/\/www.auspacekitchenware.com\/es\/wp-json\/wp\/v2\/product\/5341","targetHints":{"allow":["GET"]}}],"collection":[{"href":"https:\/\/www.auspacekitchenware.com\/es\/wp-json\/wp\/v2\/product"}],"about":[{"href":"https:\/\/www.auspacekitchenware.com\/es\/wp-json\/wp\/v2\/types\/product"}],"replies":[{"embeddable":true,"href":"https:\/\/www.auspacekitchenware.com\/es\/wp-json\/wp\/v2\/comments?post=5341"}],"wp:featuredmedia":[{"embeddable":true,"href":"https:\/\/www.auspacekitchenware.com\/es\/wp-json\/wp\/v2\/media\/5342"}],"wp:attachment":[{"href":"https:\/\/www.auspacekitchenware.com\/es\/wp-json\/wp\/v2\/media?parent=5341"}],"wp:term":[{"taxonomy":"product_brand","embeddable":true,"href":"https:\/\/www.auspacekitchenware.com\/es\/wp-json\/wp\/v2\/product_brand?post=5341"},{"taxonomy":"product_cat","embeddable":true,"href":"https:\/\/www.auspacekitchenware.com\/es\/wp-json\/wp\/v2\/product_cat?post=5341"},{"taxonomy":"product_tag","embeddable":true,"href":"https:\/\/www.auspacekitchenware.com\/es\/wp-json\/wp\/v2\/product_tag?post=5341"}],"curies":[{"name":"wp","href":"https:\/\/api.w.org\/{rel}","templated":true}]}}