{"id":5353,"date":"2025-04-21T05:47:45","date_gmt":"2025-04-21T05:47:45","guid":{"rendered":"https:\/\/auspacekitchenware.com\/?post_type=product&#038;p=5353"},"modified":"2025-12-22T06:09:39","modified_gmt":"2025-12-22T06:09:39","slug":"mayorista-de-bolsas-lavables-para-almacenar-alimentos","status":"publish","type":"product","link":"https:\/\/www.auspacekitchenware.com\/es\/washable-food-storage-bags-wholesaler\/","title":{"rendered":"Mayorista de bolsas lavables para almacenar alimentos"},"content":{"rendered":"<div id=\"featurebullets_feature_div\" class=\"celwidget\" data-feature-name=\"featurebullets\" data-csa-c-type=\"widget\" data-csa-c-content-id=\"featurebullets\" data-csa-c-slot-id=\"featurebullets_feature_div\" data-csa-c-asin=\"B0D2XTGXF1\" data-csa-c-is-in-initial-active-row=\"false\" data-csa-c-id=\"jtn4hd-epzsx1-5dschr-8zadx1\" data-cel-widget=\"featurebullets_feature_div\">\n<div id=\"feature-bullets\" class=\"a-section a-spacing-medium a-spacing-top-small\">\n<p><strong><span class=\"a-list-item\">REUTILIZABLE<\/span><\/strong><\/p>\n<p><span class=\"a-list-item\">Fabricadas con material apto para uso alimentario, sin BPA, estas bolsas lavables para almacenar alimentos te permitir\u00e1n guardar y mantener frescos tus alimentos, adem\u00e1s de ayudarte a reducir los residuos pl\u00e1sticos y ahorrar dinero.<\/span><\/p>\n<p><strong><span class=\"a-list-item\">DISE\u00d1O RESISTENTE Y A PRUEBA DE FUGAS<\/span><\/strong><\/p>\n<p><span class=\"a-list-item\">El dise\u00f1o vertical permite que las bolsas lavables para almacenar alimentos se mantengan en pie en el refrigerador, lo que ayuda a mantener el refrigerador y la cocina organizados, y la base ampliamente expandible proporciona m\u00e1s espacio que las bolsas planas. Estas bolsas reutilizables con cierre para alimentos cuentan con cierres herm\u00e9ticos dobles para evitar fugas de l\u00edquido.<\/span><\/p>\n<p><strong><span class=\"a-list-item\">F\u00c1CIL DE LIMPIAR Y GUARDAR<\/span><\/strong><\/p>\n<p><span class=\"a-list-item\">Recomendamos LAVAR A MANO, ya que las bolsas lavables para almacenar alimentos se limpian f\u00e1cilmente con agua y se pueden colocar sobre una taza o un soporte para que se sequen al aire. Cuando no se utilizan, se pueden aplanar f\u00e1cilmente para guardarlas en un armario o caj\u00f3n.<\/span><\/p>\n<p><strong><span class=\"a-list-item\">CUATRO TAMA\u00d1OS Y M\u00daLTIPLES USOS<\/span><\/strong><\/p>\n<p><span class=\"a-list-item\">Consigue 9 bolsas lavables para almacenar alimentos en 4 tama\u00f1os diferentes. 2 bolsas grandes reutilizables, 2 bolsas medianas grandes reutilizables, 2 bolsas medianas reutilizables y 3 bolsas peque\u00f1as reutilizables. Perfectas para congelar carne, verduras, cereales, fruta, sobras, etc. Tambi\u00e9n son muy pr\u00e1cticas para llevar comida cuando sales de viaje, de picnic, al colegio, al trabajo, etc.<\/span><\/p>\n<p><strong><span class=\"a-list-item\">SALVEMOS NUESTRO PLANETA Y SATISFACCI\u00d3N 100% <\/span><\/strong><\/p>\n<p><span class=\"a-list-item\">Las bolsas lavables para almacenar alimentos podr\u00edan reducir la contaminaci\u00f3n del oc\u00e9ano y la tierra, para que podamos vivir en un planeta mejor. Si no est\u00e1 100 % satisfecho con el producto, no dude en ponerse en contacto con nosotros para encontrar una soluci\u00f3n.<\/span><\/p>\n<\/div>\n<\/div>\n<p><img fetchpriority=\"high\" decoding=\"async\" class=\"alignnone size-full wp-image-5204\" src=\"https:\/\/www.auspacekitchenware.com\/wp-content\/uploads\/2025\/04\/L1-2025041401292590.webp\" alt=\"\" width=\"1400\" height=\"400\" \/><\/p>","protected":false},"excerpt":{"rendered":"<table style=\"height: 304px\" width=\"672\">\n<tbody>\n<tr>\n<td>Modelo (n\u00famero de producto):<\/td>\n<td>TT25RB03<\/td>\n<\/tr>\n<tr>\n<td>Tama\u00f1o del producto:<\/td>\n<td>21,9 cm (ancho) x 7 cm (alto)<\/td>\n<\/tr>\n<tr>\n<td>Material del producto:<\/td>\n<td>Polietileno acetato de vinilo (PEVA)<\/td>\n<\/tr>\n<tr>\n<td>Color del producto:<\/td>\n<td>Personalizado<\/td>\n<\/tr>\n<tr>\n<td>Informaci\u00f3n sobre el empaque:<\/td>\n<td>24 piezas por caja<\/td>\n<\/tr>\n<tr>\n<td>Cantidad m\u00ednima de pedido:<\/td>\n<td>500 unidades<\/td>\n<\/tr>\n<tr>\n<td>Origen:<\/td>\n<td>China<\/td>\n<\/tr>\n<tr>\n<td>Precio:<\/td>\n<td>Negociaci\u00f3n<\/td>\n<\/tr>\n<\/tbody>\n<\/table>","protected":false},"featured_media":5354,"comment_status":"open","ping_status":"closed","template":"","meta":{"_acf_changed":false},"product_brand":[],"product_cat":[85,19],"product_tag":[],"class_list":{"0":"post-5353","1":"product","2":"type-product","3":"status-publish","4":"has-post-thumbnail","6":"product_cat-reusable-food-storage-bag","7":"product_cat-kitchen-organization","8":"pif-has-gallery","10":"first","11":"instock","12":"shipping-taxable","13":"product-type-simple"},"acf":[],"_links":{"self":[{"href":"https:\/\/www.auspacekitchenware.com\/es\/wp-json\/wp\/v2\/product\/5353","targetHints":{"allow":["GET"]}}],"collection":[{"href":"https:\/\/www.auspacekitchenware.com\/es\/wp-json\/wp\/v2\/product"}],"about":[{"href":"https:\/\/www.auspacekitchenware.com\/es\/wp-json\/wp\/v2\/types\/product"}],"replies":[{"embeddable":true,"href":"https:\/\/www.auspacekitchenware.com\/es\/wp-json\/wp\/v2\/comments?post=5353"}],"wp:featuredmedia":[{"embeddable":true,"href":"https:\/\/www.auspacekitchenware.com\/es\/wp-json\/wp\/v2\/media\/5354"}],"wp:attachment":[{"href":"https:\/\/www.auspacekitchenware.com\/es\/wp-json\/wp\/v2\/media?parent=5353"}],"wp:term":[{"taxonomy":"product_brand","embeddable":true,"href":"https:\/\/www.auspacekitchenware.com\/es\/wp-json\/wp\/v2\/product_brand?post=5353"},{"taxonomy":"product_cat","embeddable":true,"href":"https:\/\/www.auspacekitchenware.com\/es\/wp-json\/wp\/v2\/product_cat?post=5353"},{"taxonomy":"product_tag","embeddable":true,"href":"https:\/\/www.auspacekitchenware.com\/es\/wp-json\/wp\/v2\/product_tag?post=5353"}],"curies":[{"name":"wp","href":"https:\/\/api.w.org\/{rel}","templated":true}]}}