{"id":5521,"date":"2025-04-24T02:14:01","date_gmt":"2025-04-24T02:14:01","guid":{"rendered":"https:\/\/auspacekitchenware.com\/?post_type=product&#038;p=5521"},"modified":"2025-12-22T06:06:32","modified_gmt":"2025-12-22T06:06:32","slug":"mayorista-de-bolsas-reutilizables-para-alimentos-paquete-de-12-unidades","status":"publish","type":"product","link":"https:\/\/www.auspacekitchenware.com\/es\/12-pack-reusable-food-bags-wholesaler\/","title":{"rendered":"Mayorista de bolsas reutilizables para alimentos, paquete de 12 unidades"},"content":{"rendered":"<div id=\"featurebullets_feature_div\" class=\"celwidget\" data-feature-name=\"featurebullets\" data-csa-c-type=\"widget\" data-csa-c-content-id=\"featurebullets\" data-csa-c-slot-id=\"featurebullets_feature_div\" data-csa-c-asin=\"B0D2XTGXF1\" data-csa-c-is-in-initial-active-row=\"false\" data-csa-c-id=\"jtn4hd-epzsx1-5dschr-8zadx1\" data-cel-widget=\"featurebullets_feature_div\">\n<div id=\"feature-bullets\" class=\"a-section a-spacing-medium a-spacing-top-small\">\n<p><strong><span class=\"a-list-item\">Paquetes m\u00faltiples y gran capacidad: <\/span><\/strong><\/p>\n<p><span class=\"a-list-item\">El paquete de 6 bolsas reutilizables para alimentos incluye 2 bolsas de 7,5 litros (28 x 28 cm), 2 bolsas para s\u00e1ndwiches (22 x 18 cm) y 2 bolsas para aperitivos (22 x 11 cm), que satisfar\u00e1n todas sus necesidades de almacenamiento de alimentos. Los paquetes de bolsas reutilizables para alimentos incluyen 3 tama\u00f1os diferentes, que pueden almacenar s\u00e1ndwiches, verduras, bocadillos o cereales, y son excelentes recipientes para organizar los alimentos o llevar el almuerzo.<\/span><\/p>\n<p><strong><span class=\"a-list-item\">Material PEVA reutilizable: <\/span><\/strong><\/p>\n<p><span class=\"a-list-item\">El paquete de 6 bolsas reutilizables para alimentos est\u00e1 fabricado con material PEVA apto para uso alimentario, lo que proporciona una forma segura, no t\u00f3xica y ecol\u00f3gica de almacenar alimentos. Evite las altas temperaturas, como el microondas o el lavado con agua hirviendo, ya que pueden acortar su vida \u00fatil.<\/span><\/p>\n<p><strong><span class=\"a-list-item\">Cierre con doble cremallera: <\/span><\/strong><\/p>\n<p><span class=\"a-list-item\">Las bolsas reutilizables para alimentos cuentan con un dise\u00f1o de cierre con doble cremallera que evita las fugas y mantiene los alimentos frescos, lo que garantiza las caracter\u00edsticas de las bolsas herm\u00e9ticas y a prueba de fugas, que pueden mantener los alimentos frescos durante m\u00e1s tiempo.<\/span><\/p>\n<p><strong><span class=\"a-list-item\">Uso multifuncional: <\/span><\/strong><\/p>\n<p><span class=\"a-list-item\">Las bolsas reutilizables para alimentos pueden ser multifuncionales para guardar verduras, cosm\u00e9ticos, art\u00edculos de papeler\u00eda o juguetes. El juego de bolsas puede ser un m\u00e9todo funcional para organizar tu cocina, refrigerador o habitaci\u00f3n.<\/span><\/p>\n<p><strong><span class=\"a-list-item\">Productos ecol\u00f3gicos y sostenibles:<\/span><\/strong><\/p>\n<p>Las bolsas reutilizables para alimentos PEVA Freezer se pueden lavar en el lavavajillas y seguir\u00e1n siendo aptas para su uso tras m\u00faltiples lavados, pero recomendamos lavarlas a mano y secarlas al aire libre para prolongar su vida \u00fatil. No aptas para microondas.<\/p>\n<p>&nbsp;<\/p>\n<p>&nbsp;<\/p>\n<\/div>\n<\/div>\n<p><img fetchpriority=\"high\" decoding=\"async\" class=\"alignnone size-full wp-image-5204\" src=\"https:\/\/www.auspacekitchenware.com\/wp-content\/uploads\/2025\/04\/L1-2025041401292590.webp\" alt=\"\" width=\"1400\" height=\"400\" \/><\/p>","protected":false},"excerpt":{"rendered":"<table style=\"height: 304px\" width=\"672\">\n<tbody>\n<tr>\n<td>Modelo (n\u00famero de producto):<\/td>\n<td>HT-25032030<\/td>\n<\/tr>\n<tr>\n<td>Tama\u00f1o del producto:<\/td>\n<td>28 cm (largo) x 28 cm (ancho) x 1 cm (alto)<\/td>\n<\/tr>\n<tr>\n<td>Material del producto:<\/td>\n<td>Silicona de grado alimenticio 100% Premium<\/td>\n<\/tr>\n<tr>\n<td>Color del producto:<\/td>\n<td>Personalizado<\/td>\n<\/tr>\n<tr>\n<td>Informaci\u00f3n sobre el empaque:<\/td>\n<td>24 piezas por caja<\/td>\n<\/tr>\n<tr>\n<td>Cantidad m\u00ednima de pedido:<\/td>\n<td>500 unidades<\/td>\n<\/tr>\n<tr>\n<td>Origen:<\/td>\n<td>China<\/td>\n<\/tr>\n<tr>\n<td>Precio:<\/td>\n<td>Negociaci\u00f3n<\/td>\n<\/tr>\n<\/tbody>\n<\/table>","protected":false},"featured_media":5525,"comment_status":"open","ping_status":"closed","template":"","meta":{"_acf_changed":false},"product_brand":[],"product_cat":[85,19],"product_tag":[],"class_list":{"0":"post-5521","1":"product","2":"type-product","3":"status-publish","4":"has-post-thumbnail","6":"product_cat-reusable-food-storage-bag","7":"product_cat-kitchen-organization","8":"pif-has-gallery","10":"first","11":"instock","12":"shipping-taxable","13":"product-type-simple"},"acf":[],"_links":{"self":[{"href":"https:\/\/www.auspacekitchenware.com\/es\/wp-json\/wp\/v2\/product\/5521","targetHints":{"allow":["GET"]}}],"collection":[{"href":"https:\/\/www.auspacekitchenware.com\/es\/wp-json\/wp\/v2\/product"}],"about":[{"href":"https:\/\/www.auspacekitchenware.com\/es\/wp-json\/wp\/v2\/types\/product"}],"replies":[{"embeddable":true,"href":"https:\/\/www.auspacekitchenware.com\/es\/wp-json\/wp\/v2\/comments?post=5521"}],"wp:featuredmedia":[{"embeddable":true,"href":"https:\/\/www.auspacekitchenware.com\/es\/wp-json\/wp\/v2\/media\/5525"}],"wp:attachment":[{"href":"https:\/\/www.auspacekitchenware.com\/es\/wp-json\/wp\/v2\/media?parent=5521"}],"wp:term":[{"taxonomy":"product_brand","embeddable":true,"href":"https:\/\/www.auspacekitchenware.com\/es\/wp-json\/wp\/v2\/product_brand?post=5521"},{"taxonomy":"product_cat","embeddable":true,"href":"https:\/\/www.auspacekitchenware.com\/es\/wp-json\/wp\/v2\/product_cat?post=5521"},{"taxonomy":"product_tag","embeddable":true,"href":"https:\/\/www.auspacekitchenware.com\/es\/wp-json\/wp\/v2\/product_tag?post=5521"}],"curies":[{"name":"wp","href":"https:\/\/api.w.org\/{rel}","templated":true}]}}