{"id":5922,"date":"2025-05-07T03:42:30","date_gmt":"2025-05-07T03:42:30","guid":{"rendered":"https:\/\/auspacekitchenware.com\/?post_type=product&#038;p=5922"},"modified":"2025-05-13T02:51:54","modified_gmt":"2025-05-13T02:51:54","slug":"botellas-de-agua-deportivas-de-plastico-de-17-oz-para-ninos-al-por-mayor","status":"publish","type":"product","link":"https:\/\/www.auspacekitchenware.com\/es\/17oz-plastic-sports-water-bottles-for-kids-wholesale\/","title":{"rendered":"Botellas de agua deportivas de pl\u00e1stico de 17 oz para ni\u00f1os al por mayor"},"content":{"rendered":"<p><strong><span class=\"a-list-item\">Dise\u00f1o ligero y port\u00e1til: <\/span><\/strong><\/p>\n<p><span class=\"a-list-item\">Nuestra botella de agua deportiva de pl\u00e1stico de 500 ml es una buena compa\u00f1era para un estilo de vida activo, mide aproximadamente 5,5 x 20,3 cm y tiene una capacidad de 500 ml. Las botellas de agua transparentes son ligeras y port\u00e1tiles, ideales para que usted y su familia o amigos disfruten de deportes de interior o al aire libre.<\/span><\/p>\n<p><strong><span class=\"a-list-item\">A prueba de fugas: <\/span><\/strong><\/p>\n<p><span class=\"a-list-item\">Nuestras botellas deportivas de pl\u00e1stico de 17 oz est\u00e1n fabricadas con pl\u00e1stico de alta calidad, resistente y ligero, lo que le garantiza poder disfrutar de su bebida favorita en cualquier momento y lugar. Adem\u00e1s, el dise\u00f1o de las botellas deportivas de pl\u00e1stico de 17 oz evita que se derramen las bebidas que contienen, y el cuerpo de la botella es resistente y fiable, lo que las hace adecuadas para un uso repetido a largo plazo.<\/span><\/p>\n<p><strong><span class=\"a-list-item\">Ideas para regalos de fiesta:<\/span><\/strong><\/p>\n<p><span class=\"a-list-item\"> Nuestras botellas de agua deportivas de pl\u00e1stico de 500 ml son ideales como obsequios para fiestas, regalos de Navidad, recompensas para el aula, premios escolares, rellenos para bolsas de regalo, regalos de cumplea\u00f1os para ni\u00f1os, ferias, obsequios familiares, incentivos para empleados, suministros para paquetes de ayuda a personas sin hogar a granel y mucho m\u00e1s. Sus hijos y compa\u00f1eros de trabajo estar\u00e1n encantados de elegir su color favorito de botella de agua.<\/span><\/p>\n<p><strong><span class=\"a-list-item\">Amplia aplicaci\u00f3n: <\/span><\/strong><\/p>\n<p><span class=\"a-list-item\">El paquete de botellas de agua deportivas de pl\u00e1stico de 17 oz es adecuado para su uso en actividades al aire libre y en interiores, como senderismo, running, campamentos, gimnasios, ciclismo, aulas, oficinas, actividades en equipo y mucho m\u00e1s. Siempre te ayudan a reponer el agua que necesitas y te proporcionan una buena experiencia al beber.<\/span><\/p>\n<p><img fetchpriority=\"high\" decoding=\"async\" class=\"alignnone size-full wp-image-5924\" src=\"https:\/\/www.auspacekitchenware.com\/wp-content\/uploads\/2025\/05\/e86a6758-da48-4d6d-a0c8-7ddabc83c5b6.__CR00970600_PT0_SX970_V1___-2025050703512292.webp\" alt=\"\" width=\"1400\" height=\"400\" \/><\/p>","protected":false},"excerpt":{"rendered":"<table style=\"height: 304px\" width=\"672\">\n<tbody>\n<tr>\n<td>Modelo (n\u00famero de producto):<\/td>\n<td>HT-25032034<\/td>\n<\/tr>\n<tr>\n<td>Tama\u00f1o del producto:<\/td>\n<td>2,75 pulgadas de ancho x 5,5 pulgadas de alto<\/td>\n<\/tr>\n<tr>\n<td>Material del producto:<\/td>\n<td>Pl\u00e1stico<\/td>\n<\/tr>\n<tr>\n<td>Color del producto:<\/td>\n<td>Personalizado<\/td>\n<\/tr>\n<tr>\n<td>Informaci\u00f3n sobre el empaque:<\/td>\n<td>24 piezas por caja<\/td>\n<\/tr>\n<tr>\n<td>Cantidad m\u00ednima de pedido:<\/td>\n<td>2000 unidades<\/td>\n<\/tr>\n<tr>\n<td>Origen:<\/td>\n<td>China<\/td>\n<\/tr>\n<tr>\n<td>Precio:<\/td>\n<td>Negociaci\u00f3n<\/td>\n<\/tr>\n<\/tbody>\n<\/table>","protected":false},"featured_media":5928,"comment_status":"open","ping_status":"closed","template":"","meta":{"_acf_changed":false},"product_brand":[],"product_cat":[98],"product_tag":[],"class_list":{"0":"post-5922","1":"product","2":"type-product","3":"status-publish","4":"has-post-thumbnail","6":"product_cat-kids-water-bottle","7":"pif-has-gallery","9":"first","10":"instock","11":"shipping-taxable","12":"product-type-simple"},"acf":[],"_links":{"self":[{"href":"https:\/\/www.auspacekitchenware.com\/es\/wp-json\/wp\/v2\/product\/5922","targetHints":{"allow":["GET"]}}],"collection":[{"href":"https:\/\/www.auspacekitchenware.com\/es\/wp-json\/wp\/v2\/product"}],"about":[{"href":"https:\/\/www.auspacekitchenware.com\/es\/wp-json\/wp\/v2\/types\/product"}],"replies":[{"embeddable":true,"href":"https:\/\/www.auspacekitchenware.com\/es\/wp-json\/wp\/v2\/comments?post=5922"}],"wp:featuredmedia":[{"embeddable":true,"href":"https:\/\/www.auspacekitchenware.com\/es\/wp-json\/wp\/v2\/media\/5928"}],"wp:attachment":[{"href":"https:\/\/www.auspacekitchenware.com\/es\/wp-json\/wp\/v2\/media?parent=5922"}],"wp:term":[{"taxonomy":"product_brand","embeddable":true,"href":"https:\/\/www.auspacekitchenware.com\/es\/wp-json\/wp\/v2\/product_brand?post=5922"},{"taxonomy":"product_cat","embeddable":true,"href":"https:\/\/www.auspacekitchenware.com\/es\/wp-json\/wp\/v2\/product_cat?post=5922"},{"taxonomy":"product_tag","embeddable":true,"href":"https:\/\/www.auspacekitchenware.com\/es\/wp-json\/wp\/v2\/product_tag?post=5922"}],"curies":[{"name":"wp","href":"https:\/\/api.w.org\/{rel}","templated":true}]}}