{"id":6163,"date":"2025-05-22T03:44:30","date_gmt":"2025-05-22T03:44:30","guid":{"rendered":"https:\/\/auspacekitchenware.com\/?post_type=product&#038;p=6163"},"modified":"2025-05-23T08:03:30","modified_gmt":"2025-05-23T08:03:30","slug":"botella-de-agua-para-ninos-con-pajita-al-por-mayor","status":"publish","type":"product","link":"https:\/\/www.auspacekitchenware.com\/es\/kids-water-bottle-with-straw-wholesale\/","title":{"rendered":"Botella de agua para ni\u00f1os de 12 oz al por mayor"},"content":{"rendered":"<p><strong><span class=\"a-list-item\">Seguro y duradero:<\/span><\/strong><\/p>\n<p><span class=\"a-list-item\"> Fabricada con material resistente a las roturas y sin BPA, nuestra botella de agua es segura para la salud de su hijo y aguanta el uso diario.<\/span><\/p>\n<p><strong><span class=\"a-list-item\">Capacidad generosa: <\/span><\/strong><\/p>\n<p><span class=\"a-list-item\">Con una amplia capacidad de 20 oz, nuestra botella de agua es perfecta para mantener a tu hijo hidratado durante todo el d\u00eda.<\/span><\/p>\n<p><strong><span class=\"a-list-item\">Dise\u00f1o a prueba de fugas: <\/span><\/strong><\/p>\n<p><span class=\"a-list-item\">Con una tapa abatible y un anillo de cierre, nuestra botella evita derrames y ensuciamientos. La tapa permite manejarla con una sola mano y la boquilla se abre con solo pulsar un bot\u00f3n.<\/span><\/p>\n<p><strong><span class=\"a-list-item\">Comodidad para llevar:<\/span><\/strong><\/p>\n<p><span class=\"a-list-item\"> La correa de nuestra botella de agua la convierte en una excelente opci\u00f3n para la escuela, los deportes y las actividades al aire libre. Mantenga a su hijo hidratado en cualquier momento y lugar.<\/span><\/p>\n<p><strong><span class=\"a-list-item\">Colorido y divertido: <\/span><\/strong><\/p>\n<p><span class=\"a-list-item\">Elige entre una gran variedad de bonitos dise\u00f1os y colores vivos para a\u00f1adir un toque divertido a la vida de tu hijo. Nuestra colecci\u00f3n de botellas es perfecta para ni\u00f1os con gustos vers\u00e1tiles.<\/span><\/p>\n<p><img fetchpriority=\"high\" decoding=\"async\" class=\"alignnone size-full wp-image-6170\" src=\"https:\/\/www.auspacekitchenware.com\/wp-content\/uploads\/2025\/05\/4bc5824e-6dd3-4c13-a64f-b2d2718de701.__CR36029281200_PT0_SX1464_V1___-2025052203493510.webp\" alt=\"\" width=\"1400\" height=\"400\" \/><\/p>","protected":false},"excerpt":{"rendered":"<table style=\"height: 304px\" width=\"672\">\n<tbody>\n<tr>\n<td>Modelo (n\u00famero de producto):<\/td>\n<td>AU-BT0008<\/td>\n<\/tr>\n<tr>\n<td>Tama\u00f1o del producto:<\/td>\n<td>7W x 19H<\/td>\n<\/tr>\n<tr>\n<td>Material del producto:<\/td>\n<td>Pl\u00e1stico<\/td>\n<\/tr>\n<tr>\n<td>Color del producto:<\/td>\n<td>Personalizado<\/td>\n<\/tr>\n<tr>\n<td>Informaci\u00f3n sobre el empaque:<\/td>\n<td>24 piezas por caja<\/td>\n<\/tr>\n<tr>\n<td>Cantidad m\u00ednima de pedido:<\/td>\n<td>2000 unidades<\/td>\n<\/tr>\n<tr>\n<td>Origen:<\/td>\n<td>China<\/td>\n<\/tr>\n<tr>\n<td>Precio:<\/td>\n<td>Negociaci\u00f3n<\/td>\n<\/tr>\n<\/tbody>\n<\/table>","protected":false},"featured_media":6165,"comment_status":"open","ping_status":"closed","template":"","meta":{"_acf_changed":false},"product_brand":[],"product_cat":[98],"product_tag":[],"class_list":{"0":"post-6163","1":"product","2":"type-product","3":"status-publish","4":"has-post-thumbnail","6":"product_cat-kids-water-bottle","7":"pif-has-gallery","9":"first","10":"instock","11":"shipping-taxable","12":"product-type-simple"},"acf":[],"_links":{"self":[{"href":"https:\/\/www.auspacekitchenware.com\/es\/wp-json\/wp\/v2\/product\/6163","targetHints":{"allow":["GET"]}}],"collection":[{"href":"https:\/\/www.auspacekitchenware.com\/es\/wp-json\/wp\/v2\/product"}],"about":[{"href":"https:\/\/www.auspacekitchenware.com\/es\/wp-json\/wp\/v2\/types\/product"}],"replies":[{"embeddable":true,"href":"https:\/\/www.auspacekitchenware.com\/es\/wp-json\/wp\/v2\/comments?post=6163"}],"wp:featuredmedia":[{"embeddable":true,"href":"https:\/\/www.auspacekitchenware.com\/es\/wp-json\/wp\/v2\/media\/6165"}],"wp:attachment":[{"href":"https:\/\/www.auspacekitchenware.com\/es\/wp-json\/wp\/v2\/media?parent=6163"}],"wp:term":[{"taxonomy":"product_brand","embeddable":true,"href":"https:\/\/www.auspacekitchenware.com\/es\/wp-json\/wp\/v2\/product_brand?post=6163"},{"taxonomy":"product_cat","embeddable":true,"href":"https:\/\/www.auspacekitchenware.com\/es\/wp-json\/wp\/v2\/product_cat?post=6163"},{"taxonomy":"product_tag","embeddable":true,"href":"https:\/\/www.auspacekitchenware.com\/es\/wp-json\/wp\/v2\/product_tag?post=6163"}],"curies":[{"name":"wp","href":"https:\/\/api.w.org\/{rel}","templated":true}]}}