{"id":6290,"date":"2025-06-04T02:04:10","date_gmt":"2025-06-04T02:04:10","guid":{"rendered":"https:\/\/auspacekitchenware.com\/?post_type=product&#038;p=6290"},"modified":"2025-06-04T02:57:10","modified_gmt":"2025-06-04T02:57:10","slug":"fiambrera-redonda-de-acero-inoxidable-al-por-mayor-2","status":"publish","type":"product","link":"https:\/\/www.auspacekitchenware.com\/es\/round-stainless-steel-lunch-box-wholesale-2\/","title":{"rendered":"Lunch box redonda de acero inoxidable al por mayor"},"content":{"rendered":"<p><strong><span class=\"a-list-item\">PERFECTAS L\u00c1MINAS DE ACERO INOXIDABLE PARA TUS COMIDAS SALUDABLES<\/span><\/strong><\/p>\n<p><span class=\"a-list-item\">Nuestras loncheras de acero inoxidable para adultos y ni\u00f1os son f\u00e1ciles de usar, lavar y guardar. Con nuestra lonchera de acero inoxidable, puedes cuidar lo que comes cuando no est\u00e1s en casa sin descuidar tu bolsillo.\u00a0<\/span><\/p>\n<p><strong><span class=\"a-list-item\">\u00a1CALIDAD PREMIUM! <\/span><\/strong><\/p>\n<p><span class=\"a-list-item\">Fabricada con materiales de primera calidad aptos para uso alimentario, esta es la mejor lonchera de acero inoxidable para llevar comida saludable. Los recipientes para almacenar alimentos se pueden abrir f\u00e1cilmente gracias a las pr\u00e1cticas solapas de las tapas. Adem\u00e1s, gracias a sus compartimentos y a su dise\u00f1o compacto, estas loncheras de acero inoxidable se pueden encajar unas dentro de otras para guardarlas de forma f\u00e1cil y c\u00f3moda.<\/span><\/p>\n<p><strong><span class=\"a-list-item\">PORT\u00c1TIL, LIGERO, F\u00c1CIL DE TRANSPORTAR<\/span><\/strong><\/p>\n<p><span class=\"a-list-item\">Sus dimensiones de 11,3 x 11,3 x 17,1 cm lo hacen port\u00e1til y f\u00e1cil de transportar. El dise\u00f1o perfecto de 900 ml hace que la lonchera de pl\u00e1stico para ni\u00f1os tenga una gran capacidad y sea ligera.<\/span><\/p>\n<p>&nbsp;<\/p>\n<p><img fetchpriority=\"high\" decoding=\"async\" class=\"alignnone size-full wp-image-4367\" src=\"https:\/\/www.auspacekitchenware.com\/wp-content\/uploads\/2025\/03\/11111111_\u526f\u672c-2025032009142299.webp\" alt=\"\" width=\"1400\" height=\"400\" \/><\/p>","protected":false},"excerpt":{"rendered":"<table style=\"height: 304px\" width=\"672\">\n<tbody>\n<tr>\n<td>Modelo (n\u00famero de producto):<\/td>\n<td>AU-LB0001<\/td>\n<\/tr>\n<tr>\n<td>Tama\u00f1o del producto:<\/td>\n<td><span class=\"a-list-item\">11,3 x 11,3 x 17,1 cm<\/span><\/td>\n<\/tr>\n<tr>\n<td>Material del producto:<\/td>\n<td>acero inoxidable<\/td>\n<\/tr>\n<tr>\n<td>Color del producto:<\/td>\n<td>Personalizado<\/td>\n<\/tr>\n<tr>\n<td>Informaci\u00f3n sobre el empaque:<\/td>\n<td>12 piezas por caja<\/td>\n<\/tr>\n<tr>\n<td>Cantidad m\u00ednima de pedido:<\/td>\n<td>3000 unidades<\/td>\n<\/tr>\n<tr>\n<td>Origen:<\/td>\n<td>China<\/td>\n<\/tr>\n<tr>\n<td>Precio:<\/td>\n<td>Negociaci\u00f3n<\/td>\n<\/tr>\n<\/tbody>\n<\/table>","protected":false},"featured_media":6283,"comment_status":"open","ping_status":"closed","template":"","meta":{"_acf_changed":false},"product_brand":[],"product_cat":[102,90],"product_tag":[],"class_list":{"0":"post-6290","1":"product","2":"type-product","3":"status-publish","4":"has-post-thumbnail","6":"product_cat-lunch-box","7":"product_cat-stainless-steel-lunch-box","8":"pif-has-gallery","10":"first","11":"instock","12":"shipping-taxable","13":"product-type-simple"},"acf":[],"_links":{"self":[{"href":"https:\/\/www.auspacekitchenware.com\/es\/wp-json\/wp\/v2\/product\/6290","targetHints":{"allow":["GET"]}}],"collection":[{"href":"https:\/\/www.auspacekitchenware.com\/es\/wp-json\/wp\/v2\/product"}],"about":[{"href":"https:\/\/www.auspacekitchenware.com\/es\/wp-json\/wp\/v2\/types\/product"}],"replies":[{"embeddable":true,"href":"https:\/\/www.auspacekitchenware.com\/es\/wp-json\/wp\/v2\/comments?post=6290"}],"wp:featuredmedia":[{"embeddable":true,"href":"https:\/\/www.auspacekitchenware.com\/es\/wp-json\/wp\/v2\/media\/6283"}],"wp:attachment":[{"href":"https:\/\/www.auspacekitchenware.com\/es\/wp-json\/wp\/v2\/media?parent=6290"}],"wp:term":[{"taxonomy":"product_brand","embeddable":true,"href":"https:\/\/www.auspacekitchenware.com\/es\/wp-json\/wp\/v2\/product_brand?post=6290"},{"taxonomy":"product_cat","embeddable":true,"href":"https:\/\/www.auspacekitchenware.com\/es\/wp-json\/wp\/v2\/product_cat?post=6290"},{"taxonomy":"product_tag","embeddable":true,"href":"https:\/\/www.auspacekitchenware.com\/es\/wp-json\/wp\/v2\/product_tag?post=6290"}],"curies":[{"name":"wp","href":"https:\/\/api.w.org\/{rel}","templated":true}]}}