{"id":6486,"date":"2025-06-10T05:24:12","date_gmt":"2025-06-10T05:24:12","guid":{"rendered":"https:\/\/auspacekitchenware.com\/?post_type=product&#038;p=6486"},"modified":"2025-06-10T05:45:34","modified_gmt":"2025-06-10T05:45:34","slug":"taza-portatil-para-mujer-con-asa-al-por-mayor","status":"publish","type":"product","link":"https:\/\/www.auspacekitchenware.com\/es\/portable-lady-mug-with-handle-wholesale\/","title":{"rendered":"Taza port\u00e1til para mujer con asa al por mayor"},"content":{"rendered":"<p><strong><span class=\"a-list-item\">LA PAJA PERFECTA: <\/span><\/strong><\/p>\n<p><span class=\"a-list-item\">Desp\u00eddete de las pajitas desechables, que son endebles y generan residuos, o de las pajitas reutilizables, que ensucian todo cuando se vuelcan. Nuestra exclusiva pajita abatible IceFlow permite beber sin esfuerzo y es resistente a las fugas cuando est\u00e1 cerrada, solo tienes que cerrarla y listo. Al menos el 10% del material de nuestra tapa est\u00e1 fabricado con redes de pesca recicladas para mantener nuestro planeta saludable.<\/span><\/p>\n<p><strong><span class=\"a-list-item\">HECHO A LA MEDIDA DE TU VIDA: <\/span><\/strong><\/p>\n<p><span class=\"a-list-item\">El mango ergon\u00f3mico y giratorio te permite agarrar r\u00e1pidamente esta bonita taza con pajita y salir pitando; cabe c\u00f3modamente en la mayor\u00eda de los portavasos de tu coche o en la mayor\u00eda de las m\u00e1quinas de ejercicio; es la compa\u00f1era indispensable para llevar contigo a cualquier parte.<\/span><\/p>\n<p><strong><span class=\"a-list-item\">Ll\u00e9valo a cualquier lugar: <\/span><\/strong><\/p>\n<p><span class=\"a-list-item\">El mango giratorio ergon\u00f3mico te permite agarrar c\u00f3modamente esta taza aislante para mujer y llevarla contigo. El mango curvo se adapta a la forma de la taza, por lo que no ocupar\u00e1 espacio cuando vayas de campamento, de excursi\u00f3n, de paseo o conduzcas.<\/span><\/p>\n<p><strong><span class=\"a-list-item\">Se adapta a cualquier portavasos de coche: <\/span><\/strong><\/p>\n<p><span class=\"a-list-item\">La parte inferior delgada permite que esta taza para mujer quepa en cualquier portavasos de coche y sea f\u00e1cil de sujetar. La boca ancha es muy pr\u00e1ctica para llenarla de cubitos de hielo. El pl\u00e1stico 100% sin BPA garantiza la seguridad y la salud.<\/span><\/p>","protected":false},"excerpt":{"rendered":"<table style=\"height: 304px\" width=\"672\">\n<tbody>\n<tr>\n<td>Modelo (n\u00famero de producto):<\/td>\n<td>AU-BT0022<\/td>\n<\/tr>\n<tr>\n<td>Tama\u00f1o del producto:<\/td>\n<td>7,7 x 7,7*13,6 cm, 400 ml<\/td>\n<\/tr>\n<tr>\n<td>Material del producto:<\/td>\n<td>Interior S\/S304 + exterior S\/S201<\/td>\n<\/tr>\n<tr>\n<td>Color del producto:<\/td>\n<td>Personalizado<\/td>\n<\/tr>\n<tr>\n<td>Informaci\u00f3n sobre el empaque:<\/td>\n<td>24 piezas por caja<\/td>\n<\/tr>\n<tr>\n<td>Cantidad m\u00ednima de pedido:<\/td>\n<td>3000 unidades<\/td>\n<\/tr>\n<tr>\n<td>Origen:<\/td>\n<td>China<\/td>\n<\/tr>\n<tr>\n<td>Precio:<\/td>\n<td>Negociaci\u00f3n<\/td>\n<\/tr>\n<\/tbody>\n<\/table>","protected":false},"featured_media":6491,"comment_status":"open","ping_status":"closed","template":"","meta":{"_acf_changed":false},"product_brand":[],"product_cat":[20,52],"product_tag":[],"class_list":{"0":"post-6486","1":"product","2":"type-product","3":"status-publish","4":"has-post-thumbnail","6":"product_cat-water-bottles","7":"product_cat-stainless-steel-water-bottle","8":"pif-has-gallery","10":"first","11":"instock","12":"shipping-taxable","13":"product-type-simple"},"acf":[],"_links":{"self":[{"href":"https:\/\/www.auspacekitchenware.com\/es\/wp-json\/wp\/v2\/product\/6486","targetHints":{"allow":["GET"]}}],"collection":[{"href":"https:\/\/www.auspacekitchenware.com\/es\/wp-json\/wp\/v2\/product"}],"about":[{"href":"https:\/\/www.auspacekitchenware.com\/es\/wp-json\/wp\/v2\/types\/product"}],"replies":[{"embeddable":true,"href":"https:\/\/www.auspacekitchenware.com\/es\/wp-json\/wp\/v2\/comments?post=6486"}],"wp:featuredmedia":[{"embeddable":true,"href":"https:\/\/www.auspacekitchenware.com\/es\/wp-json\/wp\/v2\/media\/6491"}],"wp:attachment":[{"href":"https:\/\/www.auspacekitchenware.com\/es\/wp-json\/wp\/v2\/media?parent=6486"}],"wp:term":[{"taxonomy":"product_brand","embeddable":true,"href":"https:\/\/www.auspacekitchenware.com\/es\/wp-json\/wp\/v2\/product_brand?post=6486"},{"taxonomy":"product_cat","embeddable":true,"href":"https:\/\/www.auspacekitchenware.com\/es\/wp-json\/wp\/v2\/product_cat?post=6486"},{"taxonomy":"product_tag","embeddable":true,"href":"https:\/\/www.auspacekitchenware.com\/es\/wp-json\/wp\/v2\/product_tag?post=6486"}],"curies":[{"name":"wp","href":"https:\/\/api.w.org\/{rel}","templated":true}]}}