{"id":7322,"date":"2025-06-23T02:46:57","date_gmt":"2025-06-23T02:46:57","guid":{"rendered":"https:\/\/auspacekitchenware.com\/?post_type=product&#038;p=7322"},"modified":"2025-06-23T02:55:42","modified_gmt":"2025-06-23T02:55:42","slug":"rectangular-baking-pan-wholesale","status":"publish","type":"product","link":"https:\/\/www.auspacekitchenware.com\/es\/rectangular-baking-pan-wholesale\/","title":{"rendered":"Molde rectangular para hornear al por mayor"},"content":{"rendered":"<p><strong>Dise\u00f1o antiadherente<\/strong><\/p>\n<p>La bandeja rectangular para hornear est\u00e1 fabricada en acero al carbono resistente y sin BPA, y cuenta con un recubrimiento antiadherente que elimina la necesidad de utilizar mantequilla, aceite o aerosol para cocinar. Esto garantiza que los alimentos se desprendan r\u00e1pida y f\u00e1cilmente, lo que le permite disfrutar de sus delicias horneadas sin complicaciones. Adem\u00e1s, no emite olores desagradables durante el horneado.<\/p>\n<p><strong>Apto para horno<\/strong><\/p>\n<p>Este molde rectangular para hornear es resistente al calor hasta temperaturas de 446 \u00b0F, lo que lo hace ideal para hornear una gran variedad de deliciosos dulces. Tanto si quieres preparar un delicioso chocolate fundido, galletas, cupcakes, tartas de manzana, brownies o pasteles de cumplea\u00f1os, este molde te permitir\u00e1 hacerlo todo con facilidad.<\/p>\n<p><strong>Asas de silicona resistentes al calor<\/strong><\/p>\n<p>Designed with user safety in mind, Rectangular Baking Pan features heatproof red silicone handles that prevent accidental burns. It&#8217;s also stain-resistant and easy to clean, being dishwasher safe, though hand washing is recommended to maximize the lifespan of the pan.<\/p>\n<p><strong>Dise\u00f1o que ahorra espacio<\/strong><\/p>\n<p>La bandeja rectangular para hornear presenta un dise\u00f1o apilable, lo que permite guardarla c\u00f3modamente y ahorrar espacio en la cocina. Es totalmente compatible con hornos est\u00e1ndar y de convecci\u00f3n, lo que la convierte en un complemento vers\u00e1til para tus utensilios de reposter\u00eda. Adecuada no solo para el horno, sino tambi\u00e9n para el refrigerador y el congelador, esta bandeja es perfecta para todas tus necesidades de reposter\u00eda.<\/p>","protected":false},"excerpt":{"rendered":"<table style=\"height: 304px\" width=\"672\">\n<tbody>\n<tr>\n<td>Modelo (n\u00famero de producto):<\/td>\n<td>AU-BP0012<\/td>\n<\/tr>\n<tr>\n<td>Tama\u00f1o del producto:<\/td>\n<td>24.5x15x6.5cm<\/td>\n<\/tr>\n<tr>\n<td>Material del producto:<\/td>\n<td>Acero al carbono<\/td>\n<\/tr>\n<tr>\n<td>Color del producto:<\/td>\n<td>Personalizado<\/td>\n<\/tr>\n<tr>\n<td>Informaci\u00f3n sobre el empaque:<\/td>\n<td>12 piezas por caja<\/td>\n<\/tr>\n<tr>\n<td>Cantidad m\u00ednima de pedido:<\/td>\n<td>3000 unidades<\/td>\n<\/tr>\n<tr>\n<td>Origen:<\/td>\n<td>China<\/td>\n<\/tr>\n<tr>\n<td>Precio:<\/td>\n<td>Negociaci\u00f3n<\/td>\n<\/tr>\n<\/tbody>\n<\/table>","protected":false},"featured_media":7323,"comment_status":"open","ping_status":"closed","template":"","meta":{"_acf_changed":false},"product_brand":[],"product_cat":[44,18],"product_tag":[],"class_list":{"0":"post-7322","1":"product","2":"type-product","3":"status-publish","4":"has-post-thumbnail","6":"product_cat-baking-pan-bakeware","7":"product_cat-bakeware","8":"pif-has-gallery","10":"first","11":"instock","12":"shipping-taxable","13":"product-type-simple"},"acf":[],"_links":{"self":[{"href":"https:\/\/www.auspacekitchenware.com\/es\/wp-json\/wp\/v2\/product\/7322","targetHints":{"allow":["GET"]}}],"collection":[{"href":"https:\/\/www.auspacekitchenware.com\/es\/wp-json\/wp\/v2\/product"}],"about":[{"href":"https:\/\/www.auspacekitchenware.com\/es\/wp-json\/wp\/v2\/types\/product"}],"replies":[{"embeddable":true,"href":"https:\/\/www.auspacekitchenware.com\/es\/wp-json\/wp\/v2\/comments?post=7322"}],"wp:featuredmedia":[{"embeddable":true,"href":"https:\/\/www.auspacekitchenware.com\/es\/wp-json\/wp\/v2\/media\/7323"}],"wp:attachment":[{"href":"https:\/\/www.auspacekitchenware.com\/es\/wp-json\/wp\/v2\/media?parent=7322"}],"wp:term":[{"taxonomy":"product_brand","embeddable":true,"href":"https:\/\/www.auspacekitchenware.com\/es\/wp-json\/wp\/v2\/product_brand?post=7322"},{"taxonomy":"product_cat","embeddable":true,"href":"https:\/\/www.auspacekitchenware.com\/es\/wp-json\/wp\/v2\/product_cat?post=7322"},{"taxonomy":"product_tag","embeddable":true,"href":"https:\/\/www.auspacekitchenware.com\/es\/wp-json\/wp\/v2\/product_tag?post=7322"}],"curies":[{"name":"wp","href":"https:\/\/api.w.org\/{rel}","templated":true}]}}