{"id":7403,"date":"2025-06-24T06:14:51","date_gmt":"2025-06-24T06:14:51","guid":{"rendered":"https:\/\/auspacekitchenware.com\/?post_type=product&#038;p=7403"},"modified":"2025-06-24T06:18:19","modified_gmt":"2025-06-24T06:18:19","slug":"molde-para-hornear-12-muffins-resistente-al-por-mayor","status":"publish","type":"product","link":"https:\/\/www.auspacekitchenware.com\/es\/resistant-12-cup-muffin-baking-pan-wholesale\/","title":{"rendered":"Molde para hornear 6 muffins resistente al por mayor"},"content":{"rendered":"<div class=\"auto-hide-last-sibling-br paragraph-Oc488D paragraph-element br-paragraph-space\">\n<div class=\"auto-hide-last-sibling-br paragraph-Oc488D paragraph-element br-paragraph-space\">\n<div class=\"auto-hide-last-sibling-br paragraph-Oc488D paragraph-element br-paragraph-space\">\n<div class=\"auto-hide-last-sibling-br paragraph-Oc488D paragraph-element br-paragraph-space\"><strong>Material y rendimiento t\u00e9rmico<\/strong><br class=\"container-Vdm5p7 wrapper-_7axQ_ undefined\" \/>La bandeja para hornear de acero al carbono verde claro est\u00e1 forjada con acero al carbono de primera calidad. Cuenta con una excelente conductividad t\u00e9rmica, lo que permite una distribuci\u00f3n r\u00e1pida y uniforme del calor en sus 12 cavidades. Esto garantiza que todos los muffins, cupcakes o miniplatos se horneen de manera uniforme, con una textura consistente y un resultado dorado, incluso en hornos a altas temperaturas.<\/div>\n<div><\/div>\n<div class=\"auto-hide-last-sibling-br paragraph-Oc488D paragraph-element br-paragraph-space\"><strong>Dise\u00f1o ergon\u00f3mico<\/strong><br class=\"container-Vdm5p7 wrapper-_7axQ_ undefined\" \/>La bandeja para hornear de acero al carbono verde claro cuenta con asas laterales curvas. Estas asas se adaptan naturalmente a la mano, ofreciendo un agarre seguro para facilitar su traslado al horno. Los bordes lisos y redondeados evitan ara\u00f1azos durante su manejo y limpieza, mientras que la estructura robusta de la bandeja resiste la deformaci\u00f3n, lo que garantiza el mantenimiento de su forma a largo plazo.<\/div>\n<div><\/div>\n<div class=\"auto-hide-last-sibling-br paragraph-Oc488D paragraph-element br-paragraph-space\"><strong>Eficiencia multicavidad<\/strong><br class=\"container-Vdm5p7 wrapper-_7axQ_ undefined\" \/>La bandeja para hornear de acero al carbono verde claro viene con 12 cavidades de tama\u00f1o uniforme y bien espaciadas. Permite hornear una docena de dulces a la vez, ideal para muffins, cupcakes o bocadillos salados como mini quiches. La profundidad y el di\u00e1metro uniformes de cada cavidad garantizan un porcionado y horneado consistentes, lo que agiliza el flujo de trabajo en la cocina.<\/div>\n<div><\/div>\n<div class=\"auto-hide-last-sibling-br paragraph-Oc488D paragraph-element br-paragraph-space\"><strong>Antiadherente y f\u00e1cil de cuidar<\/strong><br class=\"container-Vdm5p7 wrapper-_7axQ_ undefined\" \/>Molde para hornear de acero al carbono de color verde claro recubierto con una capa antiadherente compatible con el acero al carbono, este molde para muffins garantiza que los alimentos se desprendan sin esfuerzo. Los productos horneados se deslizan intactos, sin dejar residuos. La limpieza es sencilla: se lava a mano con jab\u00f3n suave o se mete en el lavavajillas. El recubrimiento duradero mantiene su rendimiento antiadherente y su acabado verde claro despu\u00e9s de un uso repetido.<\/div>\n<\/div>\n<\/div>\n<\/div>","protected":false},"excerpt":{"rendered":"<table style=\"height: 304px\" width=\"672\">\n<tbody>\n<tr>\n<td>Modelo (n\u00famero de producto):<\/td>\n<td>AU-BP0020<\/td>\n<\/tr>\n<tr>\n<td>Tama\u00f1o del producto:<\/td>\n<td>35,5 \u00d7 26,8 \u00d7 3,8 cm<\/td>\n<\/tr>\n<tr>\n<td>Material del producto:<\/td>\n<td>Acero al carbono<\/td>\n<\/tr>\n<tr>\n<td>Color del producto:<\/td>\n<td>Personalizado<\/td>\n<\/tr>\n<tr>\n<td>Informaci\u00f3n sobre el empaque:<\/td>\n<td>12 piezas por caja<\/td>\n<\/tr>\n<tr>\n<td>Cantidad m\u00ednima de pedido:<\/td>\n<td>1800 unidades<\/td>\n<\/tr>\n<tr>\n<td>Origen:<\/td>\n<td>China<\/td>\n<\/tr>\n<tr>\n<td>Precio:<\/td>\n<td>Negociaci\u00f3n<\/td>\n<\/tr>\n<\/tbody>\n<\/table>\n<p>&nbsp;<\/p>","protected":false},"featured_media":7404,"comment_status":"open","ping_status":"closed","template":"","meta":{"_acf_changed":false},"product_brand":[],"product_cat":[44,18],"product_tag":[],"class_list":{"0":"post-7403","1":"product","2":"type-product","3":"status-publish","4":"has-post-thumbnail","6":"product_cat-baking-pan-bakeware","7":"product_cat-bakeware","8":"pif-has-gallery","10":"first","11":"instock","12":"shipping-taxable","13":"product-type-simple"},"acf":[],"_links":{"self":[{"href":"https:\/\/www.auspacekitchenware.com\/es\/wp-json\/wp\/v2\/product\/7403","targetHints":{"allow":["GET"]}}],"collection":[{"href":"https:\/\/www.auspacekitchenware.com\/es\/wp-json\/wp\/v2\/product"}],"about":[{"href":"https:\/\/www.auspacekitchenware.com\/es\/wp-json\/wp\/v2\/types\/product"}],"replies":[{"embeddable":true,"href":"https:\/\/www.auspacekitchenware.com\/es\/wp-json\/wp\/v2\/comments?post=7403"}],"wp:featuredmedia":[{"embeddable":true,"href":"https:\/\/www.auspacekitchenware.com\/es\/wp-json\/wp\/v2\/media\/7404"}],"wp:attachment":[{"href":"https:\/\/www.auspacekitchenware.com\/es\/wp-json\/wp\/v2\/media?parent=7403"}],"wp:term":[{"taxonomy":"product_brand","embeddable":true,"href":"https:\/\/www.auspacekitchenware.com\/es\/wp-json\/wp\/v2\/product_brand?post=7403"},{"taxonomy":"product_cat","embeddable":true,"href":"https:\/\/www.auspacekitchenware.com\/es\/wp-json\/wp\/v2\/product_cat?post=7403"},{"taxonomy":"product_tag","embeddable":true,"href":"https:\/\/www.auspacekitchenware.com\/es\/wp-json\/wp\/v2\/product_tag?post=7403"}],"curies":[{"name":"wp","href":"https:\/\/api.w.org\/{rel}","templated":true}]}}