{"id":7415,"date":"2025-06-24T06:18:56","date_gmt":"2025-06-24T06:18:56","guid":{"rendered":"https:\/\/auspacekitchenware.com\/?post_type=product&#038;p=7415"},"modified":"2025-06-24T06:55:33","modified_gmt":"2025-06-24T06:55:33","slug":"bandeja-para-hornear-pizza-al-por-mayor","status":"publish","type":"product","link":"https:\/\/www.auspacekitchenware.com\/es\/pizza-baking-pan-wholesale\/","title":{"rendered":"Bandeja para hornear pizza con agujero al por mayor"},"content":{"rendered":"<div class=\"auto-hide-last-sibling-br paragraph-Oc488D paragraph-element br-paragraph-space\">\n<div class=\"auto-hide-last-sibling-br paragraph-Oc488D paragraph-element br-paragraph-space\">\n<div class=\"auto-hide-last-sibling-br paragraph-Oc488D paragraph-element br-paragraph-space\">\n<div class=\"auto-hide-last-sibling-br paragraph-Oc488D paragraph-element br-paragraph-space\">\n<p><strong><span class=\"a-list-item\">CONSTRUCCI\u00d3N DURADERA: <\/span><\/strong><\/p>\n<p><span class=\"a-list-item\">Fabricada en acero al carbono de alta calidad, esta bandeja para hornear pizza est\u00e1 dise\u00f1ada para ofrecer durabilidad y un rendimiento prolongado. El revestimiento antiadherente de m\u00e1rmol gris de primera calidad a\u00f1ade funcionalidad y aporta un toque elegante a tus utensilios de cocina.<\/span><\/p>\n<p><strong><span class=\"a-list-item\">DISE\u00d1O PERFORADO: <\/span><\/strong><\/p>\n<p><span class=\"a-list-item\">La bandeja para hornear pizza cuenta con orificios perforados estrat\u00e9gicamente colocados que favorecen una distribuci\u00f3n uniforme del calor. Esta bandeja para pizza reduce la humedad, lo que da como resultado una masa perfectamente crujiente en cada ocasi\u00f3n.<\/span><\/p>\n<p><strong><span class=\"a-list-item\">REVESTIMIENTO ANTIADHERENTE:<\/span><\/strong><\/p>\n<p><span class=\"a-list-item\"> Este avanzado recubrimiento antiadherente de m\u00e1rmol gris en las superficies interior y exterior evita que los alimentos se peguen, reduce la necesidad de utilizar aceites en exceso y se limpia f\u00e1cilmente, lo que hace que hornear y servir tus platillos favoritos sea muy sencillo.<\/span><\/p>\n<p><strong><span class=\"a-list-item\">RESISTENCIA A ALTAS TEMPERATURAS: <\/span><\/strong><\/p>\n<p><span class=\"a-list-item\">Capaz de soportar altas temperaturas de hasta 450 \u00b0F (230 \u00b0C), esta vers\u00e1til bandeja para hornear es perfecta para hornear deliciosas pizzas caseras, galletas u otros dulces. Esta bandeja est\u00e1 dise\u00f1ada para satisfacer todas sus necesidades de horneado.<\/span><\/p>\n<p><strong><span class=\"a-list-item\">SEGURO Y APTO PARA LAVAPLATOS: <\/span><\/strong><\/p>\n<p><span class=\"a-list-item\">Comprometidos con su salud y seguridad, estos utensilios para hornear no contienen sustancias qu\u00edmicas nocivas como PFOA, PFOS y PTFE. Adem\u00e1s, se pueden lavar en el lavavajillas, lo que le ofrece la comodidad de una limpieza r\u00e1pida y sin complicaciones.<\/span><\/p>\n<\/div>\n<\/div>\n<\/div>\n<\/div>","protected":false},"excerpt":{"rendered":"<table style=\"height: 304px\" width=\"672\">\n<tbody>\n<tr>\n<td>Modelo (n\u00famero de producto):<\/td>\n<td>AU-BP0021<\/td>\n<\/tr>\n<tr>\n<td>Tama\u00f1o del producto:<\/td>\n<td>37 \u00d7 1,5 cm<\/td>\n<\/tr>\n<tr>\n<td>Material del producto:<\/td>\n<td>Acero al carbono<\/td>\n<\/tr>\n<tr>\n<td>Color del producto:<\/td>\n<td>Personalizado<\/td>\n<\/tr>\n<tr>\n<td>Informaci\u00f3n sobre el empaque:<\/td>\n<td>12 piezas por caja<\/td>\n<\/tr>\n<tr>\n<td>Cantidad m\u00ednima de pedido:<\/td>\n<td>1800 unidades<\/td>\n<\/tr>\n<tr>\n<td>Origen:<\/td>\n<td>China<\/td>\n<\/tr>\n<tr>\n<td>Precio:<\/td>\n<td>Negociaci\u00f3n<\/td>\n<\/tr>\n<\/tbody>\n<\/table>\n<p>&nbsp;<\/p>","protected":false},"featured_media":7416,"comment_status":"open","ping_status":"closed","template":"","meta":{"_acf_changed":false},"product_brand":[],"product_cat":[44,18],"product_tag":[],"class_list":{"0":"post-7415","1":"product","2":"type-product","3":"status-publish","4":"has-post-thumbnail","6":"product_cat-baking-pan-bakeware","7":"product_cat-bakeware","8":"pif-has-gallery","10":"first","11":"instock","12":"shipping-taxable","13":"product-type-simple"},"acf":[],"_links":{"self":[{"href":"https:\/\/www.auspacekitchenware.com\/es\/wp-json\/wp\/v2\/product\/7415","targetHints":{"allow":["GET"]}}],"collection":[{"href":"https:\/\/www.auspacekitchenware.com\/es\/wp-json\/wp\/v2\/product"}],"about":[{"href":"https:\/\/www.auspacekitchenware.com\/es\/wp-json\/wp\/v2\/types\/product"}],"replies":[{"embeddable":true,"href":"https:\/\/www.auspacekitchenware.com\/es\/wp-json\/wp\/v2\/comments?post=7415"}],"wp:featuredmedia":[{"embeddable":true,"href":"https:\/\/www.auspacekitchenware.com\/es\/wp-json\/wp\/v2\/media\/7416"}],"wp:attachment":[{"href":"https:\/\/www.auspacekitchenware.com\/es\/wp-json\/wp\/v2\/media?parent=7415"}],"wp:term":[{"taxonomy":"product_brand","embeddable":true,"href":"https:\/\/www.auspacekitchenware.com\/es\/wp-json\/wp\/v2\/product_brand?post=7415"},{"taxonomy":"product_cat","embeddable":true,"href":"https:\/\/www.auspacekitchenware.com\/es\/wp-json\/wp\/v2\/product_cat?post=7415"},{"taxonomy":"product_tag","embeddable":true,"href":"https:\/\/www.auspacekitchenware.com\/es\/wp-json\/wp\/v2\/product_tag?post=7415"}],"curies":[{"name":"wp","href":"https:\/\/api.w.org\/{rel}","templated":true}]}}